{"id":145711,"date":"2022-10-13T14:21:24","date_gmt":"2022-10-13T12:21:24","guid":{"rendered":"http:\/\/dev.claret.cat\/producte\/guia-denoturisme-de-catalunya\/"},"modified":"2026-04-16T17:21:23","modified_gmt":"2026-04-16T15:21:23","slug":"guia-denoturisme-de-catalunya-9788460850182","status":"publish","type":"product","link":"https:\/\/www.claret.cat\/es\/libro\/guia-denoturisme-de-catalunya-9788460850182\/","title":{"rendered":"GUIA D&#8217;ENOTURISME DE CATALUNYA"},"content":{"rendered":"<p>Una guia per rec\u00f3rrer les principals zones vitivin\u00edcoles del pa\u00eds (Alella, Pla de Bages, Barcelona ciutat, Pened\u00e8s, Empord\u00e0, Costers del Segre, Conca de Barber\u00e0, Priorat-Montsant, Tarragona i Terra Alta), a partir de 218 cellers, 166 restaurants, 170 allotjaments, 51 visites culturals i 93 enoteques.<\/p>\n","protected":false},"excerpt":{"rendered":"<p>TOLOSA PLANET, LLU\u00cdS<\/p>\n","protected":false},"featured_media":1097341,"template":"","meta":{"_acf_changed":false,"om_disable_all_campaigns":false,"rs_blank_template":"","rs_page_bg_color":"","slide_template_v7":"","inline_featured_image":false,"_monsterinsights_skip_tracking":false,"_monsterinsights_sitenote_active":false,"_monsterinsights_sitenote_note":"","_monsterinsights_sitenote_category":0},"product_brand":[],"product_cat":[553,103,557,107],"product_tag":[],"class_list":{"0":"post-145711","1":"product","2":"type-product","3":"status-publish","4":"has-post-thumbnail","6":"product_cat-cocina","7":"product_cat-cuina","8":"product_cat-guias-de-viaje","9":"product_cat-guies-de-viatge","11":"first","12":"outofstock","13":"taxable","14":"shipping-taxable","15":"purchasable","16":"product-type-simple"},"acf":{"autor":"TOLOSA PLANET, LLU\u00cdS","codart":"846085018","libros-coleccion":"","ediciones":"1","encuadernacion":"R\u00fastica","fecha_de_publicacion":"01\/06\/2018","novedad":"0","paginas":"320","subtitulo":"","orden":"0","portada":"0","idioma":"cat","editorial":[{"ID":147696,"post_author":"3","post_date":"2022-10-14 11:52:32","post_date_gmt":"2022-10-14 09:52:32","post_content":"","post_title":"David Jes\u00fas  Mart\u00ed Mart\u00ednez","post_excerpt":"","post_status":"publish","comment_status":"closed","ping_status":"closed","post_password":"","post_name":"david-jesus-marti-martinez","to_ping":"","pinged":"","post_modified":"2022-10-14 11:52:32","post_modified_gmt":"2022-10-14 09:52:32","post_content_filtered":"","post_parent":0,"guid":"http:\/\/dev.claret.cat\/editorial\/david-jesus-marti-martinez\/","menu_order":0,"post_type":"editorial","post_mime_type":"","comment_count":"0","filter":"raw"}],"autores-libros":[{"ID":162387,"post_author":"3","post_date":"2022-10-14 17:30:36","post_date_gmt":"2022-10-14 15:30:36","post_content":"","post_title":"LLU\u00cdS TOLOSA PLANET","post_excerpt":"","post_status":"publish","comment_status":"closed","ping_status":"closed","post_password":"","post_name":"lluis-tolosa-planet","to_ping":"","pinged":"","post_modified":"2022-10-14 17:30:36","post_modified_gmt":"2022-10-14 15:30:36","post_content_filtered":"","post_parent":0,"guid":"http:\/\/dev.claret.cat\/autor\/lluis-tolosa-planet\/","menu_order":0,"post_type":"autor","post_mime_type":"","comment_count":"0","filter":"raw"}],"booktrailer":"","resenas":""},"aioseo_notices":[],"_links":{"self":[{"href":"https:\/\/www.claret.cat\/es\/wp-json\/wp\/v2\/product\/145711","targetHints":{"allow":["GET"]}}],"collection":[{"href":"https:\/\/www.claret.cat\/es\/wp-json\/wp\/v2\/product"}],"about":[{"href":"https:\/\/www.claret.cat\/es\/wp-json\/wp\/v2\/types\/product"}],"wp:featuredmedia":[{"embeddable":true,"href":"https:\/\/www.claret.cat\/es\/wp-json\/wp\/v2\/media\/1097341"}],"wp:attachment":[{"href":"https:\/\/www.claret.cat\/es\/wp-json\/wp\/v2\/media?parent=145711"}],"wp:term":[{"taxonomy":"product_brand","embeddable":true,"href":"https:\/\/www.claret.cat\/es\/wp-json\/wp\/v2\/product_brand?post=145711"},{"taxonomy":"product_cat","embeddable":true,"href":"https:\/\/www.claret.cat\/es\/wp-json\/wp\/v2\/product_cat?post=145711"},{"taxonomy":"product_tag","embeddable":true,"href":"https:\/\/www.claret.cat\/es\/wp-json\/wp\/v2\/product_tag?post=145711"}],"curies":[{"name":"wp","href":"https:\/\/api.w.org\/{rel}","templated":true}]}}