{"id":145915,"date":"2022-10-13T14:24:43","date_gmt":"2022-10-13T12:24:43","guid":{"rendered":"http:\/\/dev.claret.cat\/producte\/envejecimiento-saludable\/"},"modified":"2023-01-28T22:52:34","modified_gmt":"2023-01-28T21:52:34","slug":"envejecimiento-saludable-9788490974278","status":"publish","type":"product","link":"https:\/\/www.claret.cat\/es\/libro\/envejecimiento-saludable-9788490974278\/","title":{"rendered":"ENVEJECIMIENTO SALUDABLE"},"content":{"rendered":"<p>Insertar dicha fase en el denominado Estado de bienestar es un reto social de gran importancia. La OMS ha definido el envejecimiento activo como \u201cel proceso de optimizaci\u00f3n de las oportunidades de salud, participaci\u00f3n y seguridad con el fin de mejorar la calidad de vida a medida que las personas envejecen. Se aplica tanto a los individuos como a los grupos de poblaci\u00f3n. Permite a las personas realizar su potencial de bienestar f\u00edsico, social y mental a lo largo de todo su ciclo vital y participar en la sociedad de acuerdo con sus necesidades, deseos y capacidades, mientras que les proporciona protecci\u00f3n, seguridad y cuidados adecuados cuando necesitan asistencia\u201d.<\/p>\n","protected":false},"excerpt":{"rendered":"<p>COMINO SANZ , IN\u00c9S MAR\u00cdA<\/p>\n","protected":false},"featured_media":145916,"template":"","meta":{"_acf_changed":false,"om_disable_all_campaigns":false,"rs_blank_template":"","rs_page_bg_color":"","slide_template_v7":"","inline_featured_image":false,"_monsterinsights_skip_tracking":false,"_monsterinsights_sitenote_active":false,"_monsterinsights_sitenote_note":"","_monsterinsights_sitenote_category":0},"product_brand":[],"product_cat":[97],"product_tag":[],"class_list":{"0":"post-145915","1":"product","2":"type-product","3":"status-publish","4":"has-post-thumbnail","6":"product_cat-salut","8":"first","9":"instock","10":"taxable","11":"shipping-taxable","12":"purchasable","13":"product-type-simple"},"acf":{"editorial":[{"ID":6287,"post_author":"3","post_date":"2022-07-28 17:48:57","post_date_gmt":"2022-07-28 15:48:57","post_content":"","post_title":"LIBROS DE LA CATARATA","post_excerpt":"","post_status":"publish","comment_status":"closed","ping_status":"closed","post_password":"","post_name":"libros-de-la-catarata","to_ping":"","pinged":"","post_modified":"2022-07-28 17:48:57","post_modified_gmt":"2022-07-28 15:48:57","post_content_filtered":"","post_parent":0,"guid":"http:\/\/dev.claret.cat\/editorial\/libros-de-la-catarata\/","menu_order":0,"post_type":"editorial","post_mime_type":"","comment_count":"0","filter":"raw"}],"autor":"COMINO SANZ , IN\u00c9S MAR\u00cdA","codart":"849097427","libros-coleccion":"M\u00e1s que salud","ediciones":"1","encuadernacion":"Carpeta","fecha_de_publicacion":"01\/11\/2018","novedad":"1","paginas":"109","subtitulo":"","orden":"0","portada":"0","idioma":"spa","autores-libros":[{"ID":157896,"post_author":"3","post_date":"2022-10-14 15:32:30","post_date_gmt":"2022-10-14 13:32:30","post_content":"","post_title":"IN\u00c9S MAR\u00cdA COMINO SANZ","post_excerpt":"","post_status":"publish","comment_status":"closed","ping_status":"closed","post_password":"","post_name":"ines-maria-comino-sanz","to_ping":"","pinged":"","post_modified":"2022-10-14 15:32:30","post_modified_gmt":"2022-10-14 13:32:30","post_content_filtered":"","post_parent":0,"guid":"http:\/\/dev.claret.cat\/autor\/ines-maria-comino-sanz\/","menu_order":0,"post_type":"autor","post_mime_type":"","comment_count":"0","filter":"raw"}]},"aioseo_notices":[],"_links":{"self":[{"href":"https:\/\/www.claret.cat\/es\/wp-json\/wp\/v2\/product\/145915","targetHints":{"allow":["GET"]}}],"collection":[{"href":"https:\/\/www.claret.cat\/es\/wp-json\/wp\/v2\/product"}],"about":[{"href":"https:\/\/www.claret.cat\/es\/wp-json\/wp\/v2\/types\/product"}],"wp:featuredmedia":[{"embeddable":true,"href":"https:\/\/www.claret.cat\/es\/wp-json\/wp\/v2\/media\/145916"}],"wp:attachment":[{"href":"https:\/\/www.claret.cat\/es\/wp-json\/wp\/v2\/media?parent=145915"}],"wp:term":[{"taxonomy":"product_brand","embeddable":true,"href":"https:\/\/www.claret.cat\/es\/wp-json\/wp\/v2\/product_brand?post=145915"},{"taxonomy":"product_cat","embeddable":true,"href":"https:\/\/www.claret.cat\/es\/wp-json\/wp\/v2\/product_cat?post=145915"},{"taxonomy":"product_tag","embeddable":true,"href":"https:\/\/www.claret.cat\/es\/wp-json\/wp\/v2\/product_tag?post=145915"}],"curies":[{"name":"wp","href":"https:\/\/api.w.org\/{rel}","templated":true}]}}