{"id":145924,"date":"2022-10-13T14:24:52","date_gmt":"2022-10-13T12:24:52","guid":{"rendered":"http:\/\/dev.claret.cat\/producte\/primula-prim\/"},"modified":"2023-01-28T11:21:52","modified_gmt":"2023-01-28T10:21:52","slug":"primula-prim-9788494724596","status":"publish","type":"product","link":"https:\/\/www.claret.cat\/es\/libro\/primula-prim-9788494724596\/","title":{"rendered":"PRIMULA PRIM"},"content":{"rendered":"<p>Primula Prim \u00e9s una hist\u00f2ria tan dol\u00e7a com un bon tros de past\u00eds de crema, com un grapat de bombons ben escollits, com un amor dol\u00e7. Per\u00f2 no \u00e9s una hist\u00f2ria embafadora. Per moments t\u00e9 un petit drama, despr\u00e9s un gran \u00e8xit i finalment una decisi\u00f3 inesperada. Primula Prim \u00e9s un conte amb molt bon gust, donat qu\u00e8 Catalina Gonz\u00e1lez li ha posat unes paraules delicioses i tamb\u00e9 amb molt bon veure, perqu\u00e8 Anna Castagnoli l&#8217;ha omplert de llum blava i daurada que el fa encantador. Una hist\u00f2ria que sembla vinguda de lluny, antiga, quan els contes ens portaven hist\u00f2ries de f\u00f3rmules m\u00e0giques, d&#8217;animals que parlen, de festes sense fi al voltant de magn\u00edfics dol\u00e7os.<\/p>\n","protected":false},"excerpt":{"rendered":"<p>GONZ\u00c1LEZ VILAR, CATALINA<\/p>\n","protected":false},"featured_media":145925,"template":"","meta":{"_acf_changed":false,"om_disable_all_campaigns":false,"rs_blank_template":"","rs_page_bg_color":"","slide_template_v7":"","inline_featured_image":false,"_monsterinsights_skip_tracking":false,"_monsterinsights_sitenote_active":false,"_monsterinsights_sitenote_note":"","_monsterinsights_sitenote_category":0},"product_brand":[],"product_cat":[16],"product_tag":[],"class_list":{"0":"post-145924","1":"product","2":"type-product","3":"status-publish","4":"has-post-thumbnail","6":"product_cat-sense-categoria","8":"first","9":"instock","10":"taxable","11":"shipping-taxable","12":"purchasable","13":"product-type-simple"},"acf":{"editorial":[{"ID":148464,"post_author":"3","post_date":"2022-10-14 11:58:27","post_date_gmt":"2022-10-14 09:58:27","post_content":"","post_title":"LOS CUATRO AZULES","post_excerpt":"","post_status":"publish","comment_status":"closed","ping_status":"closed","post_password":"","post_name":"los-cuatro-azules","to_ping":"","pinged":"","post_modified":"2022-10-14 11:58:27","post_modified_gmt":"2022-10-14 09:58:27","post_content_filtered":"","post_parent":0,"guid":"http:\/\/dev.claret.cat\/editorial\/los-cuatro-azules\/","menu_order":0,"post_type":"editorial","post_mime_type":"","comment_count":"0","filter":"raw"}],"autor":"GONZ\u00c1LEZ VILAR, CATALINA","codart":"849472459","libros-coleccion":"","ediciones":"1","encuadernacion":"Carton\u00e9","fecha_de_publicacion":"01\/10\/2018","novedad":"1","paginas":"35","subtitulo":"","orden":"0","portada":"0","idioma":"cat","autores-libros":[{"ID":152563,"post_author":"3","post_date":"2022-10-14 14:49:46","post_date_gmt":"2022-10-14 12:49:46","post_content":"","post_title":"CATALINA GONZ\u00c1LEZ VILAR","post_excerpt":"","post_status":"publish","comment_status":"closed","ping_status":"closed","post_password":"","post_name":"catalina-gonzalez-vilar","to_ping":"","pinged":"","post_modified":"2022-10-14 14:49:46","post_modified_gmt":"2022-10-14 12:49:46","post_content_filtered":"","post_parent":0,"guid":"http:\/\/dev.claret.cat\/autor\/catalina-gonzalez-vilar\/","menu_order":0,"post_type":"autor","post_mime_type":"","comment_count":"0","filter":"raw"}]},"aioseo_notices":[],"_links":{"self":[{"href":"https:\/\/www.claret.cat\/es\/wp-json\/wp\/v2\/product\/145924","targetHints":{"allow":["GET"]}}],"collection":[{"href":"https:\/\/www.claret.cat\/es\/wp-json\/wp\/v2\/product"}],"about":[{"href":"https:\/\/www.claret.cat\/es\/wp-json\/wp\/v2\/types\/product"}],"wp:featuredmedia":[{"embeddable":true,"href":"https:\/\/www.claret.cat\/es\/wp-json\/wp\/v2\/media\/145925"}],"wp:attachment":[{"href":"https:\/\/www.claret.cat\/es\/wp-json\/wp\/v2\/media?parent=145924"}],"wp:term":[{"taxonomy":"product_brand","embeddable":true,"href":"https:\/\/www.claret.cat\/es\/wp-json\/wp\/v2\/product_brand?post=145924"},{"taxonomy":"product_cat","embeddable":true,"href":"https:\/\/www.claret.cat\/es\/wp-json\/wp\/v2\/product_cat?post=145924"},{"taxonomy":"product_tag","embeddable":true,"href":"https:\/\/www.claret.cat\/es\/wp-json\/wp\/v2\/product_tag?post=145924"}],"curies":[{"name":"wp","href":"https:\/\/api.w.org\/{rel}","templated":true}]}}