{"id":145948,"date":"2022-10-13T14:25:17","date_gmt":"2022-10-13T12:25:17","guid":{"rendered":"http:\/\/dev.claret.cat\/producte\/tartas-saladas\/"},"modified":"2025-02-04T18:01:23","modified_gmt":"2025-02-04T17:01:23","slug":"tartas-saladas-9788491870623","status":"publish","type":"product","link":"https:\/\/www.claret.cat\/es\/libro\/tartas-saladas-9788491870623\/","title":{"rendered":"TARTAS SALADAS"},"content":{"rendered":"<p>\u00a1Prepara deliciosas tartas saladas durante todo el a\u00f1o! \u00bfQuieres sorprender a tus invitados y familiares con tus quiches, tartas y empanadas? Entonces, este recetario es para ti. Cada estaci\u00f3n nos ofrece sus verduras y hortalizas. \u00bfY qu\u00e9 mejor que disfrutar de ellas en temporada y con una presentaci\u00f3n original? Con estas propuestas triunfar\u00e1s en comidas campestres, reuniones, aperitivos&#8230; \u00a1Manos a la obra (o a la masa)!<\/p>\n","protected":false},"excerpt":{"rendered":"<p>REDACCI\u00d3N RBA LIBROS, S.A.<\/p>\n","protected":false},"featured_media":145949,"template":"","meta":{"_acf_changed":false,"om_disable_all_campaigns":false,"rs_blank_template":"","rs_page_bg_color":"","slide_template_v7":"","inline_featured_image":false,"_monsterinsights_skip_tracking":false,"_monsterinsights_sitenote_active":false,"_monsterinsights_sitenote_note":"","_monsterinsights_sitenote_category":0},"product_brand":[],"product_cat":[553,103],"product_tag":[],"class_list":{"0":"post-145948","1":"product","2":"type-product","3":"status-publish","4":"has-post-thumbnail","6":"product_cat-cocina","7":"product_cat-cuina","9":"first","10":"instock","11":"taxable","12":"shipping-taxable","13":"purchasable","14":"product-type-simple"},"acf":{"editorial":[{"ID":148737,"post_author":"3","post_date":"2022-10-14 12:00:35","post_date_gmt":"2022-10-14 10:00:35","post_content":"","post_title":"RBA Libros","post_excerpt":"","post_status":"publish","comment_status":"closed","ping_status":"closed","post_password":"","post_name":"rba-libros","to_ping":"","pinged":"","post_modified":"2022-10-14 12:00:35","post_modified_gmt":"2022-10-14 10:00:35","post_content_filtered":"","post_parent":0,"guid":"http:\/\/dev.claret.cat\/editorial\/rba-libros\/","menu_order":0,"post_type":"editorial","post_mime_type":"","comment_count":"0","filter":"raw"}],"autor":"REDACCI\u00d3N RBA LIBROS, S.A.","codart":"849187062","libros-coleccion":"PRACTICA","ediciones":"1","encuadernacion":"R\u00fastica","fecha_de_publicacion":"01\/11\/2018","novedad":"1","paginas":"120","subtitulo":"","orden":"0","portada":"0","idioma":"spa","autores-libros":[{"ID":168748,"post_author":"3","post_date":"2022-10-14 22:21:37","post_date_gmt":"2022-10-14 20:21:37","post_content":"","post_title":"S.A. REDACCION RBA LIBROS","post_excerpt":"","post_status":"publish","comment_status":"closed","ping_status":"closed","post_password":"","post_name":"s-a-redaccion-rba-libros","to_ping":"","pinged":"","post_modified":"2022-10-14 22:21:37","post_modified_gmt":"2022-10-14 20:21:37","post_content_filtered":"","post_parent":0,"guid":"http:\/\/dev.claret.cat\/autor\/s-a-redaccion-rba-libros\/","menu_order":0,"post_type":"autor","post_mime_type":"","comment_count":"0","filter":"raw"}]},"aioseo_notices":[],"_links":{"self":[{"href":"https:\/\/www.claret.cat\/es\/wp-json\/wp\/v2\/product\/145948","targetHints":{"allow":["GET"]}}],"collection":[{"href":"https:\/\/www.claret.cat\/es\/wp-json\/wp\/v2\/product"}],"about":[{"href":"https:\/\/www.claret.cat\/es\/wp-json\/wp\/v2\/types\/product"}],"wp:featuredmedia":[{"embeddable":true,"href":"https:\/\/www.claret.cat\/es\/wp-json\/wp\/v2\/media\/145949"}],"wp:attachment":[{"href":"https:\/\/www.claret.cat\/es\/wp-json\/wp\/v2\/media?parent=145948"}],"wp:term":[{"taxonomy":"product_brand","embeddable":true,"href":"https:\/\/www.claret.cat\/es\/wp-json\/wp\/v2\/product_brand?post=145948"},{"taxonomy":"product_cat","embeddable":true,"href":"https:\/\/www.claret.cat\/es\/wp-json\/wp\/v2\/product_cat?post=145948"},{"taxonomy":"product_tag","embeddable":true,"href":"https:\/\/www.claret.cat\/es\/wp-json\/wp\/v2\/product_tag?post=145948"}],"curies":[{"name":"wp","href":"https:\/\/api.w.org\/{rel}","templated":true}]}}