{"id":145957,"date":"2022-10-13T14:25:26","date_gmt":"2022-10-13T12:25:26","guid":{"rendered":"http:\/\/dev.claret.cat\/producte\/laysel-i-el-cavall-encantat\/"},"modified":"2024-05-23T02:23:58","modified_gmt":"2024-05-23T00:23:58","slug":"laysel-i-el-cavall-encantat-9788491910237","status":"publish","type":"product","link":"https:\/\/www.claret.cat\/es\/libro\/laysel-i-el-cavall-encantat-9788491910237\/","title":{"rendered":"L&#8217;AYSEL I EL CAVALL ENCANTAT"},"content":{"rendered":"<p>Ja fa molts anys, en una ciutat de Turquia, un cavall es va enamorar d&#8217;una noia. S\u00ed, ho heu llegit b\u00e9! Un cavall! Per\u00f2&#8230; segur que era un cavall?  A cavall de tres gran continents, la mar Mediterr\u00e0nia ha vist cr\u00e9ixer les civilitzacions m\u00e9s importants de la hist\u00f2ria d&#8217;Occident. A banda i banda d&#8217;aquesta mar, els pobles que han habitat les seves ribes han explicat hist\u00f2ries, llegendes i contes amb tota mena de personatges i situacions.   Els contes d&#8217;aquesta col\u00b7lecci\u00f3 recorden i valoren la gent i el paisatge de molts pa\u00efsos que viuen i somnien abocats a aquesta mar, culturalment tan rica, tan amena\u00e7ada per la sobrepesca, l&#8217;escalfament, les deixalles i la di\u00e0spora de milers de persones que fugint de la fam i de la guerra moren ofegades en les seves aig\u00fces.<\/p>\n","protected":false},"excerpt":{"rendered":"<p>GINESTA, MONTSE; ZACARIAS, BETANIA<\/p>\n","protected":false},"featured_media":361684,"template":"","meta":{"_acf_changed":false,"om_disable_all_campaigns":false,"rs_blank_template":"","rs_page_bg_color":"","slide_template_v7":"","inline_featured_image":false,"_monsterinsights_skip_tracking":false,"_monsterinsights_sitenote_active":false,"_monsterinsights_sitenote_note":"","_monsterinsights_sitenote_category":0},"product_brand":[],"product_cat":[86,352],"product_tag":[],"class_list":{"0":"post-145957","1":"product","2":"type-product","3":"status-publish","4":"has-post-thumbnail","6":"product_cat-infantil","7":"product_cat-infantil-3_infantil-juvenil-spa","9":"first","10":"instock","11":"taxable","12":"shipping-taxable","13":"purchasable","14":"product-type-simple"},"acf":{"editorial":[{"ID":8266,"post_author":"3","post_date":"2022-09-30 09:21:36","post_date_gmt":"2022-09-30 07:21:36","post_content":"","post_title":"PUBLICACIONS DE L'ABADIA DE MONTSERRAT","post_excerpt":"","post_status":"publish","comment_status":"closed","ping_status":"closed","post_password":"","post_name":"publicacions-de-labadia-de-montserrat-5","to_ping":"","pinged":"","post_modified":"2022-09-30 09:21:36","post_modified_gmt":"2022-09-30 07:21:36","post_content_filtered":"","post_parent":0,"guid":"http:\/\/dev.claret.cat\/editorial\/publicacions-de-labadia-de-montserrat-5\/","menu_order":0,"post_type":"editorial","post_mime_type":"","comment_count":"0","filter":"raw"}],"autor":"GINESTA, MONTSE; ZACARIAS, BETANIA","codart":"849191023","libros-coleccion":"Contes de la Mediterr\u00e0nia","ediciones":"1","encuadernacion":"R\u00fastica","fecha_de_publicacion":"15\/11\/2018","novedad":"1","paginas":"28","subtitulo":"","orden":"0","portada":"0","idioma":"cat","autores-libros":[{"ID":151675,"post_author":"3","post_date":"2022-10-14 14:42:45","post_date_gmt":"2022-10-14 12:42:45","post_content":"","post_title":"BETANIA ZACARIAS","post_excerpt":"","post_status":"publish","comment_status":"closed","ping_status":"closed","post_password":"","post_name":"betania-zacarias","to_ping":"","pinged":"","post_modified":"2022-10-14 14:42:45","post_modified_gmt":"2022-10-14 12:42:45","post_content_filtered":"","post_parent":0,"guid":"http:\/\/dev.claret.cat\/autor\/betania-zacarias\/","menu_order":0,"post_type":"autor","post_mime_type":"","comment_count":"0","filter":"raw"},{"ID":165391,"post_author":"3","post_date":"2022-10-14 17:54:48","post_date_gmt":"2022-10-14 15:54:48","post_content":"","post_title":"MONTSE GINESTA","post_excerpt":"","post_status":"publish","comment_status":"closed","ping_status":"closed","post_password":"","post_name":"montse-ginesta","to_ping":"","pinged":"","post_modified":"2022-10-14 17:54:48","post_modified_gmt":"2022-10-14 15:54:48","post_content_filtered":"","post_parent":0,"guid":"http:\/\/dev.claret.cat\/autor\/montse-ginesta\/","menu_order":0,"post_type":"autor","post_mime_type":"","comment_count":"0","filter":"raw"}]},"aioseo_notices":[],"_links":{"self":[{"href":"https:\/\/www.claret.cat\/es\/wp-json\/wp\/v2\/product\/145957","targetHints":{"allow":["GET"]}}],"collection":[{"href":"https:\/\/www.claret.cat\/es\/wp-json\/wp\/v2\/product"}],"about":[{"href":"https:\/\/www.claret.cat\/es\/wp-json\/wp\/v2\/types\/product"}],"wp:featuredmedia":[{"embeddable":true,"href":"https:\/\/www.claret.cat\/es\/wp-json\/wp\/v2\/media\/361684"}],"wp:attachment":[{"href":"https:\/\/www.claret.cat\/es\/wp-json\/wp\/v2\/media?parent=145957"}],"wp:term":[{"taxonomy":"product_brand","embeddable":true,"href":"https:\/\/www.claret.cat\/es\/wp-json\/wp\/v2\/product_brand?post=145957"},{"taxonomy":"product_cat","embeddable":true,"href":"https:\/\/www.claret.cat\/es\/wp-json\/wp\/v2\/product_cat?post=145957"},{"taxonomy":"product_tag","embeddable":true,"href":"https:\/\/www.claret.cat\/es\/wp-json\/wp\/v2\/product_tag?post=145957"}],"curies":[{"name":"wp","href":"https:\/\/api.w.org\/{rel}","templated":true}]}}