{"id":145996,"date":"2022-10-13T14:26:04","date_gmt":"2022-10-13T12:26:04","guid":{"rendered":"http:\/\/dev.claret.cat\/producte\/pintas-mucho\/"},"modified":"2023-01-28T06:32:05","modified_gmt":"2023-01-28T05:32:05","slug":"pintas-mucho-9788409005796","status":"publish","type":"product","link":"https:\/\/www.claret.cat\/es\/libro\/pintas-mucho-9788409005796\/","title":{"rendered":"PINTAS MUCHO"},"content":{"rendered":"<p>\u201cPintas mucho\u201d es la historia de cuatro talleres de ilustraci\u00f3n impartidos por Flavita Banana, Cristina Bueno, Monstruo Espagueti y Lyona pero, sobretodo, es el relato que nos permite adentrarnos en el mundo del acogimiento familiar y conocer que \u00e9s un CRAE, qu\u00e9 significa acoger y qu\u00e9 ser una familia de acogida. Todo ello a trav\u00e9s de las ilustraciones y experiencias de sus protagonistas: los chicos y chicas que compartieron con las artistas su cotidianidad, sus deseos y sus sue\u00f1os. Son ell@s quienes pintaron mucho y son ell@s tambi\u00e9n los que, a trav\u00e9s de las cuatro artistas nos recuerdan que en el acogimiento familiar nosotros, t\u00fa y yo, pintamos mucho.<\/p>\n","protected":false},"excerpt":{"rendered":"<p>FLAVITA BANANA \/ CRISTINA BUENO \/ MONSTRUO ESPAGUETI \/ LYONA<\/p>\n","protected":false},"featured_media":145997,"template":"","meta":{"_acf_changed":false,"om_disable_all_campaigns":false,"rs_blank_template":"","rs_page_bg_color":"","slide_template_v7":"","inline_featured_image":false,"_monsterinsights_skip_tracking":false,"_monsterinsights_sitenote_active":false,"_monsterinsights_sitenote_note":"","_monsterinsights_sitenote_category":0},"product_brand":[],"product_cat":[114],"product_tag":[],"class_list":{"0":"post-145996","1":"product","2":"type-product","3":"status-publish","4":"has-post-thumbnail","6":"product_cat-humor-grafic","8":"first","9":"instock","10":"taxable","11":"shipping-taxable","12":"purchasable","13":"product-type-simple"},"acf":{"editorial":[{"ID":148839,"post_author":"3","post_date":"2022-10-14 12:01:23","post_date_gmt":"2022-10-14 10:01:23","post_content":"","post_title":"Stendhal Books","post_excerpt":"","post_status":"publish","comment_status":"closed","ping_status":"closed","post_password":"","post_name":"stendhal-books","to_ping":"","pinged":"","post_modified":"2022-10-14 12:01:23","post_modified_gmt":"2022-10-14 10:01:23","post_content_filtered":"","post_parent":0,"guid":"http:\/\/dev.claret.cat\/editorial\/stendhal-books\/","menu_order":0,"post_type":"editorial","post_mime_type":"","comment_count":"0","filter":"raw"}],"autores-libros":[{"ID":155982,"post_author":"3","post_date":"2022-10-14 15:17:10","post_date_gmt":"2022-10-14 13:17:10","post_content":"","post_title":"FLAVITA BANANA","post_excerpt":"","post_status":"publish","comment_status":"closed","ping_status":"closed","post_password":"","post_name":"flavita-banana-2","to_ping":"","pinged":"","post_modified":"2022-10-14 15:17:10","post_modified_gmt":"2022-10-14 13:17:10","post_content_filtered":"","post_parent":0,"guid":"http:\/\/dev.claret.cat\/autor\/flavita-banana-2\/","menu_order":0,"post_type":"autor","post_mime_type":"","comment_count":"0","filter":"raw"},{"ID":153323,"post_author":"3","post_date":"2022-10-14 14:55:51","post_date_gmt":"2022-10-14 12:55:51","post_content":"","post_title":"CRISTINA BUENO","post_excerpt":"","post_status":"publish","comment_status":"closed","ping_status":"closed","post_password":"","post_name":"cristina-bueno","to_ping":"","pinged":"","post_modified":"2022-10-14 14:55:51","post_modified_gmt":"2022-10-14 12:55:51","post_content_filtered":"","post_parent":0,"guid":"http:\/\/dev.claret.cat\/autor\/cristina-bueno\/","menu_order":0,"post_type":"autor","post_mime_type":"","comment_count":"0","filter":"raw"},{"ID":165362,"post_author":"3","post_date":"2022-10-14 17:54:34","post_date_gmt":"2022-10-14 15:54:34","post_content":"","post_title":"MONSTRUO ESPAGUETI","post_excerpt":"","post_status":"publish","comment_status":"closed","ping_status":"closed","post_password":"","post_name":"monstruo-espagueti","to_ping":"","pinged":"","post_modified":"2022-10-14 17:54:34","post_modified_gmt":"2022-10-14 15:54:34","post_content_filtered":"","post_parent":0,"guid":"http:\/\/dev.claret.cat\/autor\/monstruo-espagueti\/","menu_order":0,"post_type":"autor","post_mime_type":"","comment_count":"0","filter":"raw"},{"ID":162844,"post_author":"3","post_date":"2022-10-14 17:34:15","post_date_gmt":"2022-10-14 15:34:15","post_content":"","post_title":"LYONA","post_excerpt":"","post_status":"publish","comment_status":"closed","ping_status":"closed","post_password":"","post_name":"lyona","to_ping":"","pinged":"","post_modified":"2022-10-14 17:34:15","post_modified_gmt":"2022-10-14 15:34:15","post_content_filtered":"","post_parent":0,"guid":"http:\/\/dev.claret.cat\/autor\/lyona\/","menu_order":0,"post_type":"autor","post_mime_type":"","comment_count":"0","filter":"raw"}],"autor":"FLAVITA BANANA \/ CRISTINA BUENO \/ MONSTRUO ESPAGUETI \/ LYONA","codart":"840900579","libros-coleccion":"","ediciones":"1","encuadernacion":"R\u00fastica","fecha_de_publicacion":"01\/11\/2018","novedad":"1","paginas":"0","subtitulo":"UNA HISTORIA SOBRE EL ACOGIMIENTO FAMILIAR","orden":"0","portada":"0","idioma":"spa"},"aioseo_notices":[],"_links":{"self":[{"href":"https:\/\/www.claret.cat\/es\/wp-json\/wp\/v2\/product\/145996","targetHints":{"allow":["GET"]}}],"collection":[{"href":"https:\/\/www.claret.cat\/es\/wp-json\/wp\/v2\/product"}],"about":[{"href":"https:\/\/www.claret.cat\/es\/wp-json\/wp\/v2\/types\/product"}],"wp:featuredmedia":[{"embeddable":true,"href":"https:\/\/www.claret.cat\/es\/wp-json\/wp\/v2\/media\/145997"}],"wp:attachment":[{"href":"https:\/\/www.claret.cat\/es\/wp-json\/wp\/v2\/media?parent=145996"}],"wp:term":[{"taxonomy":"product_brand","embeddable":true,"href":"https:\/\/www.claret.cat\/es\/wp-json\/wp\/v2\/product_brand?post=145996"},{"taxonomy":"product_cat","embeddable":true,"href":"https:\/\/www.claret.cat\/es\/wp-json\/wp\/v2\/product_cat?post=145996"},{"taxonomy":"product_tag","embeddable":true,"href":"https:\/\/www.claret.cat\/es\/wp-json\/wp\/v2\/product_tag?post=145996"}],"curies":[{"name":"wp","href":"https:\/\/api.w.org\/{rel}","templated":true}]}}