{"id":146011,"date":"2022-10-13T14:26:18","date_gmt":"2022-10-13T12:26:18","guid":{"rendered":"http:\/\/dev.claret.cat\/producte\/31-dies-exercicis-descriptura-creativa-vol-ii\/"},"modified":"2026-01-20T09:46:55","modified_gmt":"2026-01-20T08:46:55","slug":"31-dies-exercicis-descriptura-creativa-vol-ii-9788476289280","status":"publish","type":"product","link":"https:\/\/www.claret.cat\/es\/libro\/31-dies-exercicis-descriptura-creativa-vol-ii-9788476289280\/","title":{"rendered":"31 DIES EXERCICIS D&#8217;ESCRIPTURA CREATIVA VOL. II"},"content":{"rendered":"<p>Hola! Ben retornat! Si has arribat fins aqui vol dir que encara tens set d&#8217;idees per alimentar la teva creativitat. Ara que ja has exercitat la imaginaci\u00f3 amb els primers 31 dies d&#8217;exercicis, no et rovellis i continua la teva experi\u00e8ncia literaria. Hem omplert aquest segon volum amb 3 nous reptes creatius que no et deixaran indiferent, que t&#8217;incitaran a exprimir la imaginaci\u00f3 i dels quals poden sorgir grans hist\u00f2ries. Esperem que et portin ben lluny i que gaudeixis del cam\u00ed. I, si has aterrat en aquest segon volum sense con\u00e8ixer el primer, inverteix les regles i comen\u00e7a per aqu\u00ed! Pensat des del Laboratori de Lletres per a tothom que gaudeix escrivint.<\/p>\n","protected":false},"excerpt":{"rendered":"<p>A.A.V.V.<\/p>\n","protected":false},"featured_media":1074610,"template":"","meta":{"_acf_changed":false,"om_disable_all_campaigns":false,"rs_blank_template":"","rs_page_bg_color":"","slide_template_v7":"","inline_featured_image":false,"_monsterinsights_skip_tracking":false,"_monsterinsights_sitenote_active":false,"_monsterinsights_sitenote_note":"","_monsterinsights_sitenote_category":0},"product_brand":[],"product_cat":[90,540],"product_tag":[],"class_list":{"0":"post-146011","1":"product","2":"type-product","3":"status-publish","4":"has-post-thumbnail","6":"product_cat-altres","7":"product_cat-otros","9":"first","10":"outofstock","11":"taxable","12":"shipping-taxable","13":"purchasable","14":"product-type-simple"},"acf":{"autores-libros":[{"ID":5196,"post_author":"3","post_date":"2022-07-28 17:16:50","post_date_gmt":"2022-07-28 15:16:50","post_content":"","post_title":"A.A.V.V.","post_excerpt":"","post_status":"publish","comment_status":"closed","ping_status":"closed","post_password":"","post_name":"a-a-v-v","to_ping":"","pinged":"","post_modified":"2022-07-28 17:16:50","post_modified_gmt":"2022-07-28 15:16:50","post_content_filtered":"","post_parent":0,"guid":"http:\/\/dev.claret.cat\/autor\/a-a-v-v\/","menu_order":0,"post_type":"autor","post_mime_type":"","comment_count":"0","filter":"raw"}],"autor":"A.A.V.V.","codart":"847628928","libros-coleccion":"","ediciones":"1","encuadernacion":"R\u00fastica","fecha_de_publicacion":"01\/09\/2018","novedad":"0","paginas":"72","subtitulo":"","orden":"0","portada":"0","idioma":"cat","editorial":[{"ID":147702,"post_author":"3","post_date":"2022-10-14 11:52:35","post_date_gmt":"2022-10-14 09:52:35","post_content":"","post_title":"DEL SERBAL, EDICIONES","post_excerpt":"","post_status":"publish","comment_status":"closed","ping_status":"closed","post_password":"","post_name":"del-serbal-ediciones","to_ping":"","pinged":"","post_modified":"2022-10-14 11:52:35","post_modified_gmt":"2022-10-14 09:52:35","post_content_filtered":"","post_parent":0,"guid":"http:\/\/dev.claret.cat\/editorial\/del-serbal-ediciones\/","menu_order":0,"post_type":"editorial","post_mime_type":"","comment_count":"0","filter":"raw"}],"booktrailer":"","resenas":""},"aioseo_notices":[],"_links":{"self":[{"href":"https:\/\/www.claret.cat\/es\/wp-json\/wp\/v2\/product\/146011","targetHints":{"allow":["GET"]}}],"collection":[{"href":"https:\/\/www.claret.cat\/es\/wp-json\/wp\/v2\/product"}],"about":[{"href":"https:\/\/www.claret.cat\/es\/wp-json\/wp\/v2\/types\/product"}],"wp:featuredmedia":[{"embeddable":true,"href":"https:\/\/www.claret.cat\/es\/wp-json\/wp\/v2\/media\/1074610"}],"wp:attachment":[{"href":"https:\/\/www.claret.cat\/es\/wp-json\/wp\/v2\/media?parent=146011"}],"wp:term":[{"taxonomy":"product_brand","embeddable":true,"href":"https:\/\/www.claret.cat\/es\/wp-json\/wp\/v2\/product_brand?post=146011"},{"taxonomy":"product_cat","embeddable":true,"href":"https:\/\/www.claret.cat\/es\/wp-json\/wp\/v2\/product_cat?post=146011"},{"taxonomy":"product_tag","embeddable":true,"href":"https:\/\/www.claret.cat\/es\/wp-json\/wp\/v2\/product_tag?post=146011"}],"curies":[{"name":"wp","href":"https:\/\/api.w.org\/{rel}","templated":true}]}}