{"id":146104,"date":"2022-10-13T14:27:48","date_gmt":"2022-10-13T12:27:48","guid":{"rendered":"http:\/\/dev.claret.cat\/producte\/ramir-el-boxejador\/"},"modified":"2023-05-12T14:32:12","modified_gmt":"2023-05-12T12:32:12","slug":"ramir-el-boxejador-9788417497040","status":"publish","type":"product","link":"https:\/\/www.claret.cat\/es\/libro\/ramir-el-boxejador-9788417497040\/","title":{"rendered":"RAMIR, EL BOXEJADOR"},"content":{"rendered":"<p>En Ramir \u00e9s descendent dels millors boxejadors i boxejadores de tots els temps. El seu somni \u00e9s poder penjar el seu retrat al Mur dels Campions i veure que la fam\u00edlia se sent orgullosa d&#8217;ell. Per\u00f2 hi ha un petit problema: en Ramir no vol pegar a ning\u00fa.<br \/> &#8211; Un \u00e0lbum il\u00b7lustrat per a nens i nenes per aprendre a NO utilzar la viol\u00e8ncia.<br \/> &#8211; Una hist\u00f2ria per treballar amb els m\u00e9s petits la resoluci\u00f3 de conflictes.<\/p>\n","protected":false},"excerpt":{"rendered":"<p>BOU, LIRIOS<\/p>\n","protected":false},"featured_media":146105,"template":"","meta":{"_acf_changed":false,"om_disable_all_campaigns":false,"rs_blank_template":"","rs_page_bg_color":"","slide_template_v7":"","inline_featured_image":false,"_monsterinsights_skip_tracking":false,"_monsterinsights_sitenote_active":false,"_monsterinsights_sitenote_note":"","_monsterinsights_sitenote_category":0},"product_brand":[],"product_cat":[90,540],"product_tag":[],"class_list":{"0":"post-146104","1":"product","2":"type-product","3":"status-publish","4":"has-post-thumbnail","6":"product_cat-altres","7":"product_cat-otros","9":"first","10":"instock","11":"taxable","12":"shipping-taxable","13":"purchasable","14":"product-type-simple"},"acf":{"autor":"BOU, LIRIOS","codart":"841749704","libros-coleccion":"\u00c1lbum Locomotora","ediciones":"1","encuadernacion":"Carton\u00e9","fecha_de_publicacion":"01\/10\/2018","novedad":"1","paginas":"45","subtitulo":"","orden":"0","portada":"0","idioma":"spa","editorial":[{"ID":147439,"post_author":"3","post_date":"2022-10-14 11:50:35","post_date_gmt":"2022-10-14 09:50:35","post_content":"","post_title":"Andana Editorial","post_excerpt":"","post_status":"publish","comment_status":"closed","ping_status":"closed","post_password":"","post_name":"andana-editorial","to_ping":"","pinged":"","post_modified":"2022-10-14 11:50:35","post_modified_gmt":"2022-10-14 09:50:35","post_content_filtered":"","post_parent":0,"guid":"http:\/\/dev.claret.cat\/editorial\/andana-editorial\/","menu_order":0,"post_type":"editorial","post_mime_type":"","comment_count":"0","filter":"raw"}],"autores-libros":[{"ID":162252,"post_author":"3","post_date":"2022-10-14 17:29:33","post_date_gmt":"2022-10-14 15:29:33","post_content":"","post_title":"LIRIOS BOU","post_excerpt":"","post_status":"publish","comment_status":"closed","ping_status":"closed","post_password":"","post_name":"lirios-bou","to_ping":"","pinged":"","post_modified":"2022-10-14 17:29:33","post_modified_gmt":"2022-10-14 15:29:33","post_content_filtered":"","post_parent":0,"guid":"http:\/\/dev.claret.cat\/autor\/lirios-bou\/","menu_order":0,"post_type":"autor","post_mime_type":"","comment_count":"0","filter":"raw"}]},"aioseo_notices":[],"_links":{"self":[{"href":"https:\/\/www.claret.cat\/es\/wp-json\/wp\/v2\/product\/146104","targetHints":{"allow":["GET"]}}],"collection":[{"href":"https:\/\/www.claret.cat\/es\/wp-json\/wp\/v2\/product"}],"about":[{"href":"https:\/\/www.claret.cat\/es\/wp-json\/wp\/v2\/types\/product"}],"wp:featuredmedia":[{"embeddable":true,"href":"https:\/\/www.claret.cat\/es\/wp-json\/wp\/v2\/media\/146105"}],"wp:attachment":[{"href":"https:\/\/www.claret.cat\/es\/wp-json\/wp\/v2\/media?parent=146104"}],"wp:term":[{"taxonomy":"product_brand","embeddable":true,"href":"https:\/\/www.claret.cat\/es\/wp-json\/wp\/v2\/product_brand?post=146104"},{"taxonomy":"product_cat","embeddable":true,"href":"https:\/\/www.claret.cat\/es\/wp-json\/wp\/v2\/product_cat?post=146104"},{"taxonomy":"product_tag","embeddable":true,"href":"https:\/\/www.claret.cat\/es\/wp-json\/wp\/v2\/product_tag?post=146104"}],"curies":[{"name":"wp","href":"https:\/\/api.w.org\/{rel}","templated":true}]}}