{"id":146140,"date":"2022-10-13T14:28:23","date_gmt":"2022-10-13T12:28:23","guid":{"rendered":"http:\/\/dev.claret.cat\/producte\/tu-ano-perfecto\/"},"modified":"2026-02-23T11:25:48","modified_gmt":"2026-02-23T10:25:48","slug":"tu-ano-perfecto-9788416087808","status":"publish","type":"product","link":"https:\/\/www.claret.cat\/es\/libro\/tu-ano-perfecto-9788416087808\/","title":{"rendered":"TU A\u00d1O PERFECTO"},"content":{"rendered":"<p>Una historia conmovedora sobre las peque\u00f1as cosas que hacen que la vida valga la pena.<br \/>A sus cuarenta y dos a\u00f1os, Jonathan Grief es un hombre rico, aunque no necesariamente feliz. Es propietario de una lujosa casa en Hamburgo y heredero de una exitosa editorial, pero su rol en la empresa es meramente simb\u00f3lico. Desde su divorcio, la vida de Jonathan se centra en dos aspectos: seguir unos h\u00e1bitos altamente saludables y enviar todo tipo de quejas a la prensa. El uno de enero encuentra una bolsa en el manillar de su bicicleta y en el interior descubre una agenda para el a\u00f1o nuevo con el t\u00edtulo Tu a\u00f1o perfecto, que incluye actividades o simplemente una hora y una direcci\u00f3n. Con la idea de encontrar al leg\u00edtimo due\u00f1o de la agenda, acude a la primera cita. Jonathan ignora que el destinatario de esta agenda es en realidad un hombre llamado Simon. A su novia, Hannah, educadora infantil y optimista empedernida, se le ocurre hacerle este regalo cuando Simon le anuncia que quiere dejar su relaci\u00f3n porque padece una grave enfermedad y no quiere convertirse en una carga para ella.<\/p>\n","protected":false},"excerpt":{"rendered":"<p>LUCAS, CHARLOTTE<\/p>\n","protected":false},"featured_media":1085481,"template":"","meta":{"_acf_changed":false,"om_disable_all_campaigns":false,"rs_blank_template":"","rs_page_bg_color":"","slide_template_v7":"","inline_featured_image":false,"_monsterinsights_skip_tracking":false,"_monsterinsights_sitenote_active":false,"_monsterinsights_sitenote_note":"","_monsterinsights_sitenote_category":0},"product_brand":[],"product_cat":[87,353],"product_tag":[],"class_list":{"0":"post-146140","1":"product","2":"type-product","3":"status-publish","4":"has-post-thumbnail","6":"product_cat-literatura","7":"product_cat-literatura-2_humanidades","9":"first","10":"outofstock","11":"taxable","12":"shipping-taxable","13":"purchasable","14":"product-type-simple"},"acf":{"editorial":[{"ID":148087,"post_author":"3","post_date":"2022-10-14 11:55:32","post_date_gmt":"2022-10-14 09:55:32","post_content":"","post_title":"EMBOLSILLO","post_excerpt":"","post_status":"publish","comment_status":"closed","ping_status":"closed","post_password":"","post_name":"embolsillo","to_ping":"","pinged":"","post_modified":"2022-10-14 11:55:32","post_modified_gmt":"2022-10-14 09:55:32","post_content_filtered":"","post_parent":0,"guid":"http:\/\/dev.claret.cat\/editorial\/embolsillo\/","menu_order":0,"post_type":"editorial","post_mime_type":"","comment_count":"0","filter":"raw"}],"autores-libros":[{"ID":152799,"post_author":"3","post_date":"2022-10-14 14:51:40","post_date_gmt":"2022-10-14 12:51:40","post_content":"","post_title":"CHARLOTTE LUCAS","post_excerpt":"","post_status":"publish","comment_status":"closed","ping_status":"closed","post_password":"","post_name":"charlotte-lucas","to_ping":"","pinged":"","post_modified":"2022-10-14 14:51:40","post_modified_gmt":"2022-10-14 12:51:40","post_content_filtered":"","post_parent":0,"guid":"http:\/\/dev.claret.cat\/autor\/charlotte-lucas\/","menu_order":0,"post_type":"autor","post_mime_type":"","comment_count":"0","filter":"raw"}],"autor":"LUCAS, CHARLOTTE","codart":"841608780","libros-coleccion":"EMBOLSILLO","ediciones":"1","encuadernacion":"R\u00fastica","fecha_de_publicacion":"01\/11\/2018","novedad":"0","paginas":"472","subtitulo":"","orden":"0","portada":"0","idioma":"spa","booktrailer":"","resenas":""},"aioseo_notices":[],"_links":{"self":[{"href":"https:\/\/www.claret.cat\/es\/wp-json\/wp\/v2\/product\/146140","targetHints":{"allow":["GET"]}}],"collection":[{"href":"https:\/\/www.claret.cat\/es\/wp-json\/wp\/v2\/product"}],"about":[{"href":"https:\/\/www.claret.cat\/es\/wp-json\/wp\/v2\/types\/product"}],"wp:featuredmedia":[{"embeddable":true,"href":"https:\/\/www.claret.cat\/es\/wp-json\/wp\/v2\/media\/1085481"}],"wp:attachment":[{"href":"https:\/\/www.claret.cat\/es\/wp-json\/wp\/v2\/media?parent=146140"}],"wp:term":[{"taxonomy":"product_brand","embeddable":true,"href":"https:\/\/www.claret.cat\/es\/wp-json\/wp\/v2\/product_brand?post=146140"},{"taxonomy":"product_cat","embeddable":true,"href":"https:\/\/www.claret.cat\/es\/wp-json\/wp\/v2\/product_cat?post=146140"},{"taxonomy":"product_tag","embeddable":true,"href":"https:\/\/www.claret.cat\/es\/wp-json\/wp\/v2\/product_tag?post=146140"}],"curies":[{"name":"wp","href":"https:\/\/api.w.org\/{rel}","templated":true}]}}