{"id":146146,"date":"2022-10-13T14:28:28","date_gmt":"2022-10-13T12:28:28","guid":{"rendered":"http:\/\/dev.claret.cat\/producte\/lespai\/"},"modified":"2023-01-28T16:12:41","modified_gmt":"2023-01-28T15:12:41","slug":"lespai-9788494864445","status":"publish","type":"product","link":"https:\/\/www.claret.cat\/es\/libro\/lespai-9788494864445\/","title":{"rendered":"L&#8217;ESPAI"},"content":{"rendered":"<p>Qu\u00e8 \u00e9s un forat negre? Com de gran \u00e9s l\u00b4univers? Per qu\u00e8 el Sol \u00e9s calent? Hi ha alg\u00fa all\u00e0 fora? Veure \u00e9s creure. Amb aquest llibre et mostrem els fets.<\/p>\n","protected":false},"excerpt":{"rendered":"<p>ROGERS, SIMON \/ DANIEL, JENNIFER<\/p>\n","protected":false},"featured_media":146147,"template":"","meta":{"_acf_changed":false,"om_disable_all_campaigns":false,"rs_blank_template":"","rs_page_bg_color":"","slide_template_v7":"","inline_featured_image":false,"_monsterinsights_skip_tracking":false,"_monsterinsights_sitenote_active":false,"_monsterinsights_sitenote_note":"","_monsterinsights_sitenote_category":0},"product_brand":[],"product_cat":[86],"product_tag":[],"class_list":{"0":"post-146146","1":"product","2":"type-product","3":"status-publish","4":"has-post-thumbnail","6":"product_cat-infantil","8":"first","9":"instock","10":"taxable","11":"shipping-taxable","12":"purchasable","13":"product-type-simple"},"acf":{"editorial":[{"ID":148150,"post_author":"3","post_date":"2022-10-14 11:56:01","post_date_gmt":"2022-10-14 09:56:01","post_content":"","post_title":"Flow Press Media SL","post_excerpt":"","post_status":"publish","comment_status":"closed","ping_status":"closed","post_password":"","post_name":"flow-press-media-sl","to_ping":"","pinged":"","post_modified":"2022-10-14 11:56:01","post_modified_gmt":"2022-10-14 09:56:01","post_content_filtered":"","post_parent":0,"guid":"http:\/\/dev.claret.cat\/editorial\/flow-press-media-sl\/","menu_order":0,"post_type":"editorial","post_mime_type":"","comment_count":"0","filter":"raw"}],"autor":"ROGERS, SIMON \/ DANIEL, JENNIFER","codart":"849486444","libros-coleccion":"INFOGRAFIA","ediciones":"1","encuadernacion":"R\u00fastica","fecha_de_publicacion":"01\/10\/2018","novedad":"1","paginas":"79","subtitulo":"","orden":"0","portada":"0","idioma":"cat","autores-libros":[{"ID":169555,"post_author":"3","post_date":"2022-10-14 22:28:10","post_date_gmt":"2022-10-14 20:28:10","post_content":"","post_title":"SIMON ROGERS","post_excerpt":"","post_status":"publish","comment_status":"closed","ping_status":"closed","post_password":"","post_name":"simon-rogers","to_ping":"","pinged":"","post_modified":"2022-10-14 22:28:10","post_modified_gmt":"2022-10-14 20:28:10","post_content_filtered":"","post_parent":0,"guid":"http:\/\/dev.claret.cat\/autor\/simon-rogers\/","menu_order":0,"post_type":"autor","post_mime_type":"","comment_count":"0","filter":"raw"},{"ID":158982,"post_author":"3","post_date":"2022-10-14 15:41:09","post_date_gmt":"2022-10-14 13:41:09","post_content":"","post_title":"JENNIFER DANIEL","post_excerpt":"","post_status":"publish","comment_status":"closed","ping_status":"closed","post_password":"","post_name":"jennifer-daniel","to_ping":"","pinged":"","post_modified":"2022-10-14 15:41:09","post_modified_gmt":"2022-10-14 13:41:09","post_content_filtered":"","post_parent":0,"guid":"http:\/\/dev.claret.cat\/autor\/jennifer-daniel\/","menu_order":0,"post_type":"autor","post_mime_type":"","comment_count":"0","filter":"raw"}]},"aioseo_notices":[],"_links":{"self":[{"href":"https:\/\/www.claret.cat\/es\/wp-json\/wp\/v2\/product\/146146","targetHints":{"allow":["GET"]}}],"collection":[{"href":"https:\/\/www.claret.cat\/es\/wp-json\/wp\/v2\/product"}],"about":[{"href":"https:\/\/www.claret.cat\/es\/wp-json\/wp\/v2\/types\/product"}],"wp:featuredmedia":[{"embeddable":true,"href":"https:\/\/www.claret.cat\/es\/wp-json\/wp\/v2\/media\/146147"}],"wp:attachment":[{"href":"https:\/\/www.claret.cat\/es\/wp-json\/wp\/v2\/media?parent=146146"}],"wp:term":[{"taxonomy":"product_brand","embeddable":true,"href":"https:\/\/www.claret.cat\/es\/wp-json\/wp\/v2\/product_brand?post=146146"},{"taxonomy":"product_cat","embeddable":true,"href":"https:\/\/www.claret.cat\/es\/wp-json\/wp\/v2\/product_cat?post=146146"},{"taxonomy":"product_tag","embeddable":true,"href":"https:\/\/www.claret.cat\/es\/wp-json\/wp\/v2\/product_tag?post=146146"}],"curies":[{"name":"wp","href":"https:\/\/api.w.org\/{rel}","templated":true}]}}