{"id":146206,"date":"2022-10-13T14:29:28","date_gmt":"2022-10-13T12:29:28","guid":{"rendered":"http:\/\/dev.claret.cat\/producte\/el-detective-culete-el-detective-culete-album-ilustrado\/"},"modified":"2024-10-17T19:00:24","modified_gmt":"2024-10-17T17:00:24","slug":"el-detective-culete-el-detective-culete-album-ilustrado-9788448851378","status":"publish","type":"product","link":"https:\/\/www.claret.cat\/es\/libro\/el-detective-culete-el-detective-culete-album-ilustrado-9788448851378\/","title":{"rendered":"EL DETECTIVE CULETE (EL DETECTIVE CULETE. \u00c1LBUM ILUSTRADO)"},"content":{"rendered":"<p>\u00a1Hmm&#8230; Aqu\u00ed huele a caso! \u00a1Descifra las pistas ocultas y ayuda al  detective Culete a desenmascarar al culpable! Un nuevo detective con una apariencia muy peculiar y divertida llega  desde Jap\u00f3n para resolver los misterios de cada d\u00eda. Con sus deducciones  recorre las calles de su ciudad, en Jap\u00f3n, para atrapar a los villanos m\u00e1s despiadados. En esta primera entrega, un desalmado ha robado los dulces de la tienda  de chuches y el detective Culete tiene que recorrer la ciudad para descubrir al culpable. Esta serie de libros llega en un formato de vi\u00f1etas muy cercano al c\u00f3mic  y al \u00e1lbum ilustrado, con un protagonista muy divertido, una  ambientaci\u00f3n muy cuidada y un libro lleno de peque\u00f1os personajes y de  peque\u00f1os elementos escondidos en grandes p\u00e1ginas ilustradas llenas de  detalles. Los lectores acompa\u00f1ar\u00e1n al detective Culete en sus  investigaciones, descifrando las pistas que hay ocultas en el texto y en las ilustraciones.<\/p>\n","protected":false},"excerpt":{"rendered":"<p>, TROLL<\/p>\n","protected":false},"featured_media":987063,"template":"","meta":{"_acf_changed":false,"om_disable_all_campaigns":false,"rs_blank_template":"","rs_page_bg_color":"","slide_template_v7":"","inline_featured_image":false,"_monsterinsights_skip_tracking":false,"_monsterinsights_sitenote_active":false,"_monsterinsights_sitenote_note":"","_monsterinsights_sitenote_category":0},"product_brand":[],"product_cat":[86,352],"product_tag":[],"class_list":{"0":"post-146206","1":"product","2":"type-product","3":"status-publish","4":"has-post-thumbnail","6":"product_cat-infantil","7":"product_cat-infantil-3_infantil-juvenil-spa","9":"first","10":"outofstock","11":"taxable","12":"shipping-taxable","13":"purchasable","14":"product-type-simple"},"acf":{"editorial":[{"ID":6141,"post_author":"3","post_date":"2022-07-28 17:45:46","post_date_gmt":"2022-07-28 15:45:46","post_content":"","post_title":"BEASCOA","post_excerpt":"","post_status":"publish","comment_status":"closed","ping_status":"closed","post_password":"","post_name":"beascoa","to_ping":"","pinged":"","post_modified":"2022-07-28 17:45:46","post_modified_gmt":"2022-07-28 15:45:46","post_content_filtered":"","post_parent":0,"guid":"http:\/\/dev.claret.cat\/editorial\/beascoa\/","menu_order":0,"post_type":"editorial","post_mime_type":"","comment_count":"0","filter":"raw"}],"autor":", TROLL","codart":"844885137","libros-coleccion":"El detective Culete","ediciones":"1","encuadernacion":"Carton\u00e9","fecha_de_publicacion":"01\/11\/2018","novedad":"1","paginas":"32","subtitulo":"","orden":"0","portada":"0","idioma":"spa","autores-libros":[{"ID":170639,"post_author":"3","post_date":"2022-10-14 22:36:58","post_date_gmt":"2022-10-14 20:36:58","post_content":"","post_title":"TROLL","post_excerpt":"","post_status":"publish","comment_status":"closed","ping_status":"closed","post_password":"","post_name":"troll","to_ping":"","pinged":"","post_modified":"2022-10-14 22:36:58","post_modified_gmt":"2022-10-14 20:36:58","post_content_filtered":"","post_parent":0,"guid":"http:\/\/dev.claret.cat\/autor\/troll\/","menu_order":0,"post_type":"autor","post_mime_type":"","comment_count":"0","filter":"raw"}]},"aioseo_notices":[],"_links":{"self":[{"href":"https:\/\/www.claret.cat\/es\/wp-json\/wp\/v2\/product\/146206","targetHints":{"allow":["GET"]}}],"collection":[{"href":"https:\/\/www.claret.cat\/es\/wp-json\/wp\/v2\/product"}],"about":[{"href":"https:\/\/www.claret.cat\/es\/wp-json\/wp\/v2\/types\/product"}],"wp:featuredmedia":[{"embeddable":true,"href":"https:\/\/www.claret.cat\/es\/wp-json\/wp\/v2\/media\/987063"}],"wp:attachment":[{"href":"https:\/\/www.claret.cat\/es\/wp-json\/wp\/v2\/media?parent=146206"}],"wp:term":[{"taxonomy":"product_brand","embeddable":true,"href":"https:\/\/www.claret.cat\/es\/wp-json\/wp\/v2\/product_brand?post=146206"},{"taxonomy":"product_cat","embeddable":true,"href":"https:\/\/www.claret.cat\/es\/wp-json\/wp\/v2\/product_cat?post=146206"},{"taxonomy":"product_tag","embeddable":true,"href":"https:\/\/www.claret.cat\/es\/wp-json\/wp\/v2\/product_tag?post=146206"}],"curies":[{"name":"wp","href":"https:\/\/api.w.org\/{rel}","templated":true}]}}