{"id":146209,"date":"2022-10-13T14:29:30","date_gmt":"2022-10-13T12:29:30","guid":{"rendered":"http:\/\/dev.claret.cat\/producte\/el-detectiu-culet-album-il%c2%b7lustrat\/"},"modified":"2023-01-28T07:08:16","modified_gmt":"2023-01-28T06:08:16","slug":"el-detectiu-culet-album-illustrat-9788448851385","status":"publish","type":"product","link":"https:\/\/www.claret.cat\/es\/libro\/el-detectiu-culet-album-illustrat-9788448851385\/","title":{"rendered":"EL DETECTIU CULET (\u00c0LBUM IL\u00b7LUSTRAT)"},"content":{"rendered":"<p>Mmm&#8230; Ensumo un cas per resoldre! Desentranya pistes amagades i ajuda al detectiu Culet a trobar el dolent! Un nou detectiu amb una aparen\u00e7a molt peculiar i divertida arriba des del Jap\u00f3 per resoldre els misteris de cada dia. Amb les seves deduccions recorre els carres de la seva ciutat, al Jap\u00f3, per resoldre petits misteris. En aquesta primera entrega, alg\u00fa ha robat els dol\u00e7os de la botiga de llaminadures i el detectiu Culet ha de rec\u00f3rrer la ciutat per descobrir el culpable. Aquesta s\u00e8rie de llibres arriba en un format de vinyetes molt proper al c\u00f2mic i a l&#8217;\u00e0lbum il\u00b7lustrat, amb un protagonista molt divertit, una ambientaci\u00f3 molt cuidada i un llibre ple de petits personatges i de petits elements amagats en grans p\u00e0gines il\u00b7lustrades plenes de detalls. Els lectors acompanyaran al detectiu Culet en les seves investigacions desentranyant pistes amagades en el text i en les il\u00b7lustracions.<\/p>\n","protected":false},"excerpt":{"rendered":"<p>, TROLL<\/p>\n","protected":false},"featured_media":146210,"template":"","meta":{"_acf_changed":false,"om_disable_all_campaigns":false,"rs_blank_template":"","rs_page_bg_color":"","slide_template_v7":"","inline_featured_image":false,"_monsterinsights_skip_tracking":false,"_monsterinsights_sitenote_active":false,"_monsterinsights_sitenote_note":"","_monsterinsights_sitenote_category":0},"product_brand":[],"product_cat":[86],"product_tag":[],"class_list":{"0":"post-146209","1":"product","2":"type-product","3":"status-publish","4":"has-post-thumbnail","6":"product_cat-infantil","8":"first","9":"instock","10":"taxable","11":"shipping-taxable","12":"purchasable","13":"product-type-simple"},"acf":{"editorial":[{"ID":6141,"post_author":"3","post_date":"2022-07-28 17:45:46","post_date_gmt":"2022-07-28 15:45:46","post_content":"","post_title":"BEASCOA","post_excerpt":"","post_status":"publish","comment_status":"closed","ping_status":"closed","post_password":"","post_name":"beascoa","to_ping":"","pinged":"","post_modified":"2022-07-28 17:45:46","post_modified_gmt":"2022-07-28 15:45:46","post_content_filtered":"","post_parent":0,"guid":"http:\/\/dev.claret.cat\/editorial\/beascoa\/","menu_order":0,"post_type":"editorial","post_mime_type":"","comment_count":"0","filter":"raw"}],"autor":", TROLL","codart":"844885138","libros-coleccion":"El detectiu Culet","ediciones":"1","encuadernacion":"Carton\u00e9","fecha_de_publicacion":"01\/11\/2018","novedad":"1","paginas":"32","subtitulo":"","orden":"0","portada":"0","idioma":"cat","autores-libros":[{"ID":170639,"post_author":"3","post_date":"2022-10-14 22:36:58","post_date_gmt":"2022-10-14 20:36:58","post_content":"","post_title":"TROLL","post_excerpt":"","post_status":"publish","comment_status":"closed","ping_status":"closed","post_password":"","post_name":"troll","to_ping":"","pinged":"","post_modified":"2022-10-14 22:36:58","post_modified_gmt":"2022-10-14 20:36:58","post_content_filtered":"","post_parent":0,"guid":"http:\/\/dev.claret.cat\/autor\/troll\/","menu_order":0,"post_type":"autor","post_mime_type":"","comment_count":"0","filter":"raw"}]},"aioseo_notices":[],"_links":{"self":[{"href":"https:\/\/www.claret.cat\/es\/wp-json\/wp\/v2\/product\/146209","targetHints":{"allow":["GET"]}}],"collection":[{"href":"https:\/\/www.claret.cat\/es\/wp-json\/wp\/v2\/product"}],"about":[{"href":"https:\/\/www.claret.cat\/es\/wp-json\/wp\/v2\/types\/product"}],"wp:featuredmedia":[{"embeddable":true,"href":"https:\/\/www.claret.cat\/es\/wp-json\/wp\/v2\/media\/146210"}],"wp:attachment":[{"href":"https:\/\/www.claret.cat\/es\/wp-json\/wp\/v2\/media?parent=146209"}],"wp:term":[{"taxonomy":"product_brand","embeddable":true,"href":"https:\/\/www.claret.cat\/es\/wp-json\/wp\/v2\/product_brand?post=146209"},{"taxonomy":"product_cat","embeddable":true,"href":"https:\/\/www.claret.cat\/es\/wp-json\/wp\/v2\/product_cat?post=146209"},{"taxonomy":"product_tag","embeddable":true,"href":"https:\/\/www.claret.cat\/es\/wp-json\/wp\/v2\/product_tag?post=146209"}],"curies":[{"name":"wp","href":"https:\/\/api.w.org\/{rel}","templated":true}]}}