{"id":146248,"date":"2022-10-13T14:30:08","date_gmt":"2022-10-13T12:30:08","guid":{"rendered":"http:\/\/dev.claret.cat\/producte\/lola-lolita-nunca-dejes-de-bailar\/"},"modified":"2023-01-28T04:33:17","modified_gmt":"2023-01-28T03:33:17","slug":"lola-lolita-nunca-dejes-de-bailar-9788417424305","status":"publish","type":"product","link":"https:\/\/www.claret.cat\/es\/libro\/lola-lolita-nunca-dejes-de-bailar-9788417424305\/","title":{"rendered":"LOLA LOLITA. NUNCA DEJES DE BAILAR"},"content":{"rendered":"<p>\u00a1Lola Lolita, las aventuras de la estrella de Musical\u00b7ly!  Nunca dejes de bailar con @lolaloliitaaa Lola est\u00e1 de los nervios. Hoy empieza clases en un nuevo insti superguay  que lo tiene todo&#8230; \u00a1menos a sus amigas! El primer d\u00eda conoce a Lucia,  Ana y Carla, tres chicas que parecen tener algo en com\u00fan con Lola:  adoran a David Peluso, un youtuber guap\u00edsimo con una voz alucinante. \u00a1Que coincidencia! A partir de aqu\u00ed empiezan a ser superamigas y crean un club de baile  para montar la coreograf\u00eda estrella del festival de navidad. Pronto  todos en el insti descubrir\u00e1n que Lola es una superestrella de  Musical\u00b7ly y vivir\u00e1n muchas aventuras hasta el d\u00eda de la coreo final. \u00bfSaldr\u00e1 todo como ten\u00edan previsto?<\/p>\n","protected":false},"excerpt":{"rendered":"<p>MORENO, LOLA<\/p>\n","protected":false},"featured_media":146249,"template":"","meta":{"_acf_changed":false,"om_disable_all_campaigns":false,"rs_blank_template":"","rs_page_bg_color":"","slide_template_v7":"","inline_featured_image":false,"_monsterinsights_skip_tracking":false,"_monsterinsights_sitenote_active":false,"_monsterinsights_sitenote_note":"","_monsterinsights_sitenote_category":0},"product_brand":[],"product_cat":[16],"product_tag":[],"class_list":{"0":"post-146248","1":"product","2":"type-product","3":"status-publish","4":"has-post-thumbnail","6":"product_cat-sense-categoria","8":"first","9":"instock","10":"taxable","11":"shipping-taxable","12":"purchasable","13":"product-type-simple"},"acf":{"editorial":[{"ID":6136,"post_author":"3","post_date":"2022-07-28 17:45:39","post_date_gmt":"2022-07-28 15:45:39","post_content":"","post_title":"B de Blok (Ediciones B)","post_excerpt":"","post_status":"publish","comment_status":"closed","ping_status":"closed","post_password":"","post_name":"b-de-blok-ediciones-b","to_ping":"","pinged":"","post_modified":"2022-07-28 17:45:39","post_modified_gmt":"2022-07-28 15:45:39","post_content_filtered":"","post_parent":0,"guid":"http:\/\/dev.claret.cat\/editorial\/b-de-blok-ediciones-b\/","menu_order":0,"post_type":"editorial","post_mime_type":"","comment_count":"0","filter":"raw"}],"autor":"MORENO, LOLA","codart":"841742430","libros-coleccion":"CONECTAD@S","ediciones":"1","encuadernacion":"Carton\u00e9","fecha_de_publicacion":"01\/11\/2018","novedad":"1","paginas":"172","subtitulo":"","orden":"0","portada":"0","idioma":"spa","autores-libros":[{"ID":162422,"post_author":"3","post_date":"2022-10-14 17:30:53","post_date_gmt":"2022-10-14 15:30:53","post_content":"","post_title":"LOLA MORENO","post_excerpt":"","post_status":"publish","comment_status":"closed","ping_status":"closed","post_password":"","post_name":"lola-moreno","to_ping":"","pinged":"","post_modified":"2022-10-14 17:30:53","post_modified_gmt":"2022-10-14 15:30:53","post_content_filtered":"","post_parent":0,"guid":"http:\/\/dev.claret.cat\/autor\/lola-moreno\/","menu_order":0,"post_type":"autor","post_mime_type":"","comment_count":"0","filter":"raw"}]},"aioseo_notices":[],"_links":{"self":[{"href":"https:\/\/www.claret.cat\/es\/wp-json\/wp\/v2\/product\/146248","targetHints":{"allow":["GET"]}}],"collection":[{"href":"https:\/\/www.claret.cat\/es\/wp-json\/wp\/v2\/product"}],"about":[{"href":"https:\/\/www.claret.cat\/es\/wp-json\/wp\/v2\/types\/product"}],"wp:featuredmedia":[{"embeddable":true,"href":"https:\/\/www.claret.cat\/es\/wp-json\/wp\/v2\/media\/146249"}],"wp:attachment":[{"href":"https:\/\/www.claret.cat\/es\/wp-json\/wp\/v2\/media?parent=146248"}],"wp:term":[{"taxonomy":"product_brand","embeddable":true,"href":"https:\/\/www.claret.cat\/es\/wp-json\/wp\/v2\/product_brand?post=146248"},{"taxonomy":"product_cat","embeddable":true,"href":"https:\/\/www.claret.cat\/es\/wp-json\/wp\/v2\/product_cat?post=146248"},{"taxonomy":"product_tag","embeddable":true,"href":"https:\/\/www.claret.cat\/es\/wp-json\/wp\/v2\/product_tag?post=146248"}],"curies":[{"name":"wp","href":"https:\/\/api.w.org\/{rel}","templated":true}]}}