{"id":146272,"date":"2022-10-13T14:30:32","date_gmt":"2022-10-13T12:30:32","guid":{"rendered":"http:\/\/dev.claret.cat\/producte\/love-the-90s-efectiviwonder-los-90-molaron-mazo\/"},"modified":"2025-01-30T19:13:40","modified_gmt":"2025-01-30T18:13:40","slug":"love-the-90s-efectiviwonder-los-90-molaron-mazo-9788401020988","status":"publish","type":"product","link":"https:\/\/www.claret.cat\/es\/libro\/love-the-90s-efectiviwonder-los-90-molaron-mazo-9788401020988\/","title":{"rendered":"LOVE THE 90S. EFECTIVIWONDER, LOS 90 MOLARON MAZO"},"content":{"rendered":"<p>\u00a1Efectiviwonder, los 90 molaron mazo! \u00abEn este libro no se deja suelta ninguna de las piezas de ese puzzle  de recuerdos. Desde nuestro primer beso a nuestra serie favorita. Desde  el grupo con el que empapel\u00e1bamos la habitaci\u00f3n hasta lo que sent\u00edamos  jugando a nuestro primer videojuego. Bienvenidos a un viaje movidito con direcci\u00f3n a nuestros mejores a\u00f1os.\u00bb<br \/>Fernadisco. Si jugaste al Snake en un Nokia 3310, si escuchaste Duro de pelar en un  discman, si recuerdas el sonido del router al conectarse a internet, si  tu primera mascota fue un tamagochi, si devolviste una pel\u00edcula al  videoclub sin rebobinar, si te enganchaste al Tetris  de la Gameboy, si  tu primera mensajer\u00eda instant\u00e1nea fue chatear desde un cibercaf\u00e9, si  pasaste las ma\u00f1anas de verano viendo Las gemelas de Sweet Valley o las  noches con el Grand Prix, si te ped\u00edas a Mel C en las Spice Girls o a  Nick Carter de los Back Street Boys, si te enamoraste con OBK de fondo,  si escuchaste 200 veces Amigos para siempre durante las Olimpiadas del  92 y tuviste tu cuarto lleno de p\u00f3sters de la S\u00faper pop: \u00a1Bienvenido a los maravillosos a\u00f1os 90! Love the 90&#8221;s es un libro, pero no es s\u00f3lo un libro. Love the 90&#8221;s es una m\u00e1quina del tiempo que nos devuelve \u00aba donde todo  ocurri\u00f3\u00bb: la d\u00e9cada de los 90. Lo que comenz\u00f3 como una gira de  conciertos conmemorando el dance de los 90 se ha convertido en un movimiento global al que ahora se suma un libro. En estas p\u00e1ginas se resume la experiencia de haber vivido una d\u00e9cada \u00fanica que sin  duda marc\u00f3 el devenir del siglo XXI.<\/p>\n","protected":false},"excerpt":{"rendered":"<p>VV.AA.<\/p>\n","protected":false},"featured_media":963638,"template":"","meta":{"_acf_changed":false,"om_disable_all_campaigns":false,"rs_blank_template":"","rs_page_bg_color":"","slide_template_v7":"","inline_featured_image":false,"_monsterinsights_skip_tracking":false,"_monsterinsights_sitenote_active":false,"_monsterinsights_sitenote_note":"","_monsterinsights_sitenote_category":0},"product_brand":[],"product_cat":[105,555],"product_tag":[],"class_list":{"0":"post-146272","1":"product","2":"type-product","3":"status-publish","4":"has-post-thumbnail","6":"product_cat-regal","7":"product_cat-regalo","9":"first","10":"outofstock","11":"taxable","12":"shipping-taxable","13":"purchasable","14":"product-type-simple"},"acf":{"editorial":[{"ID":6110,"post_author":"3","post_date":"2022-07-28 17:43:46","post_date_gmt":"2022-07-28 15:43:46","post_content":"","post_title":"(516).GRATA","post_excerpt":"","post_status":"publish","comment_status":"closed","ping_status":"closed","post_password":"","post_name":"516-grata","to_ping":"","pinged":"","post_modified":"2022-07-28 17:43:46","post_modified_gmt":"2022-07-28 15:43:46","post_content_filtered":"","post_parent":0,"guid":"http:\/\/dev.claret.cat\/editorial\/516-grata\/","menu_order":0,"post_type":"editorial","post_mime_type":"","comment_count":"0","filter":"raw"}],"autores-libros":[{"ID":6086,"post_author":"3","post_date":"2022-07-28 17:37:50","post_date_gmt":"2022-07-28 15:37:50","post_content":"","post_title":"VV.AA.","post_excerpt":"","post_status":"publish","comment_status":"closed","ping_status":"closed","post_password":"","post_name":"vv-aa-2","to_ping":"","pinged":"","post_modified":"2022-07-28 17:37:50","post_modified_gmt":"2022-07-28 15:37:50","post_content_filtered":"","post_parent":0,"guid":"http:\/\/dev.claret.cat\/autor\/vv-aa-2\/","menu_order":0,"post_type":"autor","post_mime_type":"","comment_count":"0","filter":"raw"}],"autor":"VV.AA.","codart":"840102098","libros-coleccion":"OBRAS DIVERSAS","ediciones":"1","encuadernacion":"R\u00fastica","fecha_de_publicacion":"01\/11\/2018","novedad":"0","paginas":"247","subtitulo":"","orden":"0","portada":"0","idioma":"spa"},"aioseo_notices":[],"_links":{"self":[{"href":"https:\/\/www.claret.cat\/es\/wp-json\/wp\/v2\/product\/146272","targetHints":{"allow":["GET"]}}],"collection":[{"href":"https:\/\/www.claret.cat\/es\/wp-json\/wp\/v2\/product"}],"about":[{"href":"https:\/\/www.claret.cat\/es\/wp-json\/wp\/v2\/types\/product"}],"wp:featuredmedia":[{"embeddable":true,"href":"https:\/\/www.claret.cat\/es\/wp-json\/wp\/v2\/media\/963638"}],"wp:attachment":[{"href":"https:\/\/www.claret.cat\/es\/wp-json\/wp\/v2\/media?parent=146272"}],"wp:term":[{"taxonomy":"product_brand","embeddable":true,"href":"https:\/\/www.claret.cat\/es\/wp-json\/wp\/v2\/product_brand?post=146272"},{"taxonomy":"product_cat","embeddable":true,"href":"https:\/\/www.claret.cat\/es\/wp-json\/wp\/v2\/product_cat?post=146272"},{"taxonomy":"product_tag","embeddable":true,"href":"https:\/\/www.claret.cat\/es\/wp-json\/wp\/v2\/product_tag?post=146272"}],"curies":[{"name":"wp","href":"https:\/\/api.w.org\/{rel}","templated":true}]}}