{"id":146389,"date":"2022-10-13T14:32:34","date_gmt":"2022-10-13T12:32:34","guid":{"rendered":"http:\/\/dev.claret.cat\/producte\/que-hay-dentro\/"},"modified":"2023-01-28T21:43:21","modified_gmt":"2023-01-28T20:43:21","slug":"que-hay-dentro-9788416918430","status":"publish","type":"product","link":"https:\/\/www.claret.cat\/es\/libro\/que-hay-dentro-9788416918430\/","title":{"rendered":"\u00bfQU\u00c9 HAY DENTRO?"},"content":{"rendered":"<p>Gracias a este libro podr\u00e1s entrar en las casas m\u00e1s sorprendentes de los &#8216;animales arquitectos&#8217; m\u00e1s ingeniosos y originales, capaces de construir sus madrigueras con una habilidad que&#8230; \u00a1los humanos no podr\u00edan igualar! \u00bfA qu\u00e9 esperas? \u00a1Descubre en estas p\u00e1ginas d\u00f3nde viven las abejas, las hormigas, los zorros, los castores, los osos, los pulpos y todos los dem\u00e1s &#8216;superconstructores&#8217;!<\/p>\n","protected":false},"excerpt":{"rendered":"<p>BANFI, CRISTINA \/ PERABONI, CRISTINA<\/p>\n","protected":false},"featured_media":317452,"template":"","meta":{"_acf_changed":false,"om_disable_all_campaigns":false,"rs_blank_template":"","rs_page_bg_color":"","slide_template_v7":"","inline_featured_image":false,"_monsterinsights_skip_tracking":false,"_monsterinsights_sitenote_active":false,"_monsterinsights_sitenote_note":"","_monsterinsights_sitenote_category":0},"product_brand":[],"product_cat":[86,352],"product_tag":[],"class_list":{"0":"post-146389","1":"product","2":"type-product","3":"status-publish","4":"has-post-thumbnail","6":"product_cat-infantil","7":"product_cat-infantil-3_infantil-juvenil-spa","9":"first","10":"instock","11":"taxable","12":"shipping-taxable","13":"purchasable","14":"product-type-simple"},"acf":{"editorial":[{"ID":148408,"post_author":"3","post_date":"2022-10-14 11:58:01","post_date_gmt":"2022-10-14 09:58:01","post_content":"","post_title":"Lectio Ediciones","post_excerpt":"","post_status":"publish","comment_status":"closed","ping_status":"closed","post_password":"","post_name":"lectio-ediciones","to_ping":"","pinged":"","post_modified":"2022-10-14 11:58:01","post_modified_gmt":"2022-10-14 09:58:01","post_content_filtered":"","post_parent":0,"guid":"http:\/\/dev.claret.cat\/editorial\/lectio-ediciones\/","menu_order":0,"post_type":"editorial","post_mime_type":"","comment_count":"0","filter":"raw"}],"autores-libros":[{"ID":153310,"post_author":"3","post_date":"2022-10-14 14:55:45","post_date_gmt":"2022-10-14 12:55:45","post_content":"","post_title":"CRISTINA BANFI","post_excerpt":"","post_status":"publish","comment_status":"closed","ping_status":"closed","post_password":"","post_name":"cristina-banfi","to_ping":"","pinged":"","post_modified":"2022-10-14 14:55:45","post_modified_gmt":"2022-10-14 12:55:45","post_content_filtered":"","post_parent":0,"guid":"http:\/\/dev.claret.cat\/autor\/cristina-banfi\/","menu_order":0,"post_type":"autor","post_mime_type":"","comment_count":"0","filter":"raw"},{"ID":153379,"post_author":"3","post_date":"2022-10-14 14:56:18","post_date_gmt":"2022-10-14 12:56:18","post_content":"","post_title":"CRISTINA PERABONI","post_excerpt":"","post_status":"publish","comment_status":"closed","ping_status":"closed","post_password":"","post_name":"cristina-peraboni","to_ping":"","pinged":"","post_modified":"2022-10-14 14:56:18","post_modified_gmt":"2022-10-14 12:56:18","post_content_filtered":"","post_parent":0,"guid":"http:\/\/dev.claret.cat\/autor\/cristina-peraboni\/","menu_order":0,"post_type":"autor","post_mime_type":"","comment_count":"0","filter":"raw"}],"autor":"BANFI, CRISTINA \/ PERABONI, CRISTINA","codart":"841691843","libros-coleccion":"Otros Infantil","ediciones":"1","encuadernacion":"Carton\u00e9","fecha_de_publicacion":"01\/10\/2018","novedad":"1","paginas":"63","subtitulo":"DESCUBRE LA VIDA SECRETA DE LOS ANIMALES","orden":"0","portada":"0","idioma":"spa"},"aioseo_notices":[],"_links":{"self":[{"href":"https:\/\/www.claret.cat\/es\/wp-json\/wp\/v2\/product\/146389","targetHints":{"allow":["GET"]}}],"collection":[{"href":"https:\/\/www.claret.cat\/es\/wp-json\/wp\/v2\/product"}],"about":[{"href":"https:\/\/www.claret.cat\/es\/wp-json\/wp\/v2\/types\/product"}],"wp:featuredmedia":[{"embeddable":true,"href":"https:\/\/www.claret.cat\/es\/wp-json\/wp\/v2\/media\/317452"}],"wp:attachment":[{"href":"https:\/\/www.claret.cat\/es\/wp-json\/wp\/v2\/media?parent=146389"}],"wp:term":[{"taxonomy":"product_brand","embeddable":true,"href":"https:\/\/www.claret.cat\/es\/wp-json\/wp\/v2\/product_brand?post=146389"},{"taxonomy":"product_cat","embeddable":true,"href":"https:\/\/www.claret.cat\/es\/wp-json\/wp\/v2\/product_cat?post=146389"},{"taxonomy":"product_tag","embeddable":true,"href":"https:\/\/www.claret.cat\/es\/wp-json\/wp\/v2\/product_tag?post=146389"}],"curies":[{"name":"wp","href":"https:\/\/api.w.org\/{rel}","templated":true}]}}