{"id":146485,"date":"2022-10-13T14:34:10","date_gmt":"2022-10-13T12:34:10","guid":{"rendered":"http:\/\/dev.claret.cat\/producte\/pequena-grande-audrey-hepburn\/"},"modified":"2023-01-28T16:02:29","modified_gmt":"2023-01-28T15:02:29","slug":"pequena-grande-audrey-hepburn-9788490651117","status":"publish","type":"product","link":"https:\/\/www.claret.cat\/es\/libro\/pequena-grande-audrey-hepburn-9788490651117\/","title":{"rendered":"PEQUE\u00d1A &amp; GRANDE AUDREY HEPBURN"},"content":{"rendered":"<p>Peque\u00f1a y grande Audrey Hepburn es el tercer t\u00edtulo de una colecci\u00f3n de cuentos con la que ni\u00f1as y ni\u00f1os descubrir\u00e1n qui\u00e9nes eran y qu\u00e9 lograron las grandes mujeres de la historia contempor\u00e1nea. Dise\u00f1adoras, actrices, aventureras, cient\u00edficas&#8230; Mujeres \u00fanicas y maravillosas de las que aprender y con las que identificarse. Mujeres que, como Audrey, convirtieron un peque\u00f1o sue\u00f1o en una gran historia.<\/p>\n","protected":false},"excerpt":{"rendered":"<p>S\u00c1NCHEZ VEGARA, MARIA ISABEL \/ ARRAZOLA OTADUY, AMAIA<\/p>\n","protected":false},"featured_media":146486,"template":"","meta":{"_acf_changed":false,"om_disable_all_campaigns":false,"rs_blank_template":"","rs_page_bg_color":"","slide_template_v7":"","inline_featured_image":false,"_monsterinsights_skip_tracking":false,"_monsterinsights_sitenote_active":false,"_monsterinsights_sitenote_note":"","_monsterinsights_sitenote_category":0},"product_brand":[],"product_cat":[86],"product_tag":[],"class_list":{"0":"post-146485","1":"product","2":"type-product","3":"status-publish","4":"has-post-thumbnail","6":"product_cat-infantil","8":"first","9":"instock","10":"taxable","11":"shipping-taxable","12":"purchasable","13":"product-type-simple"},"acf":{"editorial":[{"ID":147382,"post_author":"3","post_date":"2022-10-14 11:50:09","post_date_gmt":"2022-10-14 09:50:09","post_content":"","post_title":"Alba Editorial","post_excerpt":"","post_status":"publish","comment_status":"closed","ping_status":"closed","post_password":"","post_name":"alba-editorial","to_ping":"","pinged":"","post_modified":"2022-10-14 11:50:09","post_modified_gmt":"2022-10-14 09:50:09","post_content_filtered":"","post_parent":0,"guid":"http:\/\/dev.claret.cat\/editorial\/alba-editorial\/","menu_order":0,"post_type":"editorial","post_mime_type":"","comment_count":"0","filter":"raw"}],"autor":"S\u00c1NCHEZ VEGARA, MARIA ISABEL \/ ARRAZOLA OTADUY, AMAIA","codart":"849065111","libros-coleccion":"Peque\u00f1a & Grande","ediciones":"1","encuadernacion":"R\u00fastica","fecha_de_publicacion":"01\/05\/2015","novedad":"1","paginas":"0","subtitulo":"","orden":"0","portada":"0","idioma":"spa","autores-libros":[{"ID":163648,"post_author":"3","post_date":"2022-10-14 17:40:43","post_date_gmt":"2022-10-14 15:40:43","post_content":"","post_title":"MAR\u00cdA ISABEL S\u00c1NCHEZ VEGARA","post_excerpt":"","post_status":"publish","comment_status":"closed","ping_status":"closed","post_password":"","post_name":"maria-isabel-sanchez-vegara","to_ping":"","pinged":"","post_modified":"2022-10-14 17:40:43","post_modified_gmt":"2022-10-14 15:40:43","post_content_filtered":"","post_parent":0,"guid":"http:\/\/dev.claret.cat\/autor\/maria-isabel-sanchez-vegara\/","menu_order":0,"post_type":"autor","post_mime_type":"","comment_count":"0","filter":"raw"},{"ID":149963,"post_author":"3","post_date":"2022-10-14 14:29:08","post_date_gmt":"2022-10-14 12:29:08","post_content":"","post_title":"AMAIA ARRAZOLA OTADUY","post_excerpt":"","post_status":"publish","comment_status":"closed","ping_status":"closed","post_password":"","post_name":"amaia-arrazola-otaduy","to_ping":"","pinged":"","post_modified":"2022-10-14 14:29:08","post_modified_gmt":"2022-10-14 12:29:08","post_content_filtered":"","post_parent":0,"guid":"http:\/\/dev.claret.cat\/autor\/amaia-arrazola-otaduy\/","menu_order":0,"post_type":"autor","post_mime_type":"","comment_count":"0","filter":"raw"}]},"aioseo_notices":[],"_links":{"self":[{"href":"https:\/\/www.claret.cat\/es\/wp-json\/wp\/v2\/product\/146485","targetHints":{"allow":["GET"]}}],"collection":[{"href":"https:\/\/www.claret.cat\/es\/wp-json\/wp\/v2\/product"}],"about":[{"href":"https:\/\/www.claret.cat\/es\/wp-json\/wp\/v2\/types\/product"}],"wp:featuredmedia":[{"embeddable":true,"href":"https:\/\/www.claret.cat\/es\/wp-json\/wp\/v2\/media\/146486"}],"wp:attachment":[{"href":"https:\/\/www.claret.cat\/es\/wp-json\/wp\/v2\/media?parent=146485"}],"wp:term":[{"taxonomy":"product_brand","embeddable":true,"href":"https:\/\/www.claret.cat\/es\/wp-json\/wp\/v2\/product_brand?post=146485"},{"taxonomy":"product_cat","embeddable":true,"href":"https:\/\/www.claret.cat\/es\/wp-json\/wp\/v2\/product_cat?post=146485"},{"taxonomy":"product_tag","embeddable":true,"href":"https:\/\/www.claret.cat\/es\/wp-json\/wp\/v2\/product_tag?post=146485"}],"curies":[{"name":"wp","href":"https:\/\/api.w.org\/{rel}","templated":true}]}}