{"id":146551,"date":"2022-10-13T14:35:18","date_gmt":"2022-10-13T12:35:18","guid":{"rendered":"http:\/\/dev.claret.cat\/producte\/eso-no-estaba-historia-de-los-videojuegos\/"},"modified":"2023-01-28T19:08:38","modified_gmt":"2023-01-28T18:08:38","slug":"eso-no-estaba-historia-de-los-videojuegos-9788417558093","status":"publish","type":"product","link":"https:\/\/www.claret.cat\/es\/libro\/eso-no-estaba-historia-de-los-videojuegos-9788417558093\/","title":{"rendered":"ESO NO ESTABA&#8230; HISTORIA DE LOS VIDEOJUEGOS"},"content":{"rendered":"<p>\u00bfConoc\u00edas que la saga Resident Evil resucit\u00f3 al arquetipo del zombi? \u00bfSab\u00edas que el Tetris fue inventado por un ingeniero ruso? \u00bfTe suenan las teor\u00edas conspiranoicas sobre los cartuchos perdidos de E.T. o las supuestas v\u00edctimas de Polybius, el \u00abjuego maldito\u00bb? \u00bfSab\u00edas que algunas empresas de videojuegos financian la industria armament\u00edstica? \u00bfY que, como en el cine, existen obras de autor y hasta de culto?<\/p>\n<p>Desde su invenci\u00f3n en los a\u00f1os cincuenta del pasado siglo, los videojuegos se han convertido progresivamente y de manera imparable en uno de los mayores fen\u00f3menos culturales, art\u00edsticos y sociales contempor\u00e1neos. Por ello, precisamente, la literatura sobre videojuegos se ha multiplicado en los \u00faltimos a\u00f1os en Espa\u00f1a, algo que ya se ven\u00eda produciendo en el mercado anglosaj\u00f3n desde hace tiempo.<\/p>\n<p>En Eso no estaba en mi libro de Historia de los Videojuegos, Daniel Garc\u00eda Raso nos propone un viaje por todos aquellos aspectos de la cultura del videojuego que no han recibido toda la atenci\u00f3n necesaria o lo han hecho de una forma superficial. Un recorrido con muchas paradas y trasbordos, desde la \u00abprehistoria\u00bb hasta las primeras consolas (sin olvidar las PlayStation, Xbox o Nintendo de \u00faltima generaci\u00f3n), an\u00e9cdotas que muchas veces se quedan en el tintero, las reacciones morales que provocaron desde sus inicios, la existencia de videojuegos pornogr\u00e1ficos, el relevante (y obviado) papel de la mujer en la industria, las primicias sovi\u00e9ticas o las aplicaciones positivas que se les ha encontrado en temas de educaci\u00f3n o salud.<br \/>Estas p\u00e1ginas son la excusa perfecta para conocer todo aquello que siempre quisiste saber sobre ellos y nunca te contaron&#8230; o lo hicieron con mucha prisa. Para padres con miedo a la afici\u00f3n de sus hijos, adultos avergonzados de darle a las \u00abmaquinitas\u00bb o simplemente jugadores que quieran adentrarse en las ra\u00edces de una de sus mayores pasiones.<\/p>\n","protected":false},"excerpt":{"rendered":"<p>GARC\u00cdA RASO, DANIEL<\/p>\n","protected":false},"featured_media":146552,"template":"","meta":{"_acf_changed":false,"om_disable_all_campaigns":false,"rs_blank_template":"","rs_page_bg_color":"","slide_template_v7":"","inline_featured_image":false,"_monsterinsights_skip_tracking":false,"_monsterinsights_sitenote_active":false,"_monsterinsights_sitenote_note":"","_monsterinsights_sitenote_category":0},"product_brand":[],"product_cat":[115],"product_tag":[],"class_list":{"0":"post-146551","1":"product","2":"type-product","3":"status-publish","4":"has-post-thumbnail","6":"product_cat-videojocs","8":"first","9":"instock","10":"taxable","11":"shipping-taxable","12":"purchasable","13":"product-type-simple"},"acf":{"autor":"GARC\u00cdA RASO, DANIEL","codart":"841755809","libros-coleccion":"Historia","ediciones":"1","encuadernacion":"R\u00fastica","fecha_de_publicacion":"01\/10\/2018","novedad":"1","paginas":"280","subtitulo":"","orden":"0","portada":"0","idioma":"spa","editorial":[{"ID":147919,"post_author":"3","post_date":"2022-10-14 11:54:15","post_date_gmt":"2022-10-14 09:54:15","post_content":"","post_title":"EDITORIAL ALMUZARA","post_excerpt":"","post_status":"publish","comment_status":"closed","ping_status":"closed","post_password":"","post_name":"editorial-almuzara","to_ping":"","pinged":"","post_modified":"2022-10-14 11:54:15","post_modified_gmt":"2022-10-14 09:54:15","post_content_filtered":"","post_parent":0,"guid":"http:\/\/dev.claret.cat\/editorial\/editorial-almuzara\/","menu_order":0,"post_type":"editorial","post_mime_type":"","comment_count":"0","filter":"raw"}],"autores-libros":[{"ID":153580,"post_author":"3","post_date":"2022-10-14 14:57:53","post_date_gmt":"2022-10-14 12:57:53","post_content":"","post_title":"DANIEL GARC\u00cdA RASO","post_excerpt":"","post_status":"publish","comment_status":"closed","ping_status":"closed","post_password":"","post_name":"daniel-garcia-raso","to_ping":"","pinged":"","post_modified":"2022-10-14 14:57:53","post_modified_gmt":"2022-10-14 12:57:53","post_content_filtered":"","post_parent":0,"guid":"http:\/\/dev.claret.cat\/autor\/daniel-garcia-raso\/","menu_order":0,"post_type":"autor","post_mime_type":"","comment_count":"0","filter":"raw"}]},"aioseo_notices":[],"_links":{"self":[{"href":"https:\/\/www.claret.cat\/es\/wp-json\/wp\/v2\/product\/146551","targetHints":{"allow":["GET"]}}],"collection":[{"href":"https:\/\/www.claret.cat\/es\/wp-json\/wp\/v2\/product"}],"about":[{"href":"https:\/\/www.claret.cat\/es\/wp-json\/wp\/v2\/types\/product"}],"wp:featuredmedia":[{"embeddable":true,"href":"https:\/\/www.claret.cat\/es\/wp-json\/wp\/v2\/media\/146552"}],"wp:attachment":[{"href":"https:\/\/www.claret.cat\/es\/wp-json\/wp\/v2\/media?parent=146551"}],"wp:term":[{"taxonomy":"product_brand","embeddable":true,"href":"https:\/\/www.claret.cat\/es\/wp-json\/wp\/v2\/product_brand?post=146551"},{"taxonomy":"product_cat","embeddable":true,"href":"https:\/\/www.claret.cat\/es\/wp-json\/wp\/v2\/product_cat?post=146551"},{"taxonomy":"product_tag","embeddable":true,"href":"https:\/\/www.claret.cat\/es\/wp-json\/wp\/v2\/product_tag?post=146551"}],"curies":[{"name":"wp","href":"https:\/\/api.w.org\/{rel}","templated":true}]}}