{"id":146572,"date":"2022-10-13T14:35:39","date_gmt":"2022-10-13T12:35:39","guid":{"rendered":"http:\/\/dev.claret.cat\/producte\/la-vida-de-los-monstruos\/"},"modified":"2023-01-28T19:43:57","modified_gmt":"2023-01-28T18:43:57","slug":"la-vida-de-los-monstruos-9788467933048","status":"publish","type":"product","link":"https:\/\/www.claret.cat\/es\/libro\/la-vida-de-los-monstruos-9788467933048\/","title":{"rendered":"LA VIDA DE LOS MONSTRUOS"},"content":{"rendered":"<p>El nuevo \u00e1lbum ilustrado de los reconocidos David Aceituno y Roger Olmos. Los monstruos viven en cada rinc\u00f3n y tambi\u00e9n en las azoteas. Salen los s\u00e1bados a bailar. Los monstruos habitan los libros. Se camuflan en nuestra rutina.<\/p>\n","protected":false},"excerpt":{"rendered":"<p>ACEITUNO,DAVID<\/p>\n","protected":false},"featured_media":146573,"template":"","meta":{"_acf_changed":false,"om_disable_all_campaigns":false,"rs_blank_template":"","rs_page_bg_color":"","slide_template_v7":"","inline_featured_image":false,"_monsterinsights_skip_tracking":false,"_monsterinsights_sitenote_active":false,"_monsterinsights_sitenote_note":"","_monsterinsights_sitenote_category":0},"product_brand":[],"product_cat":[86],"product_tag":[],"class_list":{"0":"post-146572","1":"product","2":"type-product","3":"status-publish","4":"has-post-thumbnail","6":"product_cat-infantil","8":"first","9":"instock","10":"taxable","11":"shipping-taxable","12":"purchasable","13":"product-type-simple"},"acf":{"editorial":[{"ID":6315,"post_author":"3","post_date":"2022-07-28 17:49:33","post_date_gmt":"2022-07-28 15:49:33","post_content":"","post_title":"NORMA EDITORIAL S.A","post_excerpt":"","post_status":"publish","comment_status":"closed","ping_status":"closed","post_password":"","post_name":"norma-editorial-s-a","to_ping":"","pinged":"","post_modified":"2022-07-28 17:49:33","post_modified_gmt":"2022-07-28 15:49:33","post_content_filtered":"","post_parent":0,"guid":"http:\/\/dev.claret.cat\/editorial\/norma-editorial-s-a\/","menu_order":0,"post_type":"editorial","post_mime_type":"","comment_count":"0","filter":"raw"}],"autor":"ACEITUNO,DAVID","codart":"846793304","libros-coleccion":"Alb\u00fam ilustrado","ediciones":"1","encuadernacion":"Carpeta","fecha_de_publicacion":"01\/10\/2018","novedad":"1","paginas":"65","subtitulo":"","orden":"0","portada":"0","idioma":"spa","autores-libros":[{"ID":153730,"post_author":"3","post_date":"2022-10-14 14:59:04","post_date_gmt":"2022-10-14 12:59:04","post_content":"","post_title":"DAVID ACEITUNO","post_excerpt":"","post_status":"publish","comment_status":"closed","ping_status":"closed","post_password":"","post_name":"david-aceituno","to_ping":"","pinged":"","post_modified":"2022-10-14 14:59:04","post_modified_gmt":"2022-10-14 12:59:04","post_content_filtered":"","post_parent":0,"guid":"http:\/\/dev.claret.cat\/autor\/david-aceituno\/","menu_order":0,"post_type":"autor","post_mime_type":"","comment_count":"0","filter":"raw"}]},"aioseo_notices":[],"_links":{"self":[{"href":"https:\/\/www.claret.cat\/es\/wp-json\/wp\/v2\/product\/146572","targetHints":{"allow":["GET"]}}],"collection":[{"href":"https:\/\/www.claret.cat\/es\/wp-json\/wp\/v2\/product"}],"about":[{"href":"https:\/\/www.claret.cat\/es\/wp-json\/wp\/v2\/types\/product"}],"wp:featuredmedia":[{"embeddable":true,"href":"https:\/\/www.claret.cat\/es\/wp-json\/wp\/v2\/media\/146573"}],"wp:attachment":[{"href":"https:\/\/www.claret.cat\/es\/wp-json\/wp\/v2\/media?parent=146572"}],"wp:term":[{"taxonomy":"product_brand","embeddable":true,"href":"https:\/\/www.claret.cat\/es\/wp-json\/wp\/v2\/product_brand?post=146572"},{"taxonomy":"product_cat","embeddable":true,"href":"https:\/\/www.claret.cat\/es\/wp-json\/wp\/v2\/product_cat?post=146572"},{"taxonomy":"product_tag","embeddable":true,"href":"https:\/\/www.claret.cat\/es\/wp-json\/wp\/v2\/product_tag?post=146572"}],"curies":[{"name":"wp","href":"https:\/\/api.w.org\/{rel}","templated":true}]}}