{"id":146632,"date":"2022-10-13T14:36:40","date_gmt":"2022-10-13T12:36:40","guid":{"rendered":"http:\/\/dev.claret.cat\/producte\/de-senectute-politica\/"},"modified":"2023-01-28T18:12:14","modified_gmt":"2023-01-28T17:12:14","slug":"de-senectute-politica-9788417346041","status":"publish","type":"product","link":"https:\/\/www.claret.cat\/es\/libro\/de-senectute-politica-9788417346041\/","title":{"rendered":"DE SENECTUTE POLITICA"},"content":{"rendered":"<p>\u00abEs precisamente esa otra consolaci\u00f3n ante la vejez, lo que me mueve a m\u00ed, a dirigirte ahora esta larga misiva desde Atenas. T\u00fa has dejado claro en tu obra, al hablarnos de que las dificultades de la vejez no provienen tanto de la edad como del car\u00e1cter y de la actitud vital de las personas, que envejecer es, en un alto grado, un empe\u00f1o \u00e9tico; y yo deseo ahora que reflexionemos sobre si el hecho de que nuestra sociedad est\u00e9 o no organizada y facultada para posibilitar dicho empe\u00f1o no hace del envejecer, tambi\u00e9n, un prop\u00f3sito pol\u00edtico\u00bb. La senectud ha existido desde que el hombre existe; pero, a diferencia de lo que ocurr\u00eda en tiempos de Cicer\u00f3n, nuestras sociedades han perdido la capacidad de pensar en la vejez sin asociarla a la decrepitud. En esta carta sin respuesta, Pedro Olalla entabla un v\u00edvido di\u00e1logo con un pensador de la Antig\u00fcedad tan comprometido con el destino de su comunidad como \u00e9l y, con ello, prueba hasta qu\u00e9 punto el paso del tiempo no siempre significa decadencia.<\/p>\n","protected":false},"excerpt":{"rendered":"<p>OLALLA GONZ\u00c1LEZ, PEDRO<\/p>\n","protected":false},"featured_media":146633,"template":"","meta":{"_acf_changed":false,"om_disable_all_campaigns":false,"rs_blank_template":"","rs_page_bg_color":"","slide_template_v7":"","inline_featured_image":false,"_monsterinsights_skip_tracking":false,"_monsterinsights_sitenote_active":false,"_monsterinsights_sitenote_note":"","_monsterinsights_sitenote_category":0},"product_brand":[],"product_cat":[83],"product_tag":[],"class_list":{"0":"post-146632","1":"product","2":"type-product","3":"status-publish","4":"has-post-thumbnail","6":"product_cat-filosofia","8":"first","9":"instock","10":"taxable","11":"shipping-taxable","12":"purchasable","13":"product-type-simple"},"acf":{"editorial":[{"ID":6111,"post_author":"3","post_date":"2022-07-28 17:45:08","post_date_gmt":"2022-07-28 15:45:08","post_content":"","post_title":"ACANTILADO","post_excerpt":"","post_status":"publish","comment_status":"closed","ping_status":"closed","post_password":"","post_name":"acantilado","to_ping":"","pinged":"","post_modified":"2022-07-28 17:45:08","post_modified_gmt":"2022-07-28 15:45:08","post_content_filtered":"","post_parent":0,"guid":"http:\/\/dev.claret.cat\/editorial\/acantilado\/","menu_order":0,"post_type":"editorial","post_mime_type":"","comment_count":"0","filter":"raw"}],"autor":"OLALLA GONZ\u00c1LEZ, PEDRO","codart":"841734604","libros-coleccion":"El Acantilado","ediciones":"1","encuadernacion":"R\u00fastica","fecha_de_publicacion":"01\/04\/2018","novedad":"0","paginas":"96","subtitulo":"CARTA SIN RESPUESTA A CICER\u00d3N","orden":"0","portada":"0","idioma":"spa","autores-libros":[{"ID":166886,"post_author":"3","post_date":"2022-10-14 18:06:50","post_date_gmt":"2022-10-14 16:06:50","post_content":"","post_title":"PEDRO OLALLA GONZ\u00c1LEZ","post_excerpt":"","post_status":"publish","comment_status":"closed","ping_status":"closed","post_password":"","post_name":"pedro-olalla-gonzalez","to_ping":"","pinged":"","post_modified":"2022-10-14 18:06:50","post_modified_gmt":"2022-10-14 16:06:50","post_content_filtered":"","post_parent":0,"guid":"http:\/\/dev.claret.cat\/autor\/pedro-olalla-gonzalez\/","menu_order":0,"post_type":"autor","post_mime_type":"","comment_count":"0","filter":"raw"}]},"aioseo_notices":[],"_links":{"self":[{"href":"https:\/\/www.claret.cat\/es\/wp-json\/wp\/v2\/product\/146632","targetHints":{"allow":["GET"]}}],"collection":[{"href":"https:\/\/www.claret.cat\/es\/wp-json\/wp\/v2\/product"}],"about":[{"href":"https:\/\/www.claret.cat\/es\/wp-json\/wp\/v2\/types\/product"}],"wp:featuredmedia":[{"embeddable":true,"href":"https:\/\/www.claret.cat\/es\/wp-json\/wp\/v2\/media\/146633"}],"wp:attachment":[{"href":"https:\/\/www.claret.cat\/es\/wp-json\/wp\/v2\/media?parent=146632"}],"wp:term":[{"taxonomy":"product_brand","embeddable":true,"href":"https:\/\/www.claret.cat\/es\/wp-json\/wp\/v2\/product_brand?post=146632"},{"taxonomy":"product_cat","embeddable":true,"href":"https:\/\/www.claret.cat\/es\/wp-json\/wp\/v2\/product_cat?post=146632"},{"taxonomy":"product_tag","embeddable":true,"href":"https:\/\/www.claret.cat\/es\/wp-json\/wp\/v2\/product_tag?post=146632"}],"curies":[{"name":"wp","href":"https:\/\/api.w.org\/{rel}","templated":true}]}}