{"id":14680,"date":"2022-10-01T22:54:52","date_gmt":"2022-10-01T20:54:52","guid":{"rendered":"http:\/\/dev.claret.cat\/producte\/encantadas\/"},"modified":"2025-12-22T10:30:49","modified_gmt":"2025-12-22T09:30:49","slug":"encantadas-9788448844561","status":"publish","type":"product","link":"https:\/\/www.claret.cat\/es\/libro\/encantadas-9788448844561\/","title":{"rendered":"ENCANTADAS"},"content":{"rendered":"<p>\u00bfA caso crees que la magia es solo un asunto de hechizos viejunos y  trucos que terminan en tach\u00e1n tach\u00e1n? Si abres bien lo ojos y el coraz\u00f3n  te dar\u00e1s cuenta de que la magia se esconde tambi\u00e9n en las cosas  peque\u00f1as&#8230;, y entonces, solo entonces, descubrir\u00e1s tambi\u00e9n a las Encantadas.\u00bfSabes qui\u00e9nes son las Encantadas y c\u00f3mo distinguirlas?<br \/>\u00bfDe qu\u00e9 manera puede romperse el encanto?<br \/>\u00bfExiste la magia m\u00e1s all\u00e1 de los cuentos de hadas?<br \/>Si quieres responder a estas cuestiones,<br \/>consultar una tabla peri\u00f3dica llena de magia<br \/>o ver de qu\u00e9 se compone el kit de supervivencia<br \/>de una Encantada, abre las p\u00e1ginas de este libro.<br \/>Entre un principio de leyenda y un final con hechizo,<br \/>encontrar\u00e1s hadas y brujas de todos los siglos y talantes,<br \/>un cat\u00e1logo de mariposas y hasta una tienda de tiritas.<br \/>Y si tienes suerte, quiz\u00e1 Discreta Garbo te cuente un secreto,<br \/>Quiz\u00e1 hasta conozcas al Pr\u00edncipe Oscuro.<br \/>Quiz\u00e1 Bailonga te saque a bailar.<br \/>Quiz\u00e1 seas una Encantada sin saberlo&#8230;<\/p>\n","protected":false},"excerpt":{"rendered":"<p>ACEITUNO,DAVID\/GILI,ESTHER<\/p>\n","protected":false},"featured_media":1071657,"template":"","meta":{"_acf_changed":false,"om_disable_all_campaigns":false,"rs_blank_template":"","rs_page_bg_color":"","slide_template_v7":"","inline_featured_image":false,"_monsterinsights_skip_tracking":false,"_monsterinsights_sitenote_active":false,"_monsterinsights_sitenote_note":"","_monsterinsights_sitenote_category":0},"product_brand":[],"product_cat":[105,555],"product_tag":[],"class_list":{"0":"post-14680","1":"product","2":"type-product","3":"status-publish","4":"has-post-thumbnail","6":"product_cat-regal","7":"product_cat-regalo","9":"first","10":"outofstock","11":"taxable","12":"shipping-taxable","13":"purchasable","14":"product-type-simple"},"acf":{"autor":"ACEITUNO,DAVID\/GILI,ESTHER","codart":"844884456","libros-coleccion":"","ediciones":"1","encuadernacion":"Carton\u00e9","fecha_de_publicacion":"01\/10\/2015","novedad":"0","paginas":"100","subtitulo":"","orden":"999","portada":"0","idioma":"spa","editorial":[{"ID":6296,"post_author":"3","post_date":"2022-07-28 17:49:09","post_date_gmt":"2022-07-28 15:49:09","post_content":"","post_title":"LUMEN","post_excerpt":"","post_status":"publish","comment_status":"closed","ping_status":"closed","post_password":"","post_name":"lumen","to_ping":"","pinged":"","post_modified":"2022-07-28 17:49:09","post_modified_gmt":"2022-07-28 15:49:09","post_content_filtered":"","post_parent":0,"guid":"http:\/\/dev.claret.cat\/editorial\/lumen\/","menu_order":0,"post_type":"editorial","post_mime_type":"","comment_count":"0","filter":"raw"}],"autores-libros":[{"ID":153730,"post_author":"3","post_date":"2022-10-14 14:59:04","post_date_gmt":"2022-10-14 12:59:04","post_content":"","post_title":"DAVID ACEITUNO","post_excerpt":"","post_status":"publish","comment_status":"closed","ping_status":"closed","post_password":"","post_name":"david-aceituno","to_ping":"","pinged":"","post_modified":"2022-10-14 14:59:04","post_modified_gmt":"2022-10-14 12:59:04","post_content_filtered":"","post_parent":0,"guid":"http:\/\/dev.claret.cat\/autor\/david-aceituno\/","menu_order":0,"post_type":"autor","post_mime_type":"","comment_count":"0","filter":"raw"},{"ID":155436,"post_author":"3","post_date":"2022-10-14 15:12:49","post_date_gmt":"2022-10-14 13:12:49","post_content":"","post_title":"ESTHER GILI","post_excerpt":"","post_status":"publish","comment_status":"closed","ping_status":"closed","post_password":"","post_name":"esther-gili","to_ping":"","pinged":"","post_modified":"2022-10-14 15:12:49","post_modified_gmt":"2022-10-14 13:12:49","post_content_filtered":"","post_parent":0,"guid":"http:\/\/dev.claret.cat\/autor\/esther-gili\/","menu_order":0,"post_type":"autor","post_mime_type":"","comment_count":"0","filter":"raw"}],"booktrailer":"","resenas":""},"aioseo_notices":[],"_links":{"self":[{"href":"https:\/\/www.claret.cat\/es\/wp-json\/wp\/v2\/product\/14680","targetHints":{"allow":["GET"]}}],"collection":[{"href":"https:\/\/www.claret.cat\/es\/wp-json\/wp\/v2\/product"}],"about":[{"href":"https:\/\/www.claret.cat\/es\/wp-json\/wp\/v2\/types\/product"}],"wp:featuredmedia":[{"embeddable":true,"href":"https:\/\/www.claret.cat\/es\/wp-json\/wp\/v2\/media\/1071657"}],"wp:attachment":[{"href":"https:\/\/www.claret.cat\/es\/wp-json\/wp\/v2\/media?parent=14680"}],"wp:term":[{"taxonomy":"product_brand","embeddable":true,"href":"https:\/\/www.claret.cat\/es\/wp-json\/wp\/v2\/product_brand?post=14680"},{"taxonomy":"product_cat","embeddable":true,"href":"https:\/\/www.claret.cat\/es\/wp-json\/wp\/v2\/product_cat?post=14680"},{"taxonomy":"product_tag","embeddable":true,"href":"https:\/\/www.claret.cat\/es\/wp-json\/wp\/v2\/product_tag?post=14680"}],"curies":[{"name":"wp","href":"https:\/\/api.w.org\/{rel}","templated":true}]}}