{"id":146887,"date":"2022-10-13T14:40:59","date_gmt":"2022-10-13T12:40:59","guid":{"rendered":"http:\/\/dev.claret.cat\/producte\/jo-anire-a-lescola-per-tu\/"},"modified":"2023-06-14T17:00:38","modified_gmt":"2023-06-14T15:00:38","slug":"jo-anire-a-lescola-per-tu-9788417333263","status":"publish","type":"product","link":"https:\/\/www.claret.cat\/es\/libro\/jo-anire-a-lescola-per-tu-9788417333263\/","title":{"rendered":"JO ANIR\u00c9 A L&#8217;ESCOLA PER TU"},"content":{"rendered":"<p>A tu tamb\u00e9 et costa llevar-te al mat\u00ed per anar a l&#8217;escola?<br \/> T&#8217;agradaria anar a una classe de m\u00e0gia o aprendre a parlar amb les plantes?<br \/> I viatjar a mons fant\u00e0stics a trav\u00e9s d&#8217;un arbre m\u00e0gic?<br \/> Saps qu\u00e8 \u00e9s un llibre monstru\u00f3s?<br \/> Descobreix amb la Martina i l&#8217;Anitram que divertit que pot ser anar a l&#8217;escola!<\/p>\n","protected":false},"excerpt":{"rendered":"<p>MARTINA I ANITRAM<\/p>\n","protected":false},"featured_media":146888,"template":"","meta":{"_acf_changed":false,"om_disable_all_campaigns":false,"rs_blank_template":"","rs_page_bg_color":"","slide_template_v7":"","inline_featured_image":false,"_monsterinsights_skip_tracking":false,"_monsterinsights_sitenote_active":false,"_monsterinsights_sitenote_note":"","_monsterinsights_sitenote_category":0},"product_brand":[],"product_cat":[86,352],"product_tag":[],"class_list":{"0":"post-146887","1":"product","2":"type-product","3":"status-publish","4":"has-post-thumbnail","6":"product_cat-infantil","7":"product_cat-infantil-3_infantil-juvenil-spa","9":"first","10":"instock","11":"taxable","12":"shipping-taxable","13":"purchasable","14":"product-type-simple"},"acf":{"autor":"MARTINA I ANITRAM","codart":"841733326","libros-coleccion":"Monstres","ediciones":"1","encuadernacion":"Carton\u00e9","fecha_de_publicacion":"01\/11\/2018","novedad":"1","paginas":"45","subtitulo":"","orden":"0","portada":"0","idioma":"cat","editorial":[{"ID":148695,"post_author":"3","post_date":"2022-10-14 12:00:16","post_date_gmt":"2022-10-14 10:00:16","post_content":"","post_title":"PRINCIPAL DE LOS LIBROS","post_excerpt":"","post_status":"publish","comment_status":"closed","ping_status":"closed","post_password":"","post_name":"principal-de-los-libros","to_ping":"","pinged":"","post_modified":"2022-10-14 12:00:16","post_modified_gmt":"2022-10-14 10:00:16","post_content_filtered":"","post_parent":0,"guid":"http:\/\/dev.claret.cat\/editorial\/principal-de-los-libros\/","menu_order":0,"post_type":"editorial","post_mime_type":"","comment_count":"0","filter":"raw"}],"autores-libros":[{"ID":164332,"post_author":"3","post_date":"2022-10-14 17:46:14","post_date_gmt":"2022-10-14 15:46:14","post_content":"","post_title":"MARTINA I ANITRAM","post_excerpt":"","post_status":"publish","comment_status":"closed","ping_status":"closed","post_password":"","post_name":"martina-i-anitram","to_ping":"","pinged":"","post_modified":"2022-10-14 17:46:14","post_modified_gmt":"2022-10-14 15:46:14","post_content_filtered":"","post_parent":0,"guid":"http:\/\/dev.claret.cat\/autor\/martina-i-anitram\/","menu_order":0,"post_type":"autor","post_mime_type":"","comment_count":"0","filter":"raw"}]},"aioseo_notices":[],"_links":{"self":[{"href":"https:\/\/www.claret.cat\/es\/wp-json\/wp\/v2\/product\/146887","targetHints":{"allow":["GET"]}}],"collection":[{"href":"https:\/\/www.claret.cat\/es\/wp-json\/wp\/v2\/product"}],"about":[{"href":"https:\/\/www.claret.cat\/es\/wp-json\/wp\/v2\/types\/product"}],"wp:featuredmedia":[{"embeddable":true,"href":"https:\/\/www.claret.cat\/es\/wp-json\/wp\/v2\/media\/146888"}],"wp:attachment":[{"href":"https:\/\/www.claret.cat\/es\/wp-json\/wp\/v2\/media?parent=146887"}],"wp:term":[{"taxonomy":"product_brand","embeddable":true,"href":"https:\/\/www.claret.cat\/es\/wp-json\/wp\/v2\/product_brand?post=146887"},{"taxonomy":"product_cat","embeddable":true,"href":"https:\/\/www.claret.cat\/es\/wp-json\/wp\/v2\/product_cat?post=146887"},{"taxonomy":"product_tag","embeddable":true,"href":"https:\/\/www.claret.cat\/es\/wp-json\/wp\/v2\/product_tag?post=146887"}],"curies":[{"name":"wp","href":"https:\/\/api.w.org\/{rel}","templated":true}]}}