{"id":146926,"date":"2022-10-13T14:41:37","date_gmt":"2022-10-13T12:41:37","guid":{"rendered":"http:\/\/dev.claret.cat\/producte\/del-desig\/"},"modified":"2024-02-05T14:30:11","modified_gmt":"2024-02-05T13:30:11","slug":"del-desig-9788417016647","status":"publish","type":"product","link":"https:\/\/www.claret.cat\/es\/libro\/del-desig-9788417016647\/","title":{"rendered":"DEL DESIG"},"content":{"rendered":"<p>La figura magn\u00e8tica de Gabriel Ferrater va eclipsar el seu germ\u00e0 que va viure molts anys a Cuba i al Canad\u00e0, el cr\u00edtic literari, traductor i poeta Joan Ferrat\u00e9, de qui aquest any s\u2019ha commemorat el 15\u00e8 aniversari de la mort (amb el lliurament de la seva biblioteca personal a la UdG). D\u2019entre la seva obra, hi ha un text que ha aixecat for\u00e7a polseguera tot i ser in\u00e8dit; es tracta dels seus diaris \u00edntims, que va deixar preparats amb el t\u00edtol Del desig. Escrits entre els anys 60 i 70, aquests diaris breus, de maduresa tracten del desig er\u00f2tic homosexual i de la relaci\u00f3 que Ferrat\u00e9 va mantenir mentre vivia al Canad\u00e0 amb el jove Daniel. S\u00f3n uns diaris d\u2019un alt\u00edssim nivell literari i intel\u00b7lectual, d\u2019una introspecci\u00f3 depurada. L\u2019obra p\u00f2stuma d\u2019un intel\u00b7lectual europeu del segle XX.<\/p>\n","protected":false},"excerpt":{"rendered":"<p>FERRAT\u00c9, JOAN<\/p>\n","protected":false},"featured_media":146927,"template":"","meta":{"_acf_changed":false,"om_disable_all_campaigns":false,"rs_blank_template":"","rs_page_bg_color":"","slide_template_v7":"","inline_featured_image":false,"_monsterinsights_skip_tracking":false,"_monsterinsights_sitenote_active":false,"_monsterinsights_sitenote_note":"","_monsterinsights_sitenote_category":0},"product_brand":[],"product_cat":[87,353],"product_tag":[],"class_list":{"0":"post-146926","1":"product","2":"type-product","3":"status-publish","4":"has-post-thumbnail","6":"product_cat-literatura","7":"product_cat-literatura-2_humanidades","9":"first","10":"instock","11":"taxable","12":"shipping-taxable","13":"purchasable","14":"product-type-simple"},"acf":{"editorial":[{"ID":6223,"post_author":"3","post_date":"2022-07-28 17:47:32","post_date_gmt":"2022-07-28 15:47:32","post_content":"","post_title":"EDITORIAL EMP\u00daRIES","post_excerpt":"","post_status":"publish","comment_status":"closed","ping_status":"closed","post_password":"","post_name":"editorial-empuries","to_ping":"","pinged":"","post_modified":"2022-07-28 17:47:32","post_modified_gmt":"2022-07-28 15:47:32","post_content_filtered":"","post_parent":0,"guid":"http:\/\/dev.claret.cat\/editorial\/editorial-empuries\/","menu_order":0,"post_type":"editorial","post_mime_type":"","comment_count":"0","filter":"raw"}],"autor":"FERRAT\u00c9, JOAN","codart":"841701664","libros-coleccion":"EMP\u00daRIES NARRATIVA","ediciones":"1","encuadernacion":"R\u00fastica","fecha_de_publicacion":"01\/11\/2018","novedad":"1","paginas":"133","subtitulo":"TRES DIARIS","orden":"0","portada":"0","idioma":"cat","autores-libros":[{"ID":159309,"post_author":"3","post_date":"2022-10-14 15:43:48","post_date_gmt":"2022-10-14 13:43:48","post_content":"","post_title":"JOAN FERRATE","post_excerpt":"","post_status":"publish","comment_status":"closed","ping_status":"closed","post_password":"","post_name":"joan-ferrate","to_ping":"","pinged":"","post_modified":"2022-10-14 15:43:48","post_modified_gmt":"2022-10-14 13:43:48","post_content_filtered":"","post_parent":0,"guid":"http:\/\/dev.claret.cat\/autor\/joan-ferrate\/","menu_order":0,"post_type":"autor","post_mime_type":"","comment_count":"0","filter":"raw"}]},"aioseo_notices":[],"_links":{"self":[{"href":"https:\/\/www.claret.cat\/es\/wp-json\/wp\/v2\/product\/146926","targetHints":{"allow":["GET"]}}],"collection":[{"href":"https:\/\/www.claret.cat\/es\/wp-json\/wp\/v2\/product"}],"about":[{"href":"https:\/\/www.claret.cat\/es\/wp-json\/wp\/v2\/types\/product"}],"wp:featuredmedia":[{"embeddable":true,"href":"https:\/\/www.claret.cat\/es\/wp-json\/wp\/v2\/media\/146927"}],"wp:attachment":[{"href":"https:\/\/www.claret.cat\/es\/wp-json\/wp\/v2\/media?parent=146926"}],"wp:term":[{"taxonomy":"product_brand","embeddable":true,"href":"https:\/\/www.claret.cat\/es\/wp-json\/wp\/v2\/product_brand?post=146926"},{"taxonomy":"product_cat","embeddable":true,"href":"https:\/\/www.claret.cat\/es\/wp-json\/wp\/v2\/product_cat?post=146926"},{"taxonomy":"product_tag","embeddable":true,"href":"https:\/\/www.claret.cat\/es\/wp-json\/wp\/v2\/product_tag?post=146926"}],"curies":[{"name":"wp","href":"https:\/\/api.w.org\/{rel}","templated":true}]}}