{"id":146929,"date":"2022-10-13T14:41:40","date_gmt":"2022-10-13T12:41:40","guid":{"rendered":"http:\/\/dev.claret.cat\/producte\/allo-que-va-passar-a-cardos-2\/"},"modified":"2024-01-31T18:51:28","modified_gmt":"2024-01-31T17:51:28","slug":"allo-que-va-passar-a-cardos-9788417420239","status":"publish","type":"product","link":"https:\/\/www.claret.cat\/es\/libro\/allo-que-va-passar-a-cardos-9788417420239\/","title":{"rendered":"ALL\u00d2 QUE VA PASSAR A CARD\u00d3S"},"content":{"rendered":"<p>Un gu\u00e0rdia civil \u00e9s assassinat a la vall de Card\u00f3s una nit de neu del 1965. Les causes i les conseq\u00fc\u00e8ncies del crim travessen un territori sacsejat per les obres d&#8217;un gran complex hidroel\u00e8ctric. Milers de treballadors excaven quil\u00f2metres de galeries subterr\u00e0nies, pous verticals i centrals invisibles des de l&#8217;exterior. La vida dels habitants de la vall es transforma. S&#8217;hi respiren aires nous, la guerra queda lluny, arriben la televisi\u00f3, el sis-cents, el turisme, el twist i el biquini.<br \/> Com buscadors d&#8217;or, una corrua de persones acut a Card\u00f3s a la recerca d&#8217;una feina. S&#8217;allotgen en campaments i pobles, des del pla fins als llacs m\u00e9s alts, i les seves hist\u00f2ries d&#8217;emigraci\u00f3 i desarrelament, d&#8217;amor i de lluita s&#8217;encreuen les unes amb les altres. Hi ha conflictes de conviv\u00e8ncia, prosperitat econ\u00f2mica, accidents de treball, corrupteles i el rerefons permanent de la dictadura. Un assassinat ho lliga tot.<br \/> Sis anys despr\u00e9s de L&#8217;home de la maleta, Ramon Solsona ofereix una novel\u00b7la \u00e8pica i vibrant que t\u00e9 tota la rotunditat dels cl\u00e0ssics.<\/p>\n","protected":false},"excerpt":{"rendered":"<p>SOLSONA, RAMON<\/p>\n","protected":false},"featured_media":146930,"template":"","meta":{"_acf_changed":false,"om_disable_all_campaigns":false,"rs_blank_template":"","rs_page_bg_color":"","slide_template_v7":"","inline_featured_image":false,"_monsterinsights_skip_tracking":false,"_monsterinsights_sitenote_active":false,"_monsterinsights_sitenote_note":"","_monsterinsights_sitenote_category":0},"product_brand":[],"product_cat":[87,353],"product_tag":[],"class_list":{"0":"post-146929","1":"product","2":"type-product","3":"status-publish","4":"has-post-thumbnail","6":"product_cat-literatura","7":"product_cat-literatura-2_humanidades","9":"first","10":"instock","11":"taxable","12":"shipping-taxable","13":"purchasable","14":"product-type-simple"},"acf":{"editorial":[{"ID":6281,"post_author":"3","post_date":"2022-07-28 17:48:50","post_date_gmt":"2022-07-28 15:48:50","post_content":"","post_title":"LABUTXACA","post_excerpt":"","post_status":"publish","comment_status":"closed","ping_status":"closed","post_password":"","post_name":"labutxaca","to_ping":"","pinged":"","post_modified":"2022-07-28 17:48:50","post_modified_gmt":"2022-07-28 15:48:50","post_content_filtered":"","post_parent":0,"guid":"http:\/\/dev.claret.cat\/editorial\/labutxaca\/","menu_order":0,"post_type":"editorial","post_mime_type":"","comment_count":"0","filter":"raw"}],"autor":"SOLSONA, RAMON","codart":"841742023","libros-coleccion":"LABUTXACA","ediciones":"1","encuadernacion":"R\u00fastica","fecha_de_publicacion":"01\/11\/2018","novedad":"1","paginas":"459","subtitulo":"","orden":"0","portada":"0","idioma":"cat","autores-libros":[{"ID":167758,"post_author":"3","post_date":"2022-10-14 18:13:47","post_date_gmt":"2022-10-14 16:13:47","post_content":"","post_title":"RAMON SOLSONA","post_excerpt":"","post_status":"publish","comment_status":"closed","ping_status":"closed","post_password":"","post_name":"ramon-solsona","to_ping":"","pinged":"","post_modified":"2022-10-14 18:13:47","post_modified_gmt":"2022-10-14 16:13:47","post_content_filtered":"","post_parent":0,"guid":"http:\/\/dev.claret.cat\/autor\/ramon-solsona\/","menu_order":0,"post_type":"autor","post_mime_type":"","comment_count":"0","filter":"raw"}]},"aioseo_notices":[],"_links":{"self":[{"href":"https:\/\/www.claret.cat\/es\/wp-json\/wp\/v2\/product\/146929","targetHints":{"allow":["GET"]}}],"collection":[{"href":"https:\/\/www.claret.cat\/es\/wp-json\/wp\/v2\/product"}],"about":[{"href":"https:\/\/www.claret.cat\/es\/wp-json\/wp\/v2\/types\/product"}],"wp:featuredmedia":[{"embeddable":true,"href":"https:\/\/www.claret.cat\/es\/wp-json\/wp\/v2\/media\/146930"}],"wp:attachment":[{"href":"https:\/\/www.claret.cat\/es\/wp-json\/wp\/v2\/media?parent=146929"}],"wp:term":[{"taxonomy":"product_brand","embeddable":true,"href":"https:\/\/www.claret.cat\/es\/wp-json\/wp\/v2\/product_brand?post=146929"},{"taxonomy":"product_cat","embeddable":true,"href":"https:\/\/www.claret.cat\/es\/wp-json\/wp\/v2\/product_cat?post=146929"},{"taxonomy":"product_tag","embeddable":true,"href":"https:\/\/www.claret.cat\/es\/wp-json\/wp\/v2\/product_tag?post=146929"}],"curies":[{"name":"wp","href":"https:\/\/api.w.org\/{rel}","templated":true}]}}