{"id":146995,"date":"2022-10-13T14:42:43","date_gmt":"2022-10-13T12:42:43","guid":{"rendered":"http:\/\/dev.claret.cat\/producte\/permafrost\/"},"modified":"2023-01-28T18:23:18","modified_gmt":"2023-01-28T17:23:18","slug":"permafrost-9788439735144","status":"publish","type":"product","link":"https:\/\/www.claret.cat\/es\/libro\/permafrost-9788439735144\/","title":{"rendered":"PERMAFROST"},"content":{"rendered":"<p>Permafrost es el sorprendente debut de Eva Baltasar, una  historia contundente, \u00edntima y carnal de una protagonista con pulsiones  suicidas que se protege del exterior pero se entrega con intensidad al sexo con otras mujeres, la literatura y el arte. El permafrost es esa capa de la tierra permanentemente congelada y es  tambi\u00e9n la membrana que cubre a la protagonista de esta novela. Escrita  en primera persona, nos presenta a una mujer en etapa de formaci\u00f3n que  se protege del exterior, que percibe la superficialidad en todo cuanto  la rodea y huye de un entorno que nada tiene que ver con su manera de  entender la vida: una madre obsesionada con la salud, omnipresente y  controladora, y una hermana que afronta su existencia convencional con  medicaci\u00f3n y un positivismo irritante. La protagonista, que siente  pulsiones suicidas, no permite que nadie se le acerque demasiado, pero  al mismo tiempo se entrega con intensidad al sexo con otras mujeres, la  literatura y el arte. El pulso entre el hedonismo, los placeres m\u00e1s  carnales y la muerte es constante en esta novela, as\u00ed como el tono  mordaz de una protagonista que nos gana con su inteligencia y su humor negr\u00edsimo desde la primera p\u00e1gina. Repleto de im\u00e1genes po\u00e9ticas, contundentes y muy f\u00edsicas, este car\u00e1cter  tan palpable del texto no es gratuito en una novela que nos  habla del  cuerpo, del sexo, del yo; una obra aguda y directa que reivindica la libertad femenina en el placer y en la soledad. Eva Baltasar inicia con Permafrost un tr\u00edptico de protagonistas  femeninas que quiere explorar distintas etapas en la vida de las mujeres. La cr\u00edtica ha dicho&#8230;<br \/>\u00abUn libro de muchos voltios sobre el yo, el cuerpo, el sexo y la  familia, uno de los libros del a\u00f1o. Su fuerza po\u00e9tica, im\u00e1genes bestias,  la manera tan bien dicha de decirlo fuerte [&#8230;] Describe como no pensabas que pudiera hacerse.\u00bb<br \/>La Vanguardia \u00abEmerge el lenguaje po\u00e9tico que tanto domina, fluye como un mon\u00f3logo en voz alta.\u00bb<br \/>El Peri\u00f3dico \u00abValiente y arriesgada.\u00bb<br \/>El Pa\u00eds \u00ab\u00cdntimo, bello, ir\u00f3nico y sorprendente.\u00bb<br \/>N\u00favol \u00abUna escritura \u00e1gil y electrizante y una mirada personal cruda y l\u00facida. Convence.\u00bb<br \/>Diari ARA<\/p>\n","protected":false},"excerpt":{"rendered":"<p>BALTASAR, EVA<\/p>\n","protected":false},"featured_media":146996,"template":"","meta":{"_acf_changed":false,"om_disable_all_campaigns":false,"rs_blank_template":"","rs_page_bg_color":"","slide_template_v7":"","inline_featured_image":false,"_monsterinsights_skip_tracking":false,"_monsterinsights_sitenote_active":false,"_monsterinsights_sitenote_note":"","_monsterinsights_sitenote_category":0},"product_brand":[],"product_cat":[87],"product_tag":[],"class_list":{"0":"post-146995","1":"product","2":"type-product","3":"status-publish","4":"has-post-thumbnail","6":"product_cat-literatura","8":"first","9":"instock","10":"taxable","11":"shipping-taxable","12":"purchasable","13":"product-type-simple"},"acf":{"editorial":[{"ID":6290,"post_author":"3","post_date":"2022-07-28 17:49:01","post_date_gmt":"2022-07-28 15:49:01","post_content":"","post_title":"LITERATURA RANDOM HOUSE","post_excerpt":"","post_status":"publish","comment_status":"closed","ping_status":"closed","post_password":"","post_name":"literatura-random-house","to_ping":"","pinged":"","post_modified":"2022-07-28 17:49:01","post_modified_gmt":"2022-07-28 15:49:01","post_content_filtered":"","post_parent":0,"guid":"http:\/\/dev.claret.cat\/editorial\/literatura-random-house\/","menu_order":0,"post_type":"editorial","post_mime_type":"","comment_count":"0","filter":"raw"}],"autor":"BALTASAR, EVA","codart":"843973514","libros-coleccion":"Literatura Random House","ediciones":"1","encuadernacion":"R\u00fastica","fecha_de_publicacion":"01\/11\/2018","novedad":"1","paginas":"132","subtitulo":"","orden":"0","portada":"0","idioma":"spa","autores-libros":[{"ID":155514,"post_author":"3","post_date":"2022-10-14 15:13:26","post_date_gmt":"2022-10-14 13:13:26","post_content":"","post_title":"EVA BALTASAR","post_excerpt":"","post_status":"publish","comment_status":"closed","ping_status":"closed","post_password":"","post_name":"eva-baltasar","to_ping":"","pinged":"","post_modified":"2022-10-14 15:13:26","post_modified_gmt":"2022-10-14 13:13:26","post_content_filtered":"","post_parent":0,"guid":"http:\/\/dev.claret.cat\/autor\/eva-baltasar\/","menu_order":0,"post_type":"autor","post_mime_type":"","comment_count":"0","filter":"raw"}]},"aioseo_notices":[],"_links":{"self":[{"href":"https:\/\/www.claret.cat\/es\/wp-json\/wp\/v2\/product\/146995","targetHints":{"allow":["GET"]}}],"collection":[{"href":"https:\/\/www.claret.cat\/es\/wp-json\/wp\/v2\/product"}],"about":[{"href":"https:\/\/www.claret.cat\/es\/wp-json\/wp\/v2\/types\/product"}],"wp:featuredmedia":[{"embeddable":true,"href":"https:\/\/www.claret.cat\/es\/wp-json\/wp\/v2\/media\/146996"}],"wp:attachment":[{"href":"https:\/\/www.claret.cat\/es\/wp-json\/wp\/v2\/media?parent=146995"}],"wp:term":[{"taxonomy":"product_brand","embeddable":true,"href":"https:\/\/www.claret.cat\/es\/wp-json\/wp\/v2\/product_brand?post=146995"},{"taxonomy":"product_cat","embeddable":true,"href":"https:\/\/www.claret.cat\/es\/wp-json\/wp\/v2\/product_cat?post=146995"},{"taxonomy":"product_tag","embeddable":true,"href":"https:\/\/www.claret.cat\/es\/wp-json\/wp\/v2\/product_tag?post=146995"}],"curies":[{"name":"wp","href":"https:\/\/api.w.org\/{rel}","templated":true}]}}