{"id":147019,"date":"2022-10-13T14:43:06","date_gmt":"2022-10-13T12:43:06","guid":{"rendered":"http:\/\/dev.claret.cat\/producte\/la-nena-que-va-salvar-els-llibres\/"},"modified":"2023-01-28T20:31:33","modified_gmt":"2023-01-28T19:31:33","slug":"la-nena-que-va-salvar-els-llibres-9788417424275","status":"publish","type":"product","link":"https:\/\/www.claret.cat\/es\/libro\/la-nena-que-va-salvar-els-llibres-9788417424275\/","title":{"rendered":"LA NENA QUE VA SALVAR ELS LLIBRES"},"content":{"rendered":"<p>Una hist\u00f2ria meravellosa, po\u00e8tica i m\u00e0gica sobre l&#8217;amor pels llibres. L&#8217;Anna t\u00e9 gaireb\u00e9 deu anys i el que m\u00e9s li agrada \u00e9s llegir. La seva  passi\u00f3 \u00e9s tan gran que Monsen, el bibliotecari, s&#8217;ha convertit en un dels seus millors amics. Un dia, el seu amic li explica a l&#8217;Anna el dest\u00ed dels llibres que ning\u00fa vol prendre prestats de la biblioteca.  Aquests llibres desapareixen, es destrueixen. Per\u00f2, qu\u00e8 passa amb els que viuen dins d&#8217;aquests llibres, es pregunta l&#8217;Anna, desapareixen tamb\u00e9? Pensar que tot aquest m\u00f3n m\u00e0gic i els seus habitants es poden perdre per sempre li resulta insuportable. \u00c9s llavors quan Anna empr\u00e8n un extraordinari viatge amb una missi\u00f3 que ning\u00fa ha aconseguit fins ara: salvar els llibres de l&#8217;oblit.<\/p>\n","protected":false},"excerpt":{"rendered":"<p>AISATO, LISA \/ HAGERUP, KLAUS<\/p>\n","protected":false},"featured_media":147020,"template":"","meta":{"_acf_changed":false,"om_disable_all_campaigns":false,"rs_blank_template":"","rs_page_bg_color":"","slide_template_v7":"","inline_featured_image":false,"_monsterinsights_skip_tracking":false,"_monsterinsights_sitenote_active":false,"_monsterinsights_sitenote_note":"","_monsterinsights_sitenote_category":0},"product_brand":[],"product_cat":[86],"product_tag":[],"class_list":{"0":"post-147019","1":"product","2":"type-product","3":"status-publish","4":"has-post-thumbnail","6":"product_cat-infantil","8":"first","9":"instock","10":"taxable","11":"shipping-taxable","12":"purchasable","13":"product-type-simple"},"acf":{"editorial":[{"ID":6136,"post_author":"3","post_date":"2022-07-28 17:45:39","post_date_gmt":"2022-07-28 15:45:39","post_content":"","post_title":"B de Blok (Ediciones B)","post_excerpt":"","post_status":"publish","comment_status":"closed","ping_status":"closed","post_password":"","post_name":"b-de-blok-ediciones-b","to_ping":"","pinged":"","post_modified":"2022-07-28 17:45:39","post_modified_gmt":"2022-07-28 15:45:39","post_content_filtered":"","post_parent":0,"guid":"http:\/\/dev.claret.cat\/editorial\/b-de-blok-ediciones-b\/","menu_order":0,"post_type":"editorial","post_mime_type":"","comment_count":"0","filter":"raw"}],"autor":"AISATO, LISA \/ HAGERUP, KLAUS","codart":"841742427","libros-coleccion":"B Plus","ediciones":"1","encuadernacion":"Carton\u00e9","fecha_de_publicacion":"01\/11\/2018","novedad":"1","paginas":"65","subtitulo":"","orden":"0","portada":"0","idioma":"cat","autores-libros":[{"ID":162253,"post_author":"3","post_date":"2022-10-14 17:29:33","post_date_gmt":"2022-10-14 15:29:33","post_content":"","post_title":"LISA AISATO","post_excerpt":"","post_status":"publish","comment_status":"closed","ping_status":"closed","post_password":"","post_name":"lisa-aisato","to_ping":"","pinged":"","post_modified":"2022-10-14 17:29:33","post_modified_gmt":"2022-10-14 15:29:33","post_content_filtered":"","post_parent":0,"guid":"http:\/\/dev.claret.cat\/autor\/lisa-aisato\/","menu_order":0,"post_type":"autor","post_mime_type":"","comment_count":"0","filter":"raw"},{"ID":161718,"post_author":"3","post_date":"2022-10-14 17:20:29","post_date_gmt":"2022-10-14 15:20:29","post_content":"","post_title":"KLAUS HAGERUP","post_excerpt":"","post_status":"publish","comment_status":"closed","ping_status":"closed","post_password":"","post_name":"klaus-hagerup","to_ping":"","pinged":"","post_modified":"2022-10-14 17:20:29","post_modified_gmt":"2022-10-14 15:20:29","post_content_filtered":"","post_parent":0,"guid":"http:\/\/dev.claret.cat\/autor\/klaus-hagerup\/","menu_order":0,"post_type":"autor","post_mime_type":"","comment_count":"0","filter":"raw"}]},"aioseo_notices":[],"_links":{"self":[{"href":"https:\/\/www.claret.cat\/es\/wp-json\/wp\/v2\/product\/147019","targetHints":{"allow":["GET"]}}],"collection":[{"href":"https:\/\/www.claret.cat\/es\/wp-json\/wp\/v2\/product"}],"about":[{"href":"https:\/\/www.claret.cat\/es\/wp-json\/wp\/v2\/types\/product"}],"wp:featuredmedia":[{"embeddable":true,"href":"https:\/\/www.claret.cat\/es\/wp-json\/wp\/v2\/media\/147020"}],"wp:attachment":[{"href":"https:\/\/www.claret.cat\/es\/wp-json\/wp\/v2\/media?parent=147019"}],"wp:term":[{"taxonomy":"product_brand","embeddable":true,"href":"https:\/\/www.claret.cat\/es\/wp-json\/wp\/v2\/product_brand?post=147019"},{"taxonomy":"product_cat","embeddable":true,"href":"https:\/\/www.claret.cat\/es\/wp-json\/wp\/v2\/product_cat?post=147019"},{"taxonomy":"product_tag","embeddable":true,"href":"https:\/\/www.claret.cat\/es\/wp-json\/wp\/v2\/product_tag?post=147019"}],"curies":[{"name":"wp","href":"https:\/\/api.w.org\/{rel}","templated":true}]}}