{"id":147034,"date":"2022-10-13T14:43:20","date_gmt":"2022-10-13T12:43:20","guid":{"rendered":"http:\/\/dev.claret.cat\/producte\/la-nina-que-salvo-a-los-libros\/"},"modified":"2023-01-28T06:36:43","modified_gmt":"2023-01-28T05:36:43","slug":"la-nina-que-salvo-a-los-libros-9788416712748","status":"publish","type":"product","link":"https:\/\/www.claret.cat\/es\/libro\/la-nina-que-salvo-a-los-libros-9788416712748\/","title":{"rendered":"LA NI\u00d1A QUE SALV\u00d3 A LOS LIBROS"},"content":{"rendered":"<p>Una historia encantadora, po\u00e9tica y m\u00e1gica sobre el amor por los libros. Anna tiene casi 10 a\u00f1os y le encanta leer. Le gusta tanto que Monsen, el  bibliotecario, se ha convertido en uno de sus mejores amigos. Un d\u00eda, su amigo le cuenta a Anna qu\u00e9 sucede con los libros que nadie  quiere tomar prestados de la biblioteca. Estos libros desaparecen, se  destruyen. Pero, \u00bfqu\u00e9 ocurre con quienes viven dentro de esos libros, se  pregunta Anna, desaparecen tambi\u00e9n? La idea de que todo ese mundo m\u00e1gico  y sus habitantes se pierdan para siempre se le hace insoportable. Y es entonces cuando Anna emprende un extraordinario viaje con una misi\u00f3n que nadie ha logrado hasta entonces: salvar a los libros del olvido.<\/p>\n","protected":false},"excerpt":{"rendered":"<p>AISATO, LISA \/ HAGERUP, KLAUS<\/p>\n","protected":false},"featured_media":147035,"template":"","meta":{"_acf_changed":false,"om_disable_all_campaigns":false,"rs_blank_template":"","rs_page_bg_color":"","slide_template_v7":"","inline_featured_image":false,"_monsterinsights_skip_tracking":false,"_monsterinsights_sitenote_active":false,"_monsterinsights_sitenote_note":"","_monsterinsights_sitenote_category":0},"product_brand":[],"product_cat":[86],"product_tag":[],"class_list":{"0":"post-147034","1":"product","2":"type-product","3":"status-publish","4":"has-post-thumbnail","6":"product_cat-infantil","8":"first","9":"instock","10":"taxable","11":"shipping-taxable","12":"purchasable","13":"product-type-simple"},"acf":{"editorial":[{"ID":147505,"post_author":"3","post_date":"2022-10-14 11:51:06","post_date_gmt":"2022-10-14 09:51:06","post_content":"","post_title":"B BLOK","post_excerpt":"","post_status":"publish","comment_status":"closed","ping_status":"closed","post_password":"","post_name":"b-blok","to_ping":"","pinged":"","post_modified":"2022-10-14 11:51:06","post_modified_gmt":"2022-10-14 09:51:06","post_content_filtered":"","post_parent":0,"guid":"http:\/\/dev.claret.cat\/editorial\/b-blok\/","menu_order":0,"post_type":"editorial","post_mime_type":"","comment_count":"0","filter":"raw"}],"autores-libros":[{"ID":162253,"post_author":"3","post_date":"2022-10-14 17:29:33","post_date_gmt":"2022-10-14 15:29:33","post_content":"","post_title":"LISA AISATO","post_excerpt":"","post_status":"publish","comment_status":"closed","ping_status":"closed","post_password":"","post_name":"lisa-aisato","to_ping":"","pinged":"","post_modified":"2022-10-14 17:29:33","post_modified_gmt":"2022-10-14 15:29:33","post_content_filtered":"","post_parent":0,"guid":"http:\/\/dev.claret.cat\/autor\/lisa-aisato\/","menu_order":0,"post_type":"autor","post_mime_type":"","comment_count":"0","filter":"raw"},{"ID":161718,"post_author":"3","post_date":"2022-10-14 17:20:29","post_date_gmt":"2022-10-14 15:20:29","post_content":"","post_title":"KLAUS HAGERUP","post_excerpt":"","post_status":"publish","comment_status":"closed","ping_status":"closed","post_password":"","post_name":"klaus-hagerup","to_ping":"","pinged":"","post_modified":"2022-10-14 17:20:29","post_modified_gmt":"2022-10-14 15:20:29","post_content_filtered":"","post_parent":0,"guid":"http:\/\/dev.claret.cat\/autor\/klaus-hagerup\/","menu_order":0,"post_type":"autor","post_mime_type":"","comment_count":"0","filter":"raw"}],"autor":"AISATO, LISA \/ HAGERUP, KLAUS","codart":"841671274","libros-coleccion":"B Plus","ediciones":"1","encuadernacion":"Carton\u00e9","fecha_de_publicacion":"01\/11\/2018","novedad":"1","paginas":"65","subtitulo":"","orden":"0","portada":"0","idioma":"spa"},"aioseo_notices":[],"_links":{"self":[{"href":"https:\/\/www.claret.cat\/es\/wp-json\/wp\/v2\/product\/147034","targetHints":{"allow":["GET"]}}],"collection":[{"href":"https:\/\/www.claret.cat\/es\/wp-json\/wp\/v2\/product"}],"about":[{"href":"https:\/\/www.claret.cat\/es\/wp-json\/wp\/v2\/types\/product"}],"wp:featuredmedia":[{"embeddable":true,"href":"https:\/\/www.claret.cat\/es\/wp-json\/wp\/v2\/media\/147035"}],"wp:attachment":[{"href":"https:\/\/www.claret.cat\/es\/wp-json\/wp\/v2\/media?parent=147034"}],"wp:term":[{"taxonomy":"product_brand","embeddable":true,"href":"https:\/\/www.claret.cat\/es\/wp-json\/wp\/v2\/product_brand?post=147034"},{"taxonomy":"product_cat","embeddable":true,"href":"https:\/\/www.claret.cat\/es\/wp-json\/wp\/v2\/product_cat?post=147034"},{"taxonomy":"product_tag","embeddable":true,"href":"https:\/\/www.claret.cat\/es\/wp-json\/wp\/v2\/product_tag?post=147034"}],"curies":[{"name":"wp","href":"https:\/\/api.w.org\/{rel}","templated":true}]}}