{"id":147148,"date":"2022-10-13T14:45:09","date_gmt":"2022-10-13T12:45:09","guid":{"rendered":"http:\/\/dev.claret.cat\/producte\/grandes-parroquias-catolicas\/"},"modified":"2024-05-02T15:42:40","modified_gmt":"2024-05-02T13:42:40","slug":"grandes-parroquias-catolicas-9788422020455","status":"publish","type":"product","link":"https:\/\/www.claret.cat\/es\/libro\/grandes-parroquias-catolicas-9788422020455\/","title":{"rendered":"GRANDES PARROQUIAS CATOLICAS"},"content":{"rendered":"<p>William E. Simon Jr., fundador y presidente de Parish Catalyst, es autor, junto a Michael Novak, de Living the call: An introduction to the lay vocation. Simon es vicepresidente de la sociedad de inversiones William E. Simon &amp; Sons y de la fundaci\u00f3n William E. Simon. Tambi\u00e9n es profesor adjunto de las facultades de Derecho y Econ\u00f3micas de la Universidad de California en Los \u00c1ngeles (UCLA). <br \/>Simon comenz\u00f3 su carrera profesional como fiscal asistente en el distrito sur de Nueva York; posteriormente fue el candidato republicano en las elecciones a gobernador de 2002 en California. Durante muchos a\u00f1os, \u00e9l y su esposa Cindy han socorrido a los necesitados dando becas, creando proyectos deportivos y recreativos, y apoyando iniciativas religiosas en \u00e1reas urbanas.<\/p>\n","protected":false},"excerpt":{"rendered":"<p>AA.VV<\/p>\n","protected":false},"featured_media":147149,"template":"","meta":{"_acf_changed":false,"om_disable_all_campaigns":false,"rs_blank_template":"","rs_page_bg_color":"","slide_template_v7":"","inline_featured_image":false,"_monsterinsights_skip_tracking":false,"_monsterinsights_sitenote_active":false,"_monsterinsights_sitenote_note":"","_monsterinsights_sitenote_category":0},"product_brand":[],"product_cat":[543,93,344,78],"product_tag":[],"class_list":{"0":"post-147148","1":"product","2":"type-product","3":"status-publish","4":"has-post-thumbnail","6":"product_cat-eclesiologia-es","7":"product_cat-eclesiologia","8":"product_cat-pastoral-1_espiritualidad","9":"product_cat-pastoral","11":"first","12":"instock","13":"taxable","14":"shipping-taxable","15":"purchasable","16":"product-type-simple"},"acf":{"editorial":[{"ID":6142,"post_author":"3","post_date":"2022-07-28 17:45:47","post_date_gmt":"2022-07-28 15:45:47","post_content":"","post_title":"BIBLIOTECA AUTORES CRI   B.A.C","post_excerpt":"","post_status":"publish","comment_status":"closed","ping_status":"closed","post_password":"","post_name":"biblioteca-autores-cri-b-a-c","to_ping":"","pinged":"","post_modified":"2022-07-28 17:45:47","post_modified_gmt":"2022-07-28 15:45:47","post_content_filtered":"","post_parent":0,"guid":"http:\/\/dev.claret.cat\/editorial\/biblioteca-autores-cri-b-a-c\/","menu_order":0,"post_type":"editorial","post_mime_type":"","comment_count":"0","filter":"raw"}],"autores-libros":[{"ID":5198,"post_author":"3","post_date":"2022-07-28 17:16:52","post_date_gmt":"2022-07-28 15:16:52","post_content":"","post_title":"AA.VV","post_excerpt":"","post_status":"publish","comment_status":"closed","ping_status":"closed","post_password":"","post_name":"aa-vv-2","to_ping":"","pinged":"","post_modified":"2022-07-28 17:16:52","post_modified_gmt":"2022-07-28 15:16:52","post_content_filtered":"","post_parent":0,"guid":"http:\/\/dev.claret.cat\/autor\/aa-vv-2\/","menu_order":0,"post_type":"autor","post_mime_type":"","comment_count":"0","filter":"raw"}],"autor":"AA.VV","codart":"842202045","libros-coleccion":"BAC MAIOR","ediciones":"1","encuadernacion":"Carpeta","fecha_de_publicacion":"01\/10\/2018","novedad":"1","paginas":"239","subtitulo":"","orden":"0","portada":"0","idioma":"spa"},"aioseo_notices":[],"_links":{"self":[{"href":"https:\/\/www.claret.cat\/es\/wp-json\/wp\/v2\/product\/147148","targetHints":{"allow":["GET"]}}],"collection":[{"href":"https:\/\/www.claret.cat\/es\/wp-json\/wp\/v2\/product"}],"about":[{"href":"https:\/\/www.claret.cat\/es\/wp-json\/wp\/v2\/types\/product"}],"wp:featuredmedia":[{"embeddable":true,"href":"https:\/\/www.claret.cat\/es\/wp-json\/wp\/v2\/media\/147149"}],"wp:attachment":[{"href":"https:\/\/www.claret.cat\/es\/wp-json\/wp\/v2\/media?parent=147148"}],"wp:term":[{"taxonomy":"product_brand","embeddable":true,"href":"https:\/\/www.claret.cat\/es\/wp-json\/wp\/v2\/product_brand?post=147148"},{"taxonomy":"product_cat","embeddable":true,"href":"https:\/\/www.claret.cat\/es\/wp-json\/wp\/v2\/product_cat?post=147148"},{"taxonomy":"product_tag","embeddable":true,"href":"https:\/\/www.claret.cat\/es\/wp-json\/wp\/v2\/product_tag?post=147148"}],"curies":[{"name":"wp","href":"https:\/\/api.w.org\/{rel}","templated":true}]}}