{"id":147227,"date":"2022-10-13T14:46:27","date_gmt":"2022-10-13T12:46:27","guid":{"rendered":"http:\/\/dev.claret.cat\/producte\/elogio-de-la-sed\/"},"modified":"2026-04-09T16:35:22","modified_gmt":"2026-04-09T14:35:22","slug":"elogio-de-la-sed-9788429327793","status":"publish","type":"product","link":"https:\/\/www.claret.cat\/es\/libro\/elogio-de-la-sed-9788429327793\/","title":{"rendered":"ELOGIO DE LA SED"},"content":{"rendered":"<p>Todos sabemos c\u00f3mo es la agon\u00eda de tener sed y querer saciarla. De esto nos habla Jos\u00e9 Tolentino Mendon\u00e7a en este maravilloso libro que recoge sus reflexiones sobre los Ejercicios Espirituales de la Cuaresma, que imparti\u00f3 en 2018 al papa Francisco y a la Curia romana.<br \/>La sed m\u00e1s profunda nos ofrece un viaje con con dos posibles recorridos. El primero, es el de la sed m\u00e1s cruda y real -la de las periferias del mundo, la de quien se muere o la de quien no encuentra salida-. El segundo, nos lanza a la sed de muchos por descubrir m\u00e1s y crecer humana y  espiritualmente. Dos tipos de sed que se calman en un mismo manantial de agua viva, limpia y fresca, llamado Jes\u00fas.<\/p>\n","protected":false},"excerpt":{"rendered":"<p>TOLENTINO MENDON\u00c7A, JOS\u00c9<\/p>\n","protected":false},"featured_media":386928,"template":"","meta":{"_acf_changed":false,"om_disable_all_campaigns":false,"rs_blank_template":"","rs_page_bg_color":"","slide_template_v7":"","inline_featured_image":false,"_monsterinsights_skip_tracking":false,"_monsterinsights_sitenote_active":false,"_monsterinsights_sitenote_note":"","_monsterinsights_sitenote_category":0},"product_brand":[],"product_cat":[345,79,344,78],"product_tag":[],"class_list":{"0":"post-147227","1":"product","2":"type-product","3":"status-publish","4":"has-post-thumbnail","6":"product_cat-espiritualidad","7":"product_cat-espiritualitat","8":"product_cat-pastoral-1_espiritualidad","9":"product_cat-pastoral","11":"first","12":"instock","13":"taxable","14":"shipping-taxable","15":"purchasable","16":"product-type-simple"},"acf":{"editorial":[{"ID":6351,"post_author":"3","post_date":"2022-07-28 17:50:19","post_date_gmt":"2022-07-28 15:50:19","post_content":"","post_title":"Sal Terrae","post_excerpt":"","post_status":"publish","comment_status":"closed","ping_status":"closed","post_password":"","post_name":"sal-terrae","to_ping":"","pinged":"","post_modified":"2022-07-28 17:50:19","post_modified_gmt":"2022-07-28 15:50:19","post_content_filtered":"","post_parent":0,"guid":"http:\/\/dev.claret.cat\/editorial\/sal-terrae\/","menu_order":0,"post_type":"editorial","post_mime_type":"","comment_count":"0","filter":"raw"}],"autores-libros":[{"ID":5651,"post_author":"3","post_date":"2022-07-28 17:28:33","post_date_gmt":"2022-07-28 15:28:33","post_content":"","post_title":"JOS\u00c9 TOLENTINO MENDON\u00c7A","post_excerpt":"","post_status":"publish","comment_status":"closed","ping_status":"closed","post_password":"","post_name":"jose-tolentino-mendonca","to_ping":"","pinged":"","post_modified":"2022-07-28 17:28:33","post_modified_gmt":"2022-07-28 15:28:33","post_content_filtered":"","post_parent":0,"guid":"http:\/\/dev.claret.cat\/autor\/jose-tolentino-mendonca\/","menu_order":0,"post_type":"autor","post_mime_type":"","comment_count":"0","filter":"raw"}],"autor":"TOLENTINO MENDON\u00c7A, JOS\u00c9","codart":"842932779","libros-coleccion":"POZO DE SIQUEM","ediciones":"1","encuadernacion":"R\u00fastica","fecha_de_publicacion":"05\/11\/2018","novedad":"1","paginas":"168","subtitulo":"","orden":"0","portada":"0","idioma":"spa","booktrailer":"","resenas":""},"aioseo_notices":[],"_links":{"self":[{"href":"https:\/\/www.claret.cat\/es\/wp-json\/wp\/v2\/product\/147227","targetHints":{"allow":["GET"]}}],"collection":[{"href":"https:\/\/www.claret.cat\/es\/wp-json\/wp\/v2\/product"}],"about":[{"href":"https:\/\/www.claret.cat\/es\/wp-json\/wp\/v2\/types\/product"}],"wp:featuredmedia":[{"embeddable":true,"href":"https:\/\/www.claret.cat\/es\/wp-json\/wp\/v2\/media\/386928"}],"wp:attachment":[{"href":"https:\/\/www.claret.cat\/es\/wp-json\/wp\/v2\/media?parent=147227"}],"wp:term":[{"taxonomy":"product_brand","embeddable":true,"href":"https:\/\/www.claret.cat\/es\/wp-json\/wp\/v2\/product_brand?post=147227"},{"taxonomy":"product_cat","embeddable":true,"href":"https:\/\/www.claret.cat\/es\/wp-json\/wp\/v2\/product_cat?post=147227"},{"taxonomy":"product_tag","embeddable":true,"href":"https:\/\/www.claret.cat\/es\/wp-json\/wp\/v2\/product_tag?post=147227"}],"curies":[{"name":"wp","href":"https:\/\/api.w.org\/{rel}","templated":true}]}}