{"id":147230,"date":"2022-10-13T14:46:30","date_gmt":"2022-10-13T12:46:30","guid":{"rendered":"http:\/\/dev.claret.cat\/producte\/maria-magdalena\/"},"modified":"2026-04-01T15:49:05","modified_gmt":"2026-04-01T13:49:05","slug":"maria-magdalena-9788429327809","status":"publish","type":"product","link":"https:\/\/www.claret.cat\/es\/libro\/maria-magdalena-9788429327809\/","title":{"rendered":"MAR\u00cdA MAGDALENA"},"content":{"rendered":"<p>Mar\u00eda Magdalena fue una significativa figura en la vida p\u00fablica de Jesucristo. Pero en la tradici\u00f3n cristiana ha sido muy poco entendida y estudiada. Incluso fue un personaje maltratado. Tambi\u00e9n espiritualmente. La historia de Mar\u00eda Magdalena es un s\u00edmbolo del \u00abexceso\u00bb cristiano, del derroche, de la superaci\u00f3n. Es el s\u00edmbolo de una intensa verdad: no se alcanza el aut\u00e9ntico equilibrio si no es yendo m\u00e1s all\u00e1, \u00abpas\u00e1ndose de la raya\u00bb, con alg\u00fan gesto valeroso. \u00danicamente el exceso salva. Esta obra recoge las reflexiones in\u00e9ditas del cardenal Carlo Maria Martini a lo largo de una tanda de ejercicios espirituales basados en la figura de la primera mujer ap\u00f3stol de Jes\u00fas.<\/p>\n","protected":false},"excerpt":{"rendered":"<p>MARTINI, CARLO MARIA<\/p>\n","protected":false},"featured_media":340639,"template":"","meta":{"_acf_changed":false,"om_disable_all_campaigns":false,"rs_blank_template":"","rs_page_bg_color":"","slide_template_v7":"","inline_featured_image":false,"_monsterinsights_skip_tracking":false,"_monsterinsights_sitenote_active":false,"_monsterinsights_sitenote_note":"","_monsterinsights_sitenote_category":0},"product_brand":[],"product_cat":[75,341,345,79],"product_tag":[],"class_list":{"0":"post-147230","1":"product","2":"type-product","3":"status-publish","4":"has-post-thumbnail","6":"product_cat-biblia","7":"product_cat-biblia-es","8":"product_cat-espiritualidad","9":"product_cat-espiritualitat","11":"first","12":"instock","13":"taxable","14":"shipping-taxable","15":"purchasable","16":"product-type-simple"},"acf":{"editorial":[{"ID":6351,"post_author":"3","post_date":"2022-07-28 17:50:19","post_date_gmt":"2022-07-28 15:50:19","post_content":"","post_title":"Sal Terrae","post_excerpt":"","post_status":"publish","comment_status":"closed","ping_status":"closed","post_password":"","post_name":"sal-terrae","to_ping":"","pinged":"","post_modified":"2022-07-28 17:50:19","post_modified_gmt":"2022-07-28 15:50:19","post_content_filtered":"","post_parent":0,"guid":"http:\/\/dev.claret.cat\/editorial\/sal-terrae\/","menu_order":0,"post_type":"editorial","post_mime_type":"","comment_count":"0","filter":"raw"}],"autores-libros":[{"ID":8301,"post_author":"3","post_date":"2022-09-30 09:47:33","post_date_gmt":"2022-09-30 07:47:33","post_content":"","post_title":"CARLO MARIA MARTINI","post_excerpt":"","post_status":"publish","comment_status":"closed","ping_status":"closed","post_password":"","post_name":"carlo-maria-martini","to_ping":"","pinged":"","post_modified":"2022-09-30 09:47:33","post_modified_gmt":"2022-09-30 07:47:33","post_content_filtered":"","post_parent":0,"guid":"http:\/\/dev.claret.cat\/autor\/carlo-maria-martini\/","menu_order":0,"post_type":"autor","post_mime_type":"","comment_count":"0","filter":"raw"}],"autor":"MARTINI, CARLO MARIA","codart":"842932780","libros-coleccion":"POZO DE SIQUEM","ediciones":"1","encuadernacion":"R\u00fastica","fecha_de_publicacion":"05\/11\/2018","novedad":"1","paginas":"148","subtitulo":"","orden":"0","portada":"0","idioma":"spa","booktrailer":"","resenas":""},"aioseo_notices":[],"_links":{"self":[{"href":"https:\/\/www.claret.cat\/es\/wp-json\/wp\/v2\/product\/147230","targetHints":{"allow":["GET"]}}],"collection":[{"href":"https:\/\/www.claret.cat\/es\/wp-json\/wp\/v2\/product"}],"about":[{"href":"https:\/\/www.claret.cat\/es\/wp-json\/wp\/v2\/types\/product"}],"wp:featuredmedia":[{"embeddable":true,"href":"https:\/\/www.claret.cat\/es\/wp-json\/wp\/v2\/media\/340639"}],"wp:attachment":[{"href":"https:\/\/www.claret.cat\/es\/wp-json\/wp\/v2\/media?parent=147230"}],"wp:term":[{"taxonomy":"product_brand","embeddable":true,"href":"https:\/\/www.claret.cat\/es\/wp-json\/wp\/v2\/product_brand?post=147230"},{"taxonomy":"product_cat","embeddable":true,"href":"https:\/\/www.claret.cat\/es\/wp-json\/wp\/v2\/product_cat?post=147230"},{"taxonomy":"product_tag","embeddable":true,"href":"https:\/\/www.claret.cat\/es\/wp-json\/wp\/v2\/product_tag?post=147230"}],"curies":[{"name":"wp","href":"https:\/\/api.w.org\/{rel}","templated":true}]}}