{"id":14728,"date":"2022-10-01T22:55:26","date_gmt":"2022-10-01T20:55:26","guid":{"rendered":"http:\/\/dev.claret.cat\/producte\/mi-scrapbook-gorjuss\/"},"modified":"2025-12-11T16:08:57","modified_gmt":"2025-12-11T15:08:57","slug":"mi-scrapbook-gorjuss-9788448845018","status":"publish","type":"product","link":"https:\/\/www.claret.cat\/es\/libro\/mi-scrapbook-gorjuss-9788448845018\/","title":{"rendered":"MI SCRAPBOOK (GORJUSS)"},"content":{"rendered":"<p>Santoro&#8221;s Gorjuss ha creado un pack irresistible para los amantes del scrapbooking. Este pack contiene:<br \/>&#8211; Un manual explicativo con un mont\u00f3n de ideas.<br \/>&#8211; Un \u00e1lbum para decorar.<br \/>&#8211; Material exclusivo Gorjuss: papel estampado, plantillas de dibujo y  adhesivos.\u00a1Pon por escrito tus recuerdos y tus pensamientos m\u00e1s secretos,  sum\u00e9rgete entre sus deliciosas p\u00e1ginas y encuentra originales ideas  para personalizarlo usando tu imaginaci\u00f3n y creatividad!<\/p>\n","protected":false},"excerpt":{"rendered":"<p>SANTORO<\/p>\n","protected":false},"featured_media":1070313,"template":"","meta":{"_acf_changed":false,"om_disable_all_campaigns":false,"rs_blank_template":"","rs_page_bg_color":"","slide_template_v7":"","inline_featured_image":false,"_monsterinsights_skip_tracking":false,"_monsterinsights_sitenote_active":false,"_monsterinsights_sitenote_note":"","_monsterinsights_sitenote_category":0},"product_brand":[],"product_cat":[352,86],"product_tag":[],"class_list":{"0":"post-14728","1":"product","2":"type-product","3":"status-publish","4":"has-post-thumbnail","6":"product_cat-infantil-3_infantil-juvenil-spa","7":"product_cat-infantil","9":"first","10":"outofstock","11":"taxable","12":"shipping-taxable","13":"purchasable","14":"product-type-simple"},"acf":{"autor":"SANTORO","codart":"844884501","libros-coleccion":"","ediciones":"1","encuadernacion":"Carton\u00e9","fecha_de_publicacion":"29\/03\/2016","novedad":"0","paginas":"1","subtitulo":"","orden":"999","portada":"0","idioma":"spa","editorial":[{"ID":147537,"post_author":"3","post_date":"2022-10-14 11:51:20","post_date_gmt":"2022-10-14 09:51:20","post_content":"","post_title":"BEASCOA, EDICIONES S.A.","post_excerpt":"","post_status":"publish","comment_status":"closed","ping_status":"closed","post_password":"","post_name":"beascoa-ediciones-s-a","to_ping":"","pinged":"","post_modified":"2022-10-14 11:51:20","post_modified_gmt":"2022-10-14 09:51:20","post_content_filtered":"","post_parent":0,"guid":"http:\/\/dev.claret.cat\/editorial\/beascoa-ediciones-s-a\/","menu_order":0,"post_type":"editorial","post_mime_type":"","comment_count":"0","filter":"raw"}],"autores-libros":[{"ID":169079,"post_author":"3","post_date":"2022-10-14 22:24:18","post_date_gmt":"2022-10-14 20:24:18","post_content":"","post_title":"SANTORO","post_excerpt":"","post_status":"publish","comment_status":"closed","ping_status":"closed","post_password":"","post_name":"santoro","to_ping":"","pinged":"","post_modified":"2022-10-14 22:24:18","post_modified_gmt":"2022-10-14 20:24:18","post_content_filtered":"","post_parent":0,"guid":"http:\/\/dev.claret.cat\/autor\/santoro\/","menu_order":0,"post_type":"autor","post_mime_type":"","comment_count":"0","filter":"raw"}],"booktrailer":"","resenas":""},"aioseo_notices":[],"_links":{"self":[{"href":"https:\/\/www.claret.cat\/es\/wp-json\/wp\/v2\/product\/14728","targetHints":{"allow":["GET"]}}],"collection":[{"href":"https:\/\/www.claret.cat\/es\/wp-json\/wp\/v2\/product"}],"about":[{"href":"https:\/\/www.claret.cat\/es\/wp-json\/wp\/v2\/types\/product"}],"wp:featuredmedia":[{"embeddable":true,"href":"https:\/\/www.claret.cat\/es\/wp-json\/wp\/v2\/media\/1070313"}],"wp:attachment":[{"href":"https:\/\/www.claret.cat\/es\/wp-json\/wp\/v2\/media?parent=14728"}],"wp:term":[{"taxonomy":"product_brand","embeddable":true,"href":"https:\/\/www.claret.cat\/es\/wp-json\/wp\/v2\/product_brand?post=14728"},{"taxonomy":"product_cat","embeddable":true,"href":"https:\/\/www.claret.cat\/es\/wp-json\/wp\/v2\/product_cat?post=14728"},{"taxonomy":"product_tag","embeddable":true,"href":"https:\/\/www.claret.cat\/es\/wp-json\/wp\/v2\/product_tag?post=14728"}],"curies":[{"name":"wp","href":"https:\/\/api.w.org\/{rel}","templated":true}]}}