{"id":14734,"date":"2022-10-01T22:55:30","date_gmt":"2022-10-01T20:55:30","guid":{"rendered":"http:\/\/dev.claret.cat\/producte\/los-10-zapatos-de-cenicienta\/"},"modified":"2023-01-28T05:36:50","modified_gmt":"2023-01-28T04:36:50","slug":"los-10-zapatos-de-cenicienta-9788448845032","status":"publish","type":"product","link":"https:\/\/www.claret.cat\/es\/libro\/los-10-zapatos-de-cenicienta-9788448845032\/","title":{"rendered":"LOS 10 ZAPATOS DE CENICIENTA"},"content":{"rendered":"<p>Las matem\u00e1ticas son como un juego, y como mejor se aprende es jugando.\u00bfCu\u00e1ntos zapatitos perdi\u00f3 Cenicienta? \u00a1Vamos a contarlos a trav\u00e9s de este cuento!Dos y dos son cuatro, cuatro y dos son seis, seis y dos son ocho y ocho diecis\u00e9is.Contar con los dedos es la mar de divertido.Si quieres jugar con Cenicienta y los ratones al juego del veo veo,  abr\u00f3chate bien los cordones de los zapatos y prepara los dedos.En este cuento con cuentas para jugar hay que sumar. F\u00edjate bien&#8230; \u00bfSer\u00e1n las patos?, \u00bflos paraguas?, \u00bflas ranas?,&#8230;\u00a1Si quieres adivinar empieza a contar! Antes de que el genio frote la l\u00e1mpara y Cenicienta se cambie de zapatos.A partir del cuento cl\u00e1sico La Cenicienta, con mucho humor y a modo  de juego, en este cuento se incorporan conceptos matem\u00e1ticos muy simples  (n\u00fameros ordinales, n\u00fameros cardinales, peque\u00f1as sumas y restas&#8230;), de  manera que los ni\u00f1os juegan, aprenden matem\u00e1ticas y ponen en pr\u00e1ctica el  c\u00e1lculo mental sin darse cuenta. Adem\u00e1s, el cuento se completa con juegos de ingenio relacionados con la historia.<\/p>\n","protected":false},"excerpt":{"rendered":"<p>PEREZ, MIGUEL\/BURGOS, ANA<\/p>\n","protected":false},"featured_media":75124,"template":"","meta":{"_acf_changed":false,"om_disable_all_campaigns":false,"rs_blank_template":"","rs_page_bg_color":"","slide_template_v7":"","inline_featured_image":false,"_monsterinsights_skip_tracking":false,"_monsterinsights_sitenote_active":false,"_monsterinsights_sitenote_note":"","_monsterinsights_sitenote_category":0},"product_brand":[],"product_cat":[86],"product_tag":[],"class_list":{"0":"post-14734","1":"product","2":"type-product","3":"status-publish","4":"has-post-thumbnail","6":"product_cat-infantil","8":"first","9":"instock","10":"taxable","11":"shipping-taxable","12":"purchasable","13":"product-type-simple"},"acf":{"autor":"PEREZ, MIGUEL\/BURGOS, ANA","codart":"844884503","libros-coleccion":"","ediciones":"1","encuadernacion":"Carton\u00e9","fecha_de_publicacion":"01\/05\/2016","novedad":"0","paginas":"32","subtitulo":"","orden":"999","portada":"0","idioma":"spa","editorial":[{"ID":147537,"post_author":"3","post_date":"2022-10-14 11:51:20","post_date_gmt":"2022-10-14 09:51:20","post_content":"","post_title":"BEASCOA, EDICIONES S.A.","post_excerpt":"","post_status":"publish","comment_status":"closed","ping_status":"closed","post_password":"","post_name":"beascoa-ediciones-s-a","to_ping":"","pinged":"","post_modified":"2022-10-14 11:51:20","post_modified_gmt":"2022-10-14 09:51:20","post_content_filtered":"","post_parent":0,"guid":"http:\/\/dev.claret.cat\/editorial\/beascoa-ediciones-s-a\/","menu_order":0,"post_type":"editorial","post_mime_type":"","comment_count":"0","filter":"raw"}],"autores-libros":[{"ID":150058,"post_author":"3","post_date":"2022-10-14 14:29:53","post_date_gmt":"2022-10-14 12:29:53","post_content":"","post_title":"ANA BURGOS","post_excerpt":"","post_status":"publish","comment_status":"closed","ping_status":"closed","post_password":"","post_name":"ana-burgos","to_ping":"","pinged":"","post_modified":"2022-10-14 14:29:53","post_modified_gmt":"2022-10-14 12:29:53","post_content_filtered":"","post_parent":0,"guid":"http:\/\/dev.claret.cat\/autor\/ana-burgos\/","menu_order":0,"post_type":"autor","post_mime_type":"","comment_count":"0","filter":"raw"},{"ID":165016,"post_author":"3","post_date":"2022-10-14 17:51:43","post_date_gmt":"2022-10-14 15:51:43","post_content":"","post_title":"MIGUEL P\u00c9REZ","post_excerpt":"","post_status":"publish","comment_status":"closed","ping_status":"closed","post_password":"","post_name":"miguel-perez","to_ping":"","pinged":"","post_modified":"2022-10-14 17:51:43","post_modified_gmt":"2022-10-14 15:51:43","post_content_filtered":"","post_parent":0,"guid":"http:\/\/dev.claret.cat\/autor\/miguel-perez\/","menu_order":0,"post_type":"autor","post_mime_type":"","comment_count":"0","filter":"raw"}]},"aioseo_notices":[],"_links":{"self":[{"href":"https:\/\/www.claret.cat\/es\/wp-json\/wp\/v2\/product\/14734","targetHints":{"allow":["GET"]}}],"collection":[{"href":"https:\/\/www.claret.cat\/es\/wp-json\/wp\/v2\/product"}],"about":[{"href":"https:\/\/www.claret.cat\/es\/wp-json\/wp\/v2\/types\/product"}],"wp:featuredmedia":[{"embeddable":true,"href":"https:\/\/www.claret.cat\/es\/wp-json\/wp\/v2\/media\/75124"}],"wp:attachment":[{"href":"https:\/\/www.claret.cat\/es\/wp-json\/wp\/v2\/media?parent=14734"}],"wp:term":[{"taxonomy":"product_brand","embeddable":true,"href":"https:\/\/www.claret.cat\/es\/wp-json\/wp\/v2\/product_brand?post=14734"},{"taxonomy":"product_cat","embeddable":true,"href":"https:\/\/www.claret.cat\/es\/wp-json\/wp\/v2\/product_cat?post=14734"},{"taxonomy":"product_tag","embeddable":true,"href":"https:\/\/www.claret.cat\/es\/wp-json\/wp\/v2\/product_tag?post=14734"}],"curies":[{"name":"wp","href":"https:\/\/api.w.org\/{rel}","templated":true}]}}