{"id":1476,"date":"2022-07-27T20:47:07","date_gmt":"2022-07-27T18:47:07","guid":{"rendered":"http:\/\/dev.claret.cat\/producto\/formar-para-transformar-9788412069440\/"},"modified":"2023-01-28T08:37:56","modified_gmt":"2023-01-28T07:37:56","slug":"formar-para-transformar-9788412069440","status":"publish","type":"product","link":"https:\/\/www.claret.cat\/es\/libro\/formar-para-transformar-9788412069440\/","title":{"rendered":"FORMAR PARA TRANSFORMAR"},"content":{"rendered":"<p>Los maestros anhelamos que todo cristiano crezca para ser en todo como Cristo. Y confiamos que la formaci\u00f3n en la Iglesia sirva para ese fin. Sin embargo, la formaci\u00f3n que ofrecemos a menudo se reduce a una ense\u00f1anza meramente informativa, individualista, irrelevante para la realidad diaria del creyente e impartida solamente en ocasiones y actividades puntuales. En general, parece dif\u00edcil conseguir que nuestros ministerios de ense\u00f1anza produzcan vidas profundamente transformadas.<\/p>\n<p>El prop\u00f3sito de este libro es presentar algunos elementos pedag\u00f3gicos importantes que la Iglesia no suele tener en cuenta y que nos permitir\u00e1n colaborar con el Esp\u00edritu Santo en el proceso de transformaci\u00f3n del creyente. En cada cap\u00edtulo se incluyen ejercicios pr\u00e1cticos que nos ayudar\u00e1n a analizar y renovar nuestro ministerio de ense\u00f1anza. Asimismo, este libro pretende animar a los maestros a que nosotros mismos desarrollemos una relaci\u00f3n con Dios transformadora, que sin duda tendr\u00e1 un impacto en las personas a las que servimos.<\/p>\n<p>Edith Vilamaj\u00f3 Sanchis estudi\u00f3 Pedagog\u00eda en la Universidad de Barcelona y seguidamente obtuvo un M\u00e1ster en Teolog\u00eda en la trinity Evangelical Divinity School (EE.UU.). Dedic\u00f3 los primeros veinte a\u00f1os de su ministerio a la obra estudiantil, en una primera etapa con GBU Espa\u00f1a y en una segunda etapa con IFES Europa con algunas visitas a Am\u00e9rica Latina. En 2016 obtuvo un Doctorado Ministerial en Liderazgo Trnsformacional en el Ashland Theological Seminary (EE.UU.).<br \/>Desde entonces realiza mentor\u00eda y coaching con personas mayormente involucradas en el ministerio. Tambi\u00e9n es profesora y asesora de estudiantes de la Escuela Evang\u00e9lica de Teolog\u00eda de la FIEIDE (EET).<br \/>Vive en Oxford con su marido Peter y su hijo Alex, donde est\u00e1n involucrados en una iglesia pionera.<\/p>\n","protected":false},"excerpt":{"rendered":"<p>EDITH VILAMAJ\u00d3 SANCHIS<\/p>\n","protected":false},"featured_media":67302,"template":"","meta":{"_acf_changed":false,"om_disable_all_campaigns":false,"rs_blank_template":"","rs_page_bg_color":"","slide_template_v7":"","inline_featured_image":false,"_monsterinsights_skip_tracking":false,"_monsterinsights_sitenote_active":false,"_monsterinsights_sitenote_note":"","_monsterinsights_sitenote_category":0},"product_brand":[],"product_cat":[259,504],"product_tag":[],"class_list":{"0":"post-1476","1":"product","2":"type-product","3":"status-publish","4":"has-post-thumbnail","6":"product_cat-de-lensenyament","7":"product_cat-de-la-ensenanza","9":"first","10":"instock","11":"taxable","12":"shipping-taxable","13":"purchasable","14":"product-type-simple"},"acf":{"autor":"EDITH VILAMAJ\u00d3 SANCHIS","codart":"841206944","ediciones":"1","encuadernacion":"R\u00fastica","fecha_de_publicacion":"30\/10\/2019","novedad":"1","paginas":"209","subtitulo":"PROPUESTA PARA RENOVAR EL MISTERIO DE ENSE\u00d1ANZA EN LA IGLESIA","orden":"0","portada":"0","idioma":"spa","libros-coleccion":"","autores-libros":[{"ID":5417,"post_author":"3","post_date":"2022-07-28 17:23:30","post_date_gmt":"2022-07-28 15:23:30","post_content":"","post_title":"EDITH  VILAMAJ\u00d3 SANCHIS","post_excerpt":"","post_status":"publish","comment_status":"closed","ping_status":"closed","post_password":"","post_name":"edith-vilamajo-sanchis","to_ping":"","pinged":"","post_modified":"2022-07-28 17:23:30","post_modified_gmt":"2022-07-28 15:23:30","post_content_filtered":"","post_parent":0,"guid":"http:\/\/dev.claret.cat\/autor\/edith-vilamajo-sanchis\/","menu_order":0,"post_type":"autor","post_mime_type":"","comment_count":"0","filter":"raw"}],"editorial":[{"ID":6121,"post_author":"3","post_date":"2022-07-28 17:45:20","post_date_gmt":"2022-07-28 15:45:20","post_content":"","post_title":"ANDAMIO, PUBLICACIONES","post_excerpt":"","post_status":"publish","comment_status":"closed","ping_status":"closed","post_password":"","post_name":"andamio-publicaciones","to_ping":"","pinged":"","post_modified":"2022-07-28 17:45:20","post_modified_gmt":"2022-07-28 15:45:20","post_content_filtered":"","post_parent":0,"guid":"http:\/\/dev.claret.cat\/editorial\/andamio-publicaciones\/","menu_order":0,"post_type":"editorial","post_mime_type":"","comment_count":"0","filter":"raw"}]},"aioseo_notices":[],"_links":{"self":[{"href":"https:\/\/www.claret.cat\/es\/wp-json\/wp\/v2\/product\/1476","targetHints":{"allow":["GET"]}}],"collection":[{"href":"https:\/\/www.claret.cat\/es\/wp-json\/wp\/v2\/product"}],"about":[{"href":"https:\/\/www.claret.cat\/es\/wp-json\/wp\/v2\/types\/product"}],"wp:featuredmedia":[{"embeddable":true,"href":"https:\/\/www.claret.cat\/es\/wp-json\/wp\/v2\/media\/67302"}],"wp:attachment":[{"href":"https:\/\/www.claret.cat\/es\/wp-json\/wp\/v2\/media?parent=1476"}],"wp:term":[{"taxonomy":"product_brand","embeddable":true,"href":"https:\/\/www.claret.cat\/es\/wp-json\/wp\/v2\/product_brand?post=1476"},{"taxonomy":"product_cat","embeddable":true,"href":"https:\/\/www.claret.cat\/es\/wp-json\/wp\/v2\/product_cat?post=1476"},{"taxonomy":"product_tag","embeddable":true,"href":"https:\/\/www.claret.cat\/es\/wp-json\/wp\/v2\/product_tag?post=1476"}],"curies":[{"name":"wp","href":"https:\/\/api.w.org\/{rel}","templated":true}]}}