{"id":14779,"date":"2022-10-01T22:56:04","date_gmt":"2022-10-01T20:56:04","guid":{"rendered":"http:\/\/dev.claret.cat\/producte\/concurso-de-talentos-ella-la-elefanta-primeras-lecturas-4\/"},"modified":"2023-01-28T22:24:44","modified_gmt":"2023-01-28T21:24:44","slug":"concurso-de-talentos-ella-la-elefanta-primeras-lecturas-4-9788448845551","status":"publish","type":"product","link":"https:\/\/www.claret.cat\/es\/libro\/concurso-de-talentos-ella-la-elefanta-primeras-lecturas-4-9788448845551\/","title":{"rendered":"CONCURSO DE TALENTOS (ELLA LA ELEFANTA. PRIMERAS LECTURAS 4)"},"content":{"rendered":"<p>\u00a1Hola! Soy Ella, y vengo a invitaros a vivir conmigo las aventuras m\u00e1s fant\u00e1sticas.Descubre la lectura con esta maravillosa aventura de Ella la  elefanta, una serie que transmite valores como la amistad, el respeto y la generosidad.En la escuela se va a organizar un concurso de talentos y todos los  alumnos est\u00e1n emocionados. Frankie quiere ser el hombre orquesta, Belinda dice que lo suyo es el ballet, Ada e Ida cantar\u00e1n&#8230;\u00bfY Ella? Ella est\u00e1 triste porque no sabe qu\u00e9 n\u00famero va a preparar. \u00bfCu\u00e1l ser\u00e1 su talento? Desc\u00fabrelo en esta historia.Los libros de la colecci\u00f3n \u00abPrimeras lecturas\u00bb de Ella la elefanta  est\u00e1n orientados a ni\u00f1os que empiezan a leer. Sus textos escritos con  vocabulario sencillo, los interiores muy visuales y las divertidas aventuras de este tierno personaje conseguir\u00e1n motivar y  entretener a los peque\u00f1os lectores, as\u00ed como estimular su imaginaci\u00f3n.<\/p>\n","protected":false},"excerpt":{"rendered":"<p>VV. AA.<\/p>\n","protected":false},"featured_media":75970,"template":"","meta":{"_acf_changed":false,"om_disable_all_campaigns":false,"rs_blank_template":"","rs_page_bg_color":"","slide_template_v7":"","inline_featured_image":false,"_monsterinsights_skip_tracking":false,"_monsterinsights_sitenote_active":false,"_monsterinsights_sitenote_note":"","_monsterinsights_sitenote_category":0},"product_brand":[],"product_cat":[86],"product_tag":[],"class_list":{"0":"post-14779","1":"product","2":"type-product","3":"status-publish","4":"has-post-thumbnail","6":"product_cat-infantil","8":"first","9":"instock","10":"taxable","11":"shipping-taxable","12":"purchasable","13":"product-type-simple"},"acf":{"autor":"VV. AA.","codart":"844884555","libros-coleccion":"","ediciones":"1","encuadernacion":"Carton\u00e9","fecha_de_publicacion":"01\/02\/2016","novedad":"0","paginas":"24","subtitulo":"","orden":"999","portada":"0","idioma":"spa","autores-libros":[{"ID":6085,"post_author":"3","post_date":"2022-07-28 17:37:49","post_date_gmt":"2022-07-28 15:37:49","post_content":"","post_title":"VV. AA.","post_excerpt":"","post_status":"publish","comment_status":"closed","ping_status":"closed","post_password":"","post_name":"vv-aa","to_ping":"","pinged":"","post_modified":"2022-07-28 17:37:49","post_modified_gmt":"2022-07-28 15:37:49","post_content_filtered":"","post_parent":0,"guid":"http:\/\/dev.claret.cat\/autor\/vv-aa\/","menu_order":0,"post_type":"autor","post_mime_type":"","comment_count":"0","filter":"raw"}],"editorial":[{"ID":147537,"post_author":"3","post_date":"2022-10-14 11:51:20","post_date_gmt":"2022-10-14 09:51:20","post_content":"","post_title":"BEASCOA, EDICIONES S.A.","post_excerpt":"","post_status":"publish","comment_status":"closed","ping_status":"closed","post_password":"","post_name":"beascoa-ediciones-s-a","to_ping":"","pinged":"","post_modified":"2022-10-14 11:51:20","post_modified_gmt":"2022-10-14 09:51:20","post_content_filtered":"","post_parent":0,"guid":"http:\/\/dev.claret.cat\/editorial\/beascoa-ediciones-s-a\/","menu_order":0,"post_type":"editorial","post_mime_type":"","comment_count":"0","filter":"raw"}]},"aioseo_notices":[],"_links":{"self":[{"href":"https:\/\/www.claret.cat\/es\/wp-json\/wp\/v2\/product\/14779","targetHints":{"allow":["GET"]}}],"collection":[{"href":"https:\/\/www.claret.cat\/es\/wp-json\/wp\/v2\/product"}],"about":[{"href":"https:\/\/www.claret.cat\/es\/wp-json\/wp\/v2\/types\/product"}],"wp:featuredmedia":[{"embeddable":true,"href":"https:\/\/www.claret.cat\/es\/wp-json\/wp\/v2\/media\/75970"}],"wp:attachment":[{"href":"https:\/\/www.claret.cat\/es\/wp-json\/wp\/v2\/media?parent=14779"}],"wp:term":[{"taxonomy":"product_brand","embeddable":true,"href":"https:\/\/www.claret.cat\/es\/wp-json\/wp\/v2\/product_brand?post=14779"},{"taxonomy":"product_cat","embeddable":true,"href":"https:\/\/www.claret.cat\/es\/wp-json\/wp\/v2\/product_cat?post=14779"},{"taxonomy":"product_tag","embeddable":true,"href":"https:\/\/www.claret.cat\/es\/wp-json\/wp\/v2\/product_tag?post=14779"}],"curies":[{"name":"wp","href":"https:\/\/api.w.org\/{rel}","templated":true}]}}