{"id":1482,"date":"2022-07-27T20:47:16","date_gmt":"2022-07-27T18:47:16","guid":{"rendered":"http:\/\/dev.claret.cat\/producto\/el-conocimiento-perdido-de-la-imaginacion-9788412074338\/"},"modified":"2023-01-28T19:14:59","modified_gmt":"2023-01-28T18:14:59","slug":"el-conocimiento-perdido-de-la-imaginacion-9788412074338","status":"publish","type":"product","link":"https:\/\/www.claret.cat\/es\/libro\/el-conocimiento-perdido-de-la-imaginacion-9788412074338\/","title":{"rendered":"EL CONOCIMIENTO PERDIDO DE LA IMAGINACION"},"content":{"rendered":"<p>A comienzos del siglo XVII surgi\u00f3 en Occidente un nuevo modo de conocimiento que poco a poco fue dominando todos los campos del saber. La ciencia comprend\u00eda cada vez mejor la exterioridad f\u00edsica del mundo, que a su vez fue despoj\u00e1ndose paulatinamente de todos los arquetipos y cualidades que pose\u00eda para convertirse en una realidad exclusivamente material y mec\u00e1nica de causas y efectos. El ser humano adquiri\u00f3 una tecnolog\u00eda y unas comodidades que jam\u00e1s hubiera podido imaginar en el pasado, pero esto tuvo un precio: el mundo fue perdiendo su \u00abinterioridad\u00bb, su alma, y todo su sentido teleol\u00f3gico, as\u00ed como el verdadero potencial de la imaginaci\u00f3n (imaginatio vera) en cuanto forma de conocimiento.<br \/> Considerado a menudo como escapismo, este conocimiento perdido nada tiene que ver con lo que se entiende vulgarmente por fantas\u00eda. La imaginaci\u00f3n que explora este libro a trav\u00e9s de las obras de Owen Barfield, J. Wolfgang Goethe, Henry Corbin, Kathleen Raine, William Blake, Erich Heller y Rudolf Steiner, entre otros, es la capacidad creativa, inherente a la mente humana, de otogar a las im\u00e1genes un contenido metaf\u00f3rico, o simb\u00f3lico, cuyo amplio campo de significados expresa la interioridad de las cosas externas. Sin esta cualidad, el mundo aparece demediado, solamente como una realidad f\u00edsica exterior, separada de nosotros; y, como afirma el f\u00edsico estadounidense Steven Weinberg sobre el universo: \u00abCuanto m\u00e1s comprensible nos parece, m\u00e1s parece carecer de sentido\u00bb. De ah\u00ed que recuperar este conocimiento perdido, que compensa las carencias de la visi\u00f3n un\u00edvoca del cientificismo, sea en nuestro siglo m\u00e1s necesario que nunca.<\/p>\n<p> Gary Lachman fue bajista de la banda de rock alternativo Blondie y de Fire Escape. En 1996 deja Nueva York, se traslada a Londres y se convierte en escritor a tiempo completo, publicando numerosos art\u00edculos y entrevistas. Es autor de m\u00e1s de veinte ensayos y biograf\u00edas, de los cuales Atalanta ha editado Una historia secreta de la consciencia y Rudolf Steiner. Introducci\u00f3n a su vida y obra.<\/p>\n","protected":false},"excerpt":{"rendered":"<p>LACHMAN, GARY<\/p>\n","protected":false},"featured_media":66526,"template":"","meta":{"_acf_changed":false,"om_disable_all_campaigns":false,"rs_blank_template":"","rs_page_bg_color":"","slide_template_v7":"","inline_featured_image":false,"_monsterinsights_skip_tracking":false,"_monsterinsights_sitenote_active":false,"_monsterinsights_sitenote_note":"","_monsterinsights_sitenote_category":0},"product_brand":[],"product_cat":[168,439],"product_tag":[],"class_list":{"0":"post-1482","1":"product","2":"type-product","3":"status-publish","4":"has-post-thumbnail","6":"product_cat-teoria-del-coneixement","7":"product_cat-teoria-del-conocimiento","9":"first","10":"instock","11":"taxable","12":"shipping-taxable","13":"purchasable","14":"product-type-simple"},"acf":{"autor":"LACHMAN, GARY","codart":"841207433","ediciones":"1","encuadernacion":"Carton\u00e9","fecha_de_publicacion":"01\/02\/2020","novedad":"1","paginas":"232","subtitulo":"","orden":"0","portada":"0","idioma":"spa","libros-coleccion":"IMAGINATIO VERA","autores-libros":[{"ID":5504,"post_author":"3","post_date":"2022-07-28 17:25:24","post_date_gmt":"2022-07-28 15:25:24","post_content":"","post_title":"GARY LACHMAN","post_excerpt":"","post_status":"publish","comment_status":"closed","ping_status":"closed","post_password":"","post_name":"gary-lachman","to_ping":"","pinged":"","post_modified":"2022-07-28 17:25:24","post_modified_gmt":"2022-07-28 15:25:24","post_content_filtered":"","post_parent":0,"guid":"http:\/\/dev.claret.cat\/autor\/gary-lachman\/","menu_order":0,"post_type":"autor","post_mime_type":"","comment_count":"0","filter":"raw"}],"editorial":[{"ID":6199,"post_author":"3","post_date":"2022-07-28 17:46:59","post_date_gmt":"2022-07-28 15:46:59","post_content":"","post_title":"EDICIONES ATALANTA","post_excerpt":"","post_status":"publish","comment_status":"closed","ping_status":"closed","post_password":"","post_name":"ediciones-atalanta","to_ping":"","pinged":"","post_modified":"2022-07-28 17:46:59","post_modified_gmt":"2022-07-28 15:46:59","post_content_filtered":"","post_parent":0,"guid":"http:\/\/dev.claret.cat\/editorial\/ediciones-atalanta\/","menu_order":0,"post_type":"editorial","post_mime_type":"","comment_count":"0","filter":"raw"}]},"aioseo_notices":[],"_links":{"self":[{"href":"https:\/\/www.claret.cat\/es\/wp-json\/wp\/v2\/product\/1482","targetHints":{"allow":["GET"]}}],"collection":[{"href":"https:\/\/www.claret.cat\/es\/wp-json\/wp\/v2\/product"}],"about":[{"href":"https:\/\/www.claret.cat\/es\/wp-json\/wp\/v2\/types\/product"}],"wp:featuredmedia":[{"embeddable":true,"href":"https:\/\/www.claret.cat\/es\/wp-json\/wp\/v2\/media\/66526"}],"wp:attachment":[{"href":"https:\/\/www.claret.cat\/es\/wp-json\/wp\/v2\/media?parent=1482"}],"wp:term":[{"taxonomy":"product_brand","embeddable":true,"href":"https:\/\/www.claret.cat\/es\/wp-json\/wp\/v2\/product_brand?post=1482"},{"taxonomy":"product_cat","embeddable":true,"href":"https:\/\/www.claret.cat\/es\/wp-json\/wp\/v2\/product_cat?post=1482"},{"taxonomy":"product_tag","embeddable":true,"href":"https:\/\/www.claret.cat\/es\/wp-json\/wp\/v2\/product_tag?post=1482"}],"curies":[{"name":"wp","href":"https:\/\/api.w.org\/{rel}","templated":true}]}}