{"id":14824,"date":"2022-10-01T22:56:36","date_gmt":"2022-10-01T20:56:36","guid":{"rendered":"http:\/\/dev.claret.cat\/producte\/lelmer-i-larc-de-sant-marti\/"},"modified":"2023-10-21T12:20:17","modified_gmt":"2023-10-21T10:20:17","slug":"lelmer-i-larc-de-sant-marti-9788448845728","status":"publish","type":"product","link":"https:\/\/www.claret.cat\/es\/libro\/lelmer-i-larc-de-sant-marti-9788448845728\/","title":{"rendered":"L&#8217;ELMER I L&#8217;ARC DE SANT MART\u00cd"},"content":{"rendered":"<p>Qu\u00e8 passaria si l&#8221;arc de Sant Mart\u00ed es qued\u00e9s sense colors? L&#8221;Elmer est\u00e0 disposat a solucionar-ho.Un conte cl\u00e0ssic que ens parla de donar i compartir.L&#8221;Elmer es posa trist quan descobreix que l&#8221;arc de Sant Mart\u00ed s&#8221;ha  descolorit. I si l&#8221;ajud\u00e9s donant-li els seus colors? Podria quedar-se&#8221;n sense i no tenir-ne mai m\u00e9s?<\/p>\n","protected":false},"excerpt":{"rendered":"<p>MCKEE, DAVID<\/p>\n","protected":false},"featured_media":75200,"template":"","meta":{"_acf_changed":false,"om_disable_all_campaigns":false,"rs_blank_template":"","rs_page_bg_color":"","slide_template_v7":"","inline_featured_image":false,"_monsterinsights_skip_tracking":false,"_monsterinsights_sitenote_active":false,"_monsterinsights_sitenote_note":"","_monsterinsights_sitenote_category":0},"product_brand":[],"product_cat":[86,352],"product_tag":[],"class_list":{"0":"post-14824","1":"product","2":"type-product","3":"status-publish","4":"has-post-thumbnail","6":"product_cat-infantil","7":"product_cat-infantil-3_infantil-juvenil-spa","9":"first","10":"instock","11":"taxable","12":"shipping-taxable","13":"purchasable","14":"product-type-simple"},"acf":{"autor":"MCKEE, DAVID","codart":"844884572","libros-coleccion":"","ediciones":"1","encuadernacion":"Carton\u00e9","fecha_de_publicacion":"01\/05\/2016","novedad":"0","paginas":"32","subtitulo":"(L'ELMER. PRIMERES LECTURES 17) ","orden":"999","portada":"0","idioma":"spa","editorial":[{"ID":147537,"post_author":"3","post_date":"2022-10-14 11:51:20","post_date_gmt":"2022-10-14 09:51:20","post_content":"","post_title":"BEASCOA, EDICIONES S.A.","post_excerpt":"","post_status":"publish","comment_status":"closed","ping_status":"closed","post_password":"","post_name":"beascoa-ediciones-s-a","to_ping":"","pinged":"","post_modified":"2022-10-14 11:51:20","post_modified_gmt":"2022-10-14 09:51:20","post_content_filtered":"","post_parent":0,"guid":"http:\/\/dev.claret.cat\/editorial\/beascoa-ediciones-s-a\/","menu_order":0,"post_type":"editorial","post_mime_type":"","comment_count":"0","filter":"raw"}],"autores-libros":[{"ID":153891,"post_author":"3","post_date":"2022-10-14 15:00:22","post_date_gmt":"2022-10-14 13:00:22","post_content":"","post_title":"DAVID MCKEE","post_excerpt":"","post_status":"publish","comment_status":"closed","ping_status":"closed","post_password":"","post_name":"david-mckee","to_ping":"","pinged":"","post_modified":"2022-10-14 15:00:22","post_modified_gmt":"2022-10-14 13:00:22","post_content_filtered":"","post_parent":0,"guid":"http:\/\/dev.claret.cat\/autor\/david-mckee\/","menu_order":0,"post_type":"autor","post_mime_type":"","comment_count":"0","filter":"raw"}]},"aioseo_notices":[],"_links":{"self":[{"href":"https:\/\/www.claret.cat\/es\/wp-json\/wp\/v2\/product\/14824","targetHints":{"allow":["GET"]}}],"collection":[{"href":"https:\/\/www.claret.cat\/es\/wp-json\/wp\/v2\/product"}],"about":[{"href":"https:\/\/www.claret.cat\/es\/wp-json\/wp\/v2\/types\/product"}],"wp:featuredmedia":[{"embeddable":true,"href":"https:\/\/www.claret.cat\/es\/wp-json\/wp\/v2\/media\/75200"}],"wp:attachment":[{"href":"https:\/\/www.claret.cat\/es\/wp-json\/wp\/v2\/media?parent=14824"}],"wp:term":[{"taxonomy":"product_brand","embeddable":true,"href":"https:\/\/www.claret.cat\/es\/wp-json\/wp\/v2\/product_brand?post=14824"},{"taxonomy":"product_cat","embeddable":true,"href":"https:\/\/www.claret.cat\/es\/wp-json\/wp\/v2\/product_cat?post=14824"},{"taxonomy":"product_tag","embeddable":true,"href":"https:\/\/www.claret.cat\/es\/wp-json\/wp\/v2\/product_tag?post=14824"}],"curies":[{"name":"wp","href":"https:\/\/api.w.org\/{rel}","templated":true}]}}