{"id":14875,"date":"2022-10-01T22:57:13","date_gmt":"2022-10-01T20:57:13","guid":{"rendered":"http:\/\/dev.claret.cat\/producte\/lllegir-i-tocar-libre-joc\/"},"modified":"2023-01-28T02:39:44","modified_gmt":"2023-01-28T01:39:44","slug":"lllegir-i-tocar-librejoc-9788416126736","status":"publish","type":"product","link":"https:\/\/www.claret.cat\/es\/libro\/lllegir-i-tocar-librejoc-9788416126736\/","title":{"rendered":"LLLEGIR I TOCAR LIBRE-JOC"},"content":{"rendered":"<p>\u00bfC\u00f3mo ladra el perro en catal\u00e1n? \u00bfY en ingl\u00e9s? \u00bfDe qu\u00e9 color es el pato? \u00bfY c\u00f3mo se dice en ingl\u00e9s? Los colores, los n\u00fameros, las formas, las palabras y m\u00e1s, en este sorprendente libro biling\u00fce para jugar y tocar.<\/p>\n<p> Nada mejor para aprender los conceptos b\u00e1sicos en espa\u00f1ol y en ingl\u00e9s que un libro juego como este. Algunos dibujos contienen texturas diferentes que los peque\u00f1os pueden tocar, sentir y diferenciar. Adem\u00e1s, hay una ventanita que se puede abrir una y mil veces para descubrir qu\u00e9 hay detr\u00e1s. Y muchos efectos especiales que lo convierten en un objeto muy atractivo.<\/p>\n<p> Eric Carle nos regala esta vez un libro lleno de color y juego para los m\u00e1s chiquitines. Un autor consagrado que no solo vende millones de copias de sus creaciones sino que tambi\u00e9n arranca igual cantidad de sonrisas y caritas de asombro. <br \/> Ideal para compartir en familia e imprescindible para la escuela infantil.<\/p>\n","protected":false},"excerpt":{"rendered":"<p>ERIC CARLE<\/p>\n","protected":false},"featured_media":277749,"template":"","meta":{"_acf_changed":false,"om_disable_all_campaigns":false,"rs_blank_template":"","rs_page_bg_color":"","slide_template_v7":"","inline_featured_image":false,"_monsterinsights_skip_tracking":false,"_monsterinsights_sitenote_active":false,"_monsterinsights_sitenote_note":"","_monsterinsights_sitenote_category":0},"product_brand":[],"product_cat":[90,540],"product_tag":[],"class_list":{"0":"post-14875","1":"product","2":"type-product","3":"status-publish","4":"has-post-thumbnail","6":"product_cat-altres","7":"product_cat-otros","9":"first","10":"instock","11":"taxable","12":"shipping-taxable","13":"purchasable","14":"product-type-simple"},"acf":{"autor":"ERIC CARLE","codart":"841612673","libros-coleccion":"","ediciones":"1","encuadernacion":"Carton\u00e9","fecha_de_publicacion":"01\/05\/2017","novedad":"1","paginas":"12","subtitulo":"","orden":"0","portada":"0","idioma":"cat","editorial":[{"ID":147996,"post_author":"3","post_date":"2022-10-14 11:54:50","post_date_gmt":"2022-10-14 09:54:50","post_content":"","post_title":"Editorial K\u00f3kinos","post_excerpt":"","post_status":"publish","comment_status":"closed","ping_status":"closed","post_password":"","post_name":"editorial-kokinos","to_ping":"","pinged":"","post_modified":"2022-10-14 11:54:50","post_modified_gmt":"2022-10-14 09:54:50","post_content_filtered":"","post_parent":0,"guid":"http:\/\/dev.claret.cat\/editorial\/editorial-kokinos\/","menu_order":0,"post_type":"editorial","post_mime_type":"","comment_count":"0","filter":"raw"}],"autores-libros":[{"ID":155253,"post_author":"3","post_date":"2022-10-14 15:11:22","post_date_gmt":"2022-10-14 13:11:22","post_content":"","post_title":"ERIC CARLE","post_excerpt":"","post_status":"publish","comment_status":"closed","ping_status":"closed","post_password":"","post_name":"eric-carle-2","to_ping":"","pinged":"","post_modified":"2022-10-14 15:11:22","post_modified_gmt":"2022-10-14 13:11:22","post_content_filtered":"","post_parent":0,"guid":"http:\/\/dev.claret.cat\/autor\/eric-carle-2\/","menu_order":0,"post_type":"autor","post_mime_type":"","comment_count":"0","filter":"raw"}]},"aioseo_notices":[],"_links":{"self":[{"href":"https:\/\/www.claret.cat\/es\/wp-json\/wp\/v2\/product\/14875","targetHints":{"allow":["GET"]}}],"collection":[{"href":"https:\/\/www.claret.cat\/es\/wp-json\/wp\/v2\/product"}],"about":[{"href":"https:\/\/www.claret.cat\/es\/wp-json\/wp\/v2\/types\/product"}],"wp:featuredmedia":[{"embeddable":true,"href":"https:\/\/www.claret.cat\/es\/wp-json\/wp\/v2\/media\/277749"}],"wp:attachment":[{"href":"https:\/\/www.claret.cat\/es\/wp-json\/wp\/v2\/media?parent=14875"}],"wp:term":[{"taxonomy":"product_brand","embeddable":true,"href":"https:\/\/www.claret.cat\/es\/wp-json\/wp\/v2\/product_brand?post=14875"},{"taxonomy":"product_cat","embeddable":true,"href":"https:\/\/www.claret.cat\/es\/wp-json\/wp\/v2\/product_cat?post=14875"},{"taxonomy":"product_tag","embeddable":true,"href":"https:\/\/www.claret.cat\/es\/wp-json\/wp\/v2\/product_tag?post=14875"}],"curies":[{"name":"wp","href":"https:\/\/api.w.org\/{rel}","templated":true}]}}