{"id":1492,"date":"2022-07-27T20:47:33","date_gmt":"2022-07-27T18:47:33","guid":{"rendered":"http:\/\/dev.claret.cat\/producto\/la-colla-del-besos-9788412279627\/"},"modified":"2023-10-06T11:37:23","modified_gmt":"2023-10-06T09:37:23","slug":"la-colla-del-besos-9788412279627","status":"publish","type":"product","link":"https:\/\/www.claret.cat\/es\/libro\/la-colla-del-besos-9788412279627\/","title":{"rendered":"LA COLLA DEL BES\u00d2S"},"content":{"rendered":"<p>Aquest llibre recull records del que va significar l&#8221;experi\u00e8ncia de treball de \u00abla colla del Bes\u00f2s\u00bb, un grup de professores que, entre els anys 1967 i 1972, encara en ple franquisme, vam compartir doc\u00e8ncia a les filials de l&#8221;Institut Maragall i a l&#8221;Escola de Formaci\u00f3 Professional del barri del Bes\u00f2s. Antics alumnes han volgut explicar tamb\u00e9 el que va representar per a ells. <\/p>\n<p> En aquell moment nosaltres ten\u00edem una nul\u00b7la formaci\u00f3 did\u00e0ctica, per\u00f2 est\u00e0vem conven\u00e7udes que davant de cada entrebanc i dificultat hav\u00edem de trobar un cam\u00ed per superar-ho. A partir de la din\u00e0mica quotidiana amb les nostres alumnes, de compartir la lectura de llibres, de participar en activitats de formaci\u00f3 a l&#8221;Associaci\u00f3 de Mestres Rosa Sensat i, molt especialment, de les discussions en les moltes reunions que f\u00e8iem, vam anar desenvolupant la nostra capacitaci\u00f3 com a docents. <\/p>\n<p> Van ser uns anys apassionants de reflexi\u00f3 i d&#8221;acci\u00f3 que ens van deixar una forta empremta, i guardem aquell record com una etapa molt preuada del nostre recorregut professional i tamb\u00e9 personal. Ens vam comprometre amb la innovaci\u00f3 did\u00e0ctica, i amb el comprom\u00eds social i pol\u00edtic, i vam implicar-nos en la lluita per aconseguir drets laborals, un ensenyament mixt, la presa de decisions participada, el dret de les noies a tenir les mateixes opcions de vida que els nois i una escola p\u00fablica per a tothom. <\/p>\n<p> Volem compartir aquests records i reflexions amb aquells docents que segueixen treballant per donar la millor resposta possible a les necessitats dels nois i noies d&#8221;avui.<\/p>\n","protected":false},"excerpt":{"rendered":"<p>ALEMANY, CARME \/ ESCOBAR, MARIONA \/ SANMART\u00cd, NEUS<\/p>\n","protected":false},"featured_media":53983,"template":"","meta":{"_acf_changed":false,"om_disable_all_campaigns":false,"rs_blank_template":"","rs_page_bg_color":"","slide_template_v7":"","inline_featured_image":false,"_monsterinsights_skip_tracking":false,"_monsterinsights_sitenote_active":false,"_monsterinsights_sitenote_note":"","_monsterinsights_sitenote_category":0},"product_brand":[],"product_cat":[189,185,187],"product_tag":[],"class_list":{"0":"post-1492","1":"product","2":"type-product","3":"status-publish","4":"has-post-thumbnail","6":"product_cat-didactica-i-praxi-escolar","7":"product_cat-historia-i-corrents-pedagogia-2_humanitats","8":"product_cat-organitzacio-i-gestio","10":"first","11":"instock","12":"taxable","13":"shipping-taxable","14":"purchasable","15":"product-type-simple"},"acf":{"autor":"ALEMANY, CARME \/ ESCOBAR, MARIONA \/ SANMART\u00cd, NEUS","codart":"841227962","ediciones":"1","encuadernacion":"R\u00fastica","fecha_de_publicacion":"01\/12\/2021","novedad":"0","paginas":"232","subtitulo":"UNA EXPERI\u00c8NCIA DE COMPROM\u00cdS, IL\u00b7LUSI\u00d3, REPTES I APRENENTATGE","orden":"0","portada":"0","idioma":"cat","libros-coleccion":"Testimonis","autores-libros":[{"ID":5331,"post_author":"3","post_date":"2022-07-28 17:21:41","post_date_gmt":"2022-07-28 15:21:41","post_content":"","post_title":"CARME ALEMANY","post_excerpt":"","post_status":"publish","comment_status":"closed","ping_status":"closed","post_password":"","post_name":"carme-alemany","to_ping":"","pinged":"","post_modified":"2022-07-28 17:21:41","post_modified_gmt":"2022-07-28 15:21:41","post_content_filtered":"","post_parent":0,"guid":"http:\/\/dev.claret.cat\/autor\/carme-alemany\/","menu_order":0,"post_type":"autor","post_mime_type":"","comment_count":"0","filter":"raw"},{"ID":5811,"post_author":"3","post_date":"2022-07-28 17:31:59","post_date_gmt":"2022-07-28 15:31:59","post_content":"","post_title":"MARIONA ESCOBAR","post_excerpt":"","post_status":"publish","comment_status":"closed","ping_status":"closed","post_password":"","post_name":"mariona-escobar","to_ping":"","pinged":"","post_modified":"2022-07-28 17:31:59","post_modified_gmt":"2022-07-28 15:31:59","post_content_filtered":"","post_parent":0,"guid":"http:\/\/dev.claret.cat\/autor\/mariona-escobar\/","menu_order":0,"post_type":"autor","post_mime_type":"","comment_count":"0","filter":"raw"},{"ID":5884,"post_author":"3","post_date":"2022-07-28 17:33:34","post_date_gmt":"2022-07-28 15:33:34","post_content":"","post_title":"NEUS SANMART\u00cd","post_excerpt":"","post_status":"publish","comment_status":"closed","ping_status":"closed","post_password":"","post_name":"neus-sanmarti","to_ping":"","pinged":"","post_modified":"2022-07-28 17:33:34","post_modified_gmt":"2022-07-28 15:33:34","post_content_filtered":"","post_parent":0,"guid":"http:\/\/dev.claret.cat\/autor\/neus-sanmarti\/","menu_order":0,"post_type":"autor","post_mime_type":"","comment_count":"0","filter":"raw"}],"editorial":[{"ID":6129,"post_author":"3","post_date":"2022-07-28 17:45:30","post_date_gmt":"2022-07-28 15:45:30","post_content":"","post_title":"Associaci\u00f3 de Mestres Rosa Sensat","post_excerpt":"","post_status":"publish","comment_status":"closed","ping_status":"closed","post_password":"","post_name":"associacio-de-mestres-rosa-sensat","to_ping":"","pinged":"","post_modified":"2022-07-28 17:45:30","post_modified_gmt":"2022-07-28 15:45:30","post_content_filtered":"","post_parent":0,"guid":"http:\/\/dev.claret.cat\/editorial\/associacio-de-mestres-rosa-sensat\/","menu_order":0,"post_type":"editorial","post_mime_type":"","comment_count":"0","filter":"raw"}]},"aioseo_notices":[],"_links":{"self":[{"href":"https:\/\/www.claret.cat\/es\/wp-json\/wp\/v2\/product\/1492","targetHints":{"allow":["GET"]}}],"collection":[{"href":"https:\/\/www.claret.cat\/es\/wp-json\/wp\/v2\/product"}],"about":[{"href":"https:\/\/www.claret.cat\/es\/wp-json\/wp\/v2\/types\/product"}],"wp:featuredmedia":[{"embeddable":true,"href":"https:\/\/www.claret.cat\/es\/wp-json\/wp\/v2\/media\/53983"}],"wp:attachment":[{"href":"https:\/\/www.claret.cat\/es\/wp-json\/wp\/v2\/media?parent=1492"}],"wp:term":[{"taxonomy":"product_brand","embeddable":true,"href":"https:\/\/www.claret.cat\/es\/wp-json\/wp\/v2\/product_brand?post=1492"},{"taxonomy":"product_cat","embeddable":true,"href":"https:\/\/www.claret.cat\/es\/wp-json\/wp\/v2\/product_cat?post=1492"},{"taxonomy":"product_tag","embeddable":true,"href":"https:\/\/www.claret.cat\/es\/wp-json\/wp\/v2\/product_tag?post=1492"}],"curies":[{"name":"wp","href":"https:\/\/api.w.org\/{rel}","templated":true}]}}