{"id":1498,"date":"2022-07-27T20:47:49","date_gmt":"2022-07-27T18:47:49","guid":{"rendered":"http:\/\/dev.claret.cat\/producto\/experiencies-duna-mare-dacollida-9788412369014\/"},"modified":"2024-05-03T11:19:12","modified_gmt":"2024-05-03T09:19:12","slug":"experiencies-duna-mare-dacollida-9788412369014","status":"publish","type":"product","link":"https:\/\/www.claret.cat\/es\/libro\/experiencies-duna-mare-dacollida-9788412369014\/","title":{"rendered":"EXPERI\u00c8NCIES D&#8217;UNA MARE D&#8217;ACOLLIDA"},"content":{"rendered":"<p>Entrem en l&#8221;univers privat de l&#8221;autora i seguim de ben a prop el seu proc\u00e9s d&#8221;acollida, des de l&#8221;inici fins a l&#8221;actualitat. L&#8221;emocionant hist\u00f2ria est\u00e0 basada en l&#8221;experi\u00e8ncia real de la M\u00aa Josep Subirachs amb l&#8221;acollida temporal d&#8221;una nena petita, la Ritta. \u00c9s un diari d&#8221;alguns dels millors i pitjors moments del per\u00edode de conviv\u00e8ncia plegades.  <br \/> Mitjan\u00e7ant un relat fresc i gener\u00f3s, l&#8221;autora comparteix les viv\u00e8ncies i els sentiments que es generen durant tots aquests mesos: baralles, viatges, paraules d&#8221;estima&#8230;sempre amb una mirada optimista per\u00f2 mostrant tamb\u00e9 els moments m\u00e9s complicats. Un relat sobre la diversitat familiar i un exemple clar d&#8221;un acte d&#8221;immensa generositat.  <br \/> Com negar-se a cuidar d&#8221;un infant a qui han negat la inf\u00e0ncia?<\/p>\n","protected":false},"excerpt":{"rendered":"<p>SUBIRACHS FERRER, M\u00aa JOSEP<\/p>\n","protected":false},"featured_media":64498,"template":"","meta":{"_acf_changed":false,"om_disable_all_campaigns":false,"rs_blank_template":"","rs_page_bg_color":"","slide_template_v7":"","inline_featured_image":false,"_monsterinsights_skip_tracking":false,"_monsterinsights_sitenote_active":false,"_monsterinsights_sitenote_note":"","_monsterinsights_sitenote_category":0},"product_brand":[],"product_cat":[131,361,137,425],"product_tag":[],"class_list":{"0":"post-1498","1":"product","2":"type-product","3":"status-publish","4":"has-post-thumbnail","6":"product_cat-contes-per-infants-0-6-anys","7":"product_cat-cuentos-para-ninos-0-6-anos","8":"product_cat-escola-de-pares-infantil","9":"product_cat-escuela-de-padres","11":"first","12":"instock","13":"taxable","14":"shipping-taxable","15":"purchasable","16":"product-type-simple"},"acf":{"autor":"SUBIRACHS FERRER, M\u00aa JOSEP","codart":"841236901","ediciones":"1","encuadernacion":"Carton\u00e9","fecha_de_publicacion":"01\/06\/2021","novedad":"1","paginas":"45","subtitulo":"","orden":"0","portada":"0","idioma":"cat","libros-coleccion":"FORA DE COL.LECCI\u00d3","autores-libros":[{"ID":5763,"post_author":"3","post_date":"2022-07-28 17:30:57","post_date_gmt":"2022-07-28 15:30:57","post_content":"","post_title":"M\u00aa JOSEP SUBIRACHS FERRER","post_excerpt":"","post_status":"publish","comment_status":"closed","ping_status":"closed","post_password":"","post_name":"ma-josep-subirachs-ferrer","to_ping":"","pinged":"","post_modified":"2022-07-28 17:30:57","post_modified_gmt":"2022-07-28 15:30:57","post_content_filtered":"","post_parent":0,"guid":"http:\/\/dev.claret.cat\/autor\/ma-josep-subirachs-ferrer\/","menu_order":0,"post_type":"autor","post_mime_type":"","comment_count":"0","filter":"raw"}],"editorial":[{"ID":6215,"post_author":"3","post_date":"2022-07-28 17:47:20","post_date_gmt":"2022-07-28 15:47:20","post_content":"","post_title":"Edita.cat","post_excerpt":"","post_status":"publish","comment_status":"closed","ping_status":"closed","post_password":"","post_name":"edita-cat","to_ping":"","pinged":"","post_modified":"2022-07-28 17:47:20","post_modified_gmt":"2022-07-28 15:47:20","post_content_filtered":"","post_parent":0,"guid":"http:\/\/dev.claret.cat\/editorial\/edita-cat\/","menu_order":0,"post_type":"editorial","post_mime_type":"","comment_count":"0","filter":"raw"}]},"aioseo_notices":[],"_links":{"self":[{"href":"https:\/\/www.claret.cat\/es\/wp-json\/wp\/v2\/product\/1498","targetHints":{"allow":["GET"]}}],"collection":[{"href":"https:\/\/www.claret.cat\/es\/wp-json\/wp\/v2\/product"}],"about":[{"href":"https:\/\/www.claret.cat\/es\/wp-json\/wp\/v2\/types\/product"}],"wp:featuredmedia":[{"embeddable":true,"href":"https:\/\/www.claret.cat\/es\/wp-json\/wp\/v2\/media\/64498"}],"wp:attachment":[{"href":"https:\/\/www.claret.cat\/es\/wp-json\/wp\/v2\/media?parent=1498"}],"wp:term":[{"taxonomy":"product_brand","embeddable":true,"href":"https:\/\/www.claret.cat\/es\/wp-json\/wp\/v2\/product_brand?post=1498"},{"taxonomy":"product_cat","embeddable":true,"href":"https:\/\/www.claret.cat\/es\/wp-json\/wp\/v2\/product_cat?post=1498"},{"taxonomy":"product_tag","embeddable":true,"href":"https:\/\/www.claret.cat\/es\/wp-json\/wp\/v2\/product_tag?post=1498"}],"curies":[{"name":"wp","href":"https:\/\/api.w.org\/{rel}","templated":true}]}}