{"id":15089,"date":"2022-10-01T22:59:52","date_gmt":"2022-10-01T20:59:52","guid":{"rendered":"http:\/\/dev.claret.cat\/producte\/ibiza-y-formentera-de-cerca-3\/"},"modified":"2023-01-28T13:59:22","modified_gmt":"2023-01-28T12:59:22","slug":"ibiza-y-formentera-de-cerca-3-9788408200857","status":"publish","type":"product","link":"https:\/\/www.claret.cat\/es\/libro\/ibiza-y-formentera-de-cerca-3-9788408200857\/","title":{"rendered":"IBIZA Y FORMENTERA DE CERCA 3"},"content":{"rendered":"<p>Playas id\u00edlicas, fiestas que duran toda la noche, ambiente bohemio\u2026 la peque\u00f1a isla balear ofrece mucho m\u00e1s que sol, playas y fiestas. En verano, acuden los mejores DJ del planeta, pero la ciudad de Ibiza destila un encanto hist\u00f3rico. Descubrir pueblos silenciosos, caletas rec\u00f3nditas, hoteles rurales, gastronom\u00eda ecol\u00f3gica y la herencia hippy del norte menos explotado. Formentera, con algunas de las mejores playas de Europa, es un precioso lugar para escapar de todo. Ibiza y Formentera tienen multitud de atractivos para visitarlas.<\/p>\n","protected":false},"excerpt":{"rendered":"<p>NOBLE, ISABELLA<\/p>\n","protected":false},"featured_media":66094,"template":"","meta":{"_acf_changed":false,"om_disable_all_campaigns":false,"rs_blank_template":"","rs_page_bg_color":"","slide_template_v7":"","inline_featured_image":false,"_monsterinsights_skip_tracking":false,"_monsterinsights_sitenote_active":false,"_monsterinsights_sitenote_note":"","_monsterinsights_sitenote_category":0},"product_brand":[],"product_cat":[107],"product_tag":[],"class_list":{"0":"post-15089","1":"product","2":"type-product","3":"status-publish","4":"has-post-thumbnail","6":"product_cat-guies-de-viatge","8":"first","9":"instock","10":"taxable","11":"shipping-taxable","12":"purchasable","13":"product-type-simple"},"acf":{"autor":"NOBLE, ISABELLA","codart":"840820085","libros-coleccion":"Lonely Planet","ediciones":"1","encuadernacion":"R\u00fastica","fecha_de_publicacion":"01\/02\/2019","novedad":"1","paginas":"160","subtitulo":"","orden":"0","portada":"0","idioma":"spa","editorial":[{"ID":6233,"post_author":"3","post_date":"2022-07-28 17:47:48","post_date_gmt":"2022-07-28 15:47:48","post_content":"","post_title":"EDITORIAL PLANETA","post_excerpt":"","post_status":"publish","comment_status":"closed","ping_status":"closed","post_password":"","post_name":"editorial-planeta","to_ping":"","pinged":"","post_modified":"2022-07-28 17:47:48","post_modified_gmt":"2022-07-28 15:47:48","post_content_filtered":"","post_parent":0,"guid":"http:\/\/dev.claret.cat\/editorial\/editorial-planeta\/","menu_order":0,"post_type":"editorial","post_mime_type":"","comment_count":"0","filter":"raw"}],"autores-libros":[{"ID":158102,"post_author":"3","post_date":"2022-10-14 15:34:10","post_date_gmt":"2022-10-14 13:34:10","post_content":"","post_title":"ISABELLA NOBLE","post_excerpt":"","post_status":"publish","comment_status":"closed","ping_status":"closed","post_password":"","post_name":"isabella-noble","to_ping":"","pinged":"","post_modified":"2022-10-14 15:34:10","post_modified_gmt":"2022-10-14 13:34:10","post_content_filtered":"","post_parent":0,"guid":"http:\/\/dev.claret.cat\/autor\/isabella-noble\/","menu_order":0,"post_type":"autor","post_mime_type":"","comment_count":"0","filter":"raw"}]},"aioseo_notices":[],"_links":{"self":[{"href":"https:\/\/www.claret.cat\/es\/wp-json\/wp\/v2\/product\/15089","targetHints":{"allow":["GET"]}}],"collection":[{"href":"https:\/\/www.claret.cat\/es\/wp-json\/wp\/v2\/product"}],"about":[{"href":"https:\/\/www.claret.cat\/es\/wp-json\/wp\/v2\/types\/product"}],"wp:featuredmedia":[{"embeddable":true,"href":"https:\/\/www.claret.cat\/es\/wp-json\/wp\/v2\/media\/66094"}],"wp:attachment":[{"href":"https:\/\/www.claret.cat\/es\/wp-json\/wp\/v2\/media?parent=15089"}],"wp:term":[{"taxonomy":"product_brand","embeddable":true,"href":"https:\/\/www.claret.cat\/es\/wp-json\/wp\/v2\/product_brand?post=15089"},{"taxonomy":"product_cat","embeddable":true,"href":"https:\/\/www.claret.cat\/es\/wp-json\/wp\/v2\/product_cat?post=15089"},{"taxonomy":"product_tag","embeddable":true,"href":"https:\/\/www.claret.cat\/es\/wp-json\/wp\/v2\/product_tag?post=15089"}],"curies":[{"name":"wp","href":"https:\/\/api.w.org\/{rel}","templated":true}]}}