{"id":15116,"date":"2022-10-01T23:00:15","date_gmt":"2022-10-01T21:00:15","guid":{"rendered":"http:\/\/dev.claret.cat\/producte\/tipos-de-vuelta\/"},"modified":"2023-10-06T11:32:20","modified_gmt":"2023-10-06T09:32:20","slug":"tipos-de-vuelta-9788412437010","status":"publish","type":"product","link":"https:\/\/www.claret.cat\/es\/libro\/tipos-de-vuelta-9788412437010\/","title":{"rendered":"TIPOS DE VUELTA"},"content":{"rendered":"<p>En Tipos de vuelta, el periodista Gonzalo Altozano entrevista a cineastas, escritores, historiadores, pol\u00edticos, fil\u00f3sofos e incluso a un banquero. Cualquiera estar\u00eda tentado de decir, por tanto, que no estamos sino ante un recopilatorio, algo as\u00ed como un caj\u00f3n de sastre en el que cabe cualquier cosa. Nada m\u00e1s alejado de la realidad. Hay atributos que hermanan a Antonio Escohotado y a Jorge Verstrynge, a Fernando S\u00e1nchez Drag\u00f3 y a Rafael Vera, y que confieren al libro una l\u00f3gica interna: esa sabidur\u00eda de la que s\u00f3lo goza quien ha vivido lo suficiente, una vida digna de ser contada y una inclinaci\u00f3n, precisamente por estar todos ellos de vuelta, a hablar sin los circunloquios, los ambages y los eufemismos que hoy se le exigen al ciudadano socialmente responsable. Un aviso. No se encontrar\u00e1 el lector con esos fr\u00edos cuestionarios que m\u00e1s que periodismo parecen burocracia, ni tampoco \u2014tambi\u00e9n esto \u00faltimo muy t\u00edpico\u2014 con un entrevistador que aprovecha la coyuntura, la de la entrevista, para el propio lucimiento. En Tipos de vuelta, Gonzalo Altozano se viste de S\u00f3crates y urde di\u00e1logos en los que el objetivo, el \u00fanico objetivo, es que el interlocutor d\u00e9 a luz la verdad de su vida.<\/p>\n","protected":false},"excerpt":{"rendered":"<p>WWAA<\/p>\n","protected":false},"featured_media":61964,"template":"","meta":{"_acf_changed":false,"om_disable_all_campaigns":false,"rs_blank_template":"","rs_page_bg_color":"","slide_template_v7":"","inline_featured_image":false,"_monsterinsights_skip_tracking":false,"_monsterinsights_sitenote_active":false,"_monsterinsights_sitenote_note":"","_monsterinsights_sitenote_category":0},"product_brand":[],"product_cat":[540],"product_tag":[],"class_list":{"0":"post-15116","1":"product","2":"type-product","3":"status-publish","4":"has-post-thumbnail","6":"product_cat-otros","8":"first","9":"instock","10":"taxable","11":"shipping-taxable","12":"purchasable","13":"product-type-simple"},"acf":{"autor":"WWAA","codart":"841243701","libros-coleccion":"","ediciones":"1","encuadernacion":"Carpeta","fecha_de_publicacion":"01\/12\/2021","novedad":"1","paginas":"283","subtitulo":"","orden":"0","portada":"0","idioma":"spa","autores-libros":[{"ID":6094,"post_author":"3","post_date":"2022-07-28 17:38:01","post_date_gmt":"2022-07-28 15:38:01","post_content":"","post_title":"WWAA","post_excerpt":"","post_status":"publish","comment_status":"closed","ping_status":"closed","post_password":"","post_name":"wwaa","to_ping":"","pinged":"","post_modified":"2022-07-28 17:38:01","post_modified_gmt":"2022-07-28 15:38:01","post_content_filtered":"","post_parent":0,"guid":"http:\/\/dev.claret.cat\/autor\/wwaa\/","menu_order":0,"post_type":"autor","post_mime_type":"","comment_count":"0","filter":"raw"}],"editorial":[{"ID":147835,"post_author":"3","post_date":"2022-10-14 11:53:35","post_date_gmt":"2022-10-14 09:53:35","post_content":"","post_title":"EDICIONES MON\u00d3CULO","post_excerpt":"","post_status":"publish","comment_status":"closed","ping_status":"closed","post_password":"","post_name":"ediciones-monoculo","to_ping":"","pinged":"","post_modified":"2022-10-14 11:53:35","post_modified_gmt":"2022-10-14 09:53:35","post_content_filtered":"","post_parent":0,"guid":"http:\/\/dev.claret.cat\/editorial\/ediciones-monoculo\/","menu_order":0,"post_type":"editorial","post_mime_type":"","comment_count":"0","filter":"raw"}]},"aioseo_notices":[],"_links":{"self":[{"href":"https:\/\/www.claret.cat\/es\/wp-json\/wp\/v2\/product\/15116","targetHints":{"allow":["GET"]}}],"collection":[{"href":"https:\/\/www.claret.cat\/es\/wp-json\/wp\/v2\/product"}],"about":[{"href":"https:\/\/www.claret.cat\/es\/wp-json\/wp\/v2\/types\/product"}],"wp:featuredmedia":[{"embeddable":true,"href":"https:\/\/www.claret.cat\/es\/wp-json\/wp\/v2\/media\/61964"}],"wp:attachment":[{"href":"https:\/\/www.claret.cat\/es\/wp-json\/wp\/v2\/media?parent=15116"}],"wp:term":[{"taxonomy":"product_brand","embeddable":true,"href":"https:\/\/www.claret.cat\/es\/wp-json\/wp\/v2\/product_brand?post=15116"},{"taxonomy":"product_cat","embeddable":true,"href":"https:\/\/www.claret.cat\/es\/wp-json\/wp\/v2\/product_cat?post=15116"},{"taxonomy":"product_tag","embeddable":true,"href":"https:\/\/www.claret.cat\/es\/wp-json\/wp\/v2\/product_tag?post=15116"}],"curies":[{"name":"wp","href":"https:\/\/api.w.org\/{rel}","templated":true}]}}