{"id":15155,"date":"2022-10-01T23:00:45","date_gmt":"2022-10-01T21:00:45","guid":{"rendered":"http:\/\/dev.claret.cat\/producte\/som-uns-pringats\/"},"modified":"2023-01-28T08:06:20","modified_gmt":"2023-01-28T07:06:20","slug":"som-uns-pringats-9788412439212","status":"publish","type":"product","link":"https:\/\/www.claret.cat\/es\/libro\/som-uns-pringats-9788412439212\/","title":{"rendered":"SOM UNS PRINGATS"},"content":{"rendered":"<p>Quan est\u00e0s cansat de ser la v\u00edctima cal ordir el pla perfecte per deixar de ser-ho, i una bona colla de pringats poden ser la soluci\u00f3.Em dic Rosendo Luppo i soc un pringat. Sempre ha estat aix\u00ed i \u00e9s bastant probable que sempre ho sigui. A la meva edat ja n?he vistes de tots colors i, mancat de for\u00e7a i de coratge, he apr\u00e8s a mantenir-me tan allunyat com puc dels problemes de tota mena.  Aix\u00f2, molt sovint, significa no parlar ni riure amb ning\u00fa. La feina del pare ens ha portat sovint a trasllats en diferents ciutats i a mi m?ha obligat a anar-me adaptant a diferents escoles. L?\u00faltim salt que hem fet ens ha portat a Barcelona i a mi a comen\u00e7ar secund\u00e0ria en un institut nou. L?ambient \u00e9s hostil, com sempre, i el meu nom \u00e9s el motiu de totes les burles. Intento passar desapercebut, es tracta de sobreviure, per\u00f2 no ho aconsegueixo. Ara b\u00e9, a vegades, qui menys t?esperes en brinda un cop de m\u00e0.<\/p>\n","protected":false},"excerpt":{"rendered":"<p>FERN\u00c1NDEZ, EMPAR<\/p>\n","protected":false},"featured_media":275454,"template":"","meta":{"_acf_changed":false,"om_disable_all_campaigns":false,"rs_blank_template":"","rs_page_bg_color":"","slide_template_v7":"","inline_featured_image":false,"_monsterinsights_skip_tracking":false,"_monsterinsights_sitenote_active":false,"_monsterinsights_sitenote_note":"","_monsterinsights_sitenote_category":0},"product_brand":[],"product_cat":[90,540],"product_tag":[],"class_list":{"0":"post-15155","1":"product","2":"type-product","3":"status-publish","4":"has-post-thumbnail","6":"product_cat-altres","7":"product_cat-otros","9":"first","10":"instock","11":"taxable","12":"shipping-taxable","13":"purchasable","14":"product-type-simple"},"acf":{"autor":"FERN\u00c1NDEZ, EMPAR","codart":"841243921","libros-coleccion":"FORA DE COL.LECCI\u00d3","ediciones":"1","encuadernacion":"R\u00fastica","fecha_de_publicacion":"01\/11\/2021","novedad":"1","paginas":"139","subtitulo":"","orden":"0","portada":"0","idioma":"cat","editorial":[{"ID":148456,"post_author":"3","post_date":"2022-10-14 11:58:23","post_date_gmt":"2022-10-14 09:58:23","post_content":"","post_title":"LLIBRES DELICTE","post_excerpt":"","post_status":"publish","comment_status":"closed","ping_status":"closed","post_password":"","post_name":"llibres-delicte","to_ping":"","pinged":"","post_modified":"2022-10-14 11:58:23","post_modified_gmt":"2022-10-14 09:58:23","post_content_filtered":"","post_parent":0,"guid":"http:\/\/dev.claret.cat\/editorial\/llibres-delicte\/","menu_order":0,"post_type":"editorial","post_mime_type":"","comment_count":"0","filter":"raw"}],"autores-libros":[{"ID":155068,"post_author":"3","post_date":"2022-10-14 15:09:54","post_date_gmt":"2022-10-14 13:09:54","post_content":"","post_title":"EMPAR FERN\u00c1NDEZ","post_excerpt":"","post_status":"publish","comment_status":"closed","ping_status":"closed","post_password":"","post_name":"empar-fernandez","to_ping":"","pinged":"","post_modified":"2022-10-14 15:09:54","post_modified_gmt":"2022-10-14 13:09:54","post_content_filtered":"","post_parent":0,"guid":"http:\/\/dev.claret.cat\/autor\/empar-fernandez\/","menu_order":0,"post_type":"autor","post_mime_type":"","comment_count":"0","filter":"raw"}]},"aioseo_notices":[],"_links":{"self":[{"href":"https:\/\/www.claret.cat\/es\/wp-json\/wp\/v2\/product\/15155","targetHints":{"allow":["GET"]}}],"collection":[{"href":"https:\/\/www.claret.cat\/es\/wp-json\/wp\/v2\/product"}],"about":[{"href":"https:\/\/www.claret.cat\/es\/wp-json\/wp\/v2\/types\/product"}],"wp:featuredmedia":[{"embeddable":true,"href":"https:\/\/www.claret.cat\/es\/wp-json\/wp\/v2\/media\/275454"}],"wp:attachment":[{"href":"https:\/\/www.claret.cat\/es\/wp-json\/wp\/v2\/media?parent=15155"}],"wp:term":[{"taxonomy":"product_brand","embeddable":true,"href":"https:\/\/www.claret.cat\/es\/wp-json\/wp\/v2\/product_brand?post=15155"},{"taxonomy":"product_cat","embeddable":true,"href":"https:\/\/www.claret.cat\/es\/wp-json\/wp\/v2\/product_cat?post=15155"},{"taxonomy":"product_tag","embeddable":true,"href":"https:\/\/www.claret.cat\/es\/wp-json\/wp\/v2\/product_tag?post=15155"}],"curies":[{"name":"wp","href":"https:\/\/api.w.org\/{rel}","templated":true}]}}