{"id":15170,"date":"2022-10-01T23:00:56","date_gmt":"2022-10-01T21:00:56","guid":{"rendered":"http:\/\/dev.claret.cat\/producte\/el-padre-pio-espanol\/"},"modified":"2026-02-23T16:21:53","modified_gmt":"2026-02-23T15:21:53","slug":"el-padre-pio-espanol-9788412440836","status":"publish","type":"product","link":"https:\/\/www.claret.cat\/es\/libro\/el-padre-pio-espanol-9788412440836\/","title":{"rendered":"EL PADRE P\u00cdO ESPA\u00d1OL"},"content":{"rendered":"<p>Era desconocido hasta la actualidad, pese a ser capaz de estar en dos sitios distintos al mismo tiempo, leer el alma de las personas o prever el futuro. Jos\u00e9 Mar\u00eda Zavala nos muestra, con su habitual amenidad y rigor, a este enigm\u00e1tico fraile franciscano en un deslumbrante relato que provocar\u00e1 en el lector con total seguridad un terremoto interior de ocho puntos en la escala de Richter. Bautizado por Zavala como El Padre P\u00edo espa\u00f1ol, dadas sus sorprendentes parecidos con el capuchino italiano canonizado por el papa Juan Pablo II en 2002, el monje de Montalb\u00e1n constituye hoy otro vivo ejemplo del Evangelio. Su poder intercesor ha posibilitado, como ocurri\u00f3 en su d\u00eda con el Padre P\u00edo, que algunas personas recobrasen la vida, los ciegos viesen, los paral\u00edticos caminasen o los incr\u00e9dulos creyesen. Gracias al autor, parapetado otra vez en un arsenal de documentos in\u00e9ditos, emerge as\u00ed en este libro con todo su esplendor este misterioso personaje de vida deslumbrante para asombro de una sociedad como la actual, presa de la desesperanza y el positivismo.<\/p>\n","protected":false},"excerpt":{"rendered":"<p>ZAVALA, JOS\u00c9 MAR\u00cdA<\/p>\n","protected":false},"featured_media":1085669,"template":"","meta":{"_acf_changed":false,"om_disable_all_campaigns":false,"rs_blank_template":"","rs_page_bg_color":"","slide_template_v7":"","inline_featured_image":false,"_monsterinsights_skip_tracking":false,"_monsterinsights_sitenote_active":false,"_monsterinsights_sitenote_note":"","_monsterinsights_sitenote_category":0},"product_brand":[],"product_cat":[243,493],"product_tag":[],"class_list":{"0":"post-15170","1":"product","2":"type-product","3":"status-publish","4":"has-post-thumbnail","6":"product_cat-franciscana","7":"product_cat-franciscana-espiritualidad-1_espiritualidad","9":"first","10":"instock","11":"taxable","12":"shipping-taxable","13":"purchasable","14":"product-type-simple"},"acf":{"autor":"ZAVALA, JOS\u00c9 MAR\u00cdA","codart":"841244083","libros-coleccion":"","ediciones":"1","encuadernacion":"R\u00fastica","fecha_de_publicacion":"01\/03\/2022","novedad":"1","paginas":"261","subtitulo":"LA VIDA DESCONOCIDA DEL MONJE DE MONTALB\u00c1N","orden":"0","portada":"0","idioma":"spa","autores-libros":[{"ID":5646,"post_author":"3","post_date":"2022-07-28 17:28:27","post_date_gmt":"2022-07-28 15:28:27","post_content":"","post_title":"JOS\u00c9 MAR\u00cdA ZAVALA","post_excerpt":"","post_status":"publish","comment_status":"closed","ping_status":"closed","post_password":"","post_name":"jose-maria-zavala","to_ping":"","pinged":"","post_modified":"2022-07-28 17:28:27","post_modified_gmt":"2022-07-28 15:28:27","post_content_filtered":"","post_parent":0,"guid":"http:\/\/dev.claret.cat\/autor\/jose-maria-zavala\/","menu_order":0,"post_type":"autor","post_mime_type":"","comment_count":"0","filter":"raw"}],"editorial":[{"ID":147693,"post_author":"3","post_date":"2022-10-14 11:52:31","post_date_gmt":"2022-10-14 09:52:31","post_content":"","post_title":"Custodian Movies","post_excerpt":"","post_status":"publish","comment_status":"closed","ping_status":"closed","post_password":"","post_name":"custodian-movies","to_ping":"","pinged":"","post_modified":"2022-10-14 11:52:31","post_modified_gmt":"2022-10-14 09:52:31","post_content_filtered":"","post_parent":0,"guid":"http:\/\/dev.claret.cat\/editorial\/custodian-movies\/","menu_order":0,"post_type":"editorial","post_mime_type":"","comment_count":"0","filter":"raw"}],"booktrailer":"","resenas":""},"aioseo_notices":[],"_links":{"self":[{"href":"https:\/\/www.claret.cat\/es\/wp-json\/wp\/v2\/product\/15170","targetHints":{"allow":["GET"]}}],"collection":[{"href":"https:\/\/www.claret.cat\/es\/wp-json\/wp\/v2\/product"}],"about":[{"href":"https:\/\/www.claret.cat\/es\/wp-json\/wp\/v2\/types\/product"}],"wp:featuredmedia":[{"embeddable":true,"href":"https:\/\/www.claret.cat\/es\/wp-json\/wp\/v2\/media\/1085669"}],"wp:attachment":[{"href":"https:\/\/www.claret.cat\/es\/wp-json\/wp\/v2\/media?parent=15170"}],"wp:term":[{"taxonomy":"product_brand","embeddable":true,"href":"https:\/\/www.claret.cat\/es\/wp-json\/wp\/v2\/product_brand?post=15170"},{"taxonomy":"product_cat","embeddable":true,"href":"https:\/\/www.claret.cat\/es\/wp-json\/wp\/v2\/product_cat?post=15170"},{"taxonomy":"product_tag","embeddable":true,"href":"https:\/\/www.claret.cat\/es\/wp-json\/wp\/v2\/product_tag?post=15170"}],"curies":[{"name":"wp","href":"https:\/\/api.w.org\/{rel}","templated":true}]}}