{"id":15182,"date":"2022-10-01T23:01:05","date_gmt":"2022-10-01T21:01:05","guid":{"rendered":"http:\/\/dev.claret.cat\/producte\/por-que-preferimos-la-desigualdad\/"},"modified":"2023-01-28T19:08:21","modified_gmt":"2023-01-28T18:08:21","slug":"por-que-preferimos-la-desigualdad-9788412448818","status":"publish","type":"product","link":"https:\/\/www.claret.cat\/es\/libro\/por-que-preferimos-la-desigualdad-9788412448818\/","title":{"rendered":"\u00bfPOR QU\u00c9 PREFERIMOS LA DESIGUALDAD?"},"content":{"rendered":"<p>Aunque afirmen lo contrario, nuestras sociedades \u201celigen\u201d la desigualdad. Esto, que parece una provocaci\u00f3n, es el punto de partida de un ensayo imprescindible. Si se profundiza la brecha entre el 1% m\u00e1s rico y los dem\u00e1s sectores, no es s\u00f3lo por la l\u00f3gica cruel del capitalismo financiero sino porque tambi\u00e9n el 99%, en sus pr\u00e1cticas m\u00e1s cotidianas, genera desigualdades. Todos los que pueden (los m\u00e1s privilegiados, las clases medias) prefieren vivir en barrios donde s\u00f3lo se encuentran con personas afines, y con el mismo criterio eligen la escuela a la que mandar\u00e1n a sus hijos, mientras expresan el hartazgo fiscal de dar sin recibir beneficios proporcionales. Como contrapartida, los barrios de los sectores populares se perciben como \u201czonas peligrosas, amenazantes\u201d, al tiempo que los extranjeros parecen m\u00e1s numerosos, los desempleados \u201cabusan\u201d de las ayudas del Estado y los j\u00f3venes pobres y sin estudios est\u00e1n siempre \u201cal borde de delinquir\u201d.<\/p>\n<p> Con argumentos tan filosos como consistentes, Fran\u00e7ois Dubet plantea<br \/> la urgencia de afrontar esta situaci\u00f3n, en laque los grandes principios que se declaran con palabras rimbombantes (la democracia, la igualdad) chocan con el fraude y la evasi\u00f3n fiscal de quienes tienen recursos, con la estigmatizaci\u00f3n de los m\u00e1s d\u00e9biles y con la culpabilizaci\u00f3n de las v\u00edctimas. Para explicar este desajuste, analiza la crisis que, desde los a\u00f1os ochenta, desmantel\u00f3 los pilares de la solidaridad y la integraci\u00f3n social: el trabajo, las instituciones ligadas a la educaci\u00f3n, la justicia y la salud, la idea de una naci\u00f3n homog\u00e9nea y la creencia en la representaci\u00f3n pol\u00edtica. <\/p>\n<p> El gran relato de la integraci\u00f3n se ha desdibujado, y los individuos est\u00e1n solos y desconf\u00edan tanto de los otros como del sistema en su conjunto. Lejos de la nostalgia reaccionaria por un mundo perdido, Dubet propone construir otra representaci\u00f3n de la vida social, de la experiencia compartida, a partir de acciones individuales, de movilizaci\u00f3n colectiva y de pol\u00edticas p\u00fablicas capaces de generar confianza y sentido de sociedad.<\/p>\n","protected":false},"excerpt":{"rendered":"<p>DUBET, FRAN\u00c7OIS<\/p>\n","protected":false},"featured_media":64068,"template":"","meta":{"_acf_changed":false,"om_disable_all_campaigns":false,"rs_blank_template":"","rs_page_bg_color":"","slide_template_v7":"","inline_featured_image":false,"_monsterinsights_skip_tracking":false,"_monsterinsights_sitenote_active":false,"_monsterinsights_sitenote_note":"","_monsterinsights_sitenote_category":0},"product_brand":[],"product_cat":[120],"product_tag":[],"class_list":{"0":"post-15182","1":"product","2":"type-product","3":"status-publish","4":"has-post-thumbnail","6":"product_cat-politica","8":"first","9":"instock","10":"taxable","11":"shipping-taxable","12":"purchasable","13":"product-type-simple"},"acf":{"autor":"DUBET, FRAN\u00c7OIS","codart":"841244881","libros-coleccion":"CLAVE INTELECTUAL","ediciones":"1","encuadernacion":"R\u00fastica","fecha_de_publicacion":"01\/11\/2021","novedad":"1","paginas":"121","subtitulo":"(AUNQUE DIGAMOS LO CONTRARIO)","orden":"0","portada":"0","idioma":"spa","editorial":[{"ID":6160,"post_author":"3","post_date":"2022-07-28 17:46:11","post_date_gmt":"2022-07-28 15:46:11","post_content":"","post_title":"CLAVE INTELECTUAL","post_excerpt":"","post_status":"publish","comment_status":"closed","ping_status":"closed","post_password":"","post_name":"clave-intelectual","to_ping":"","pinged":"","post_modified":"2022-07-28 17:46:11","post_modified_gmt":"2022-07-28 15:46:11","post_content_filtered":"","post_parent":0,"guid":"http:\/\/dev.claret.cat\/editorial\/clave-intelectual\/","menu_order":0,"post_type":"editorial","post_mime_type":"","comment_count":"0","filter":"raw"}],"autores-libros":[{"ID":156328,"post_author":"3","post_date":"2022-10-14 15:19:56","post_date_gmt":"2022-10-14 13:19:56","post_content":"","post_title":"FRAN\u00c7OIS DUBET","post_excerpt":"","post_status":"publish","comment_status":"closed","ping_status":"closed","post_password":"","post_name":"francois-dubet","to_ping":"","pinged":"","post_modified":"2022-10-14 15:19:56","post_modified_gmt":"2022-10-14 13:19:56","post_content_filtered":"","post_parent":0,"guid":"http:\/\/dev.claret.cat\/autor\/francois-dubet\/","menu_order":0,"post_type":"autor","post_mime_type":"","comment_count":"0","filter":"raw"}]},"aioseo_notices":[],"_links":{"self":[{"href":"https:\/\/www.claret.cat\/es\/wp-json\/wp\/v2\/product\/15182","targetHints":{"allow":["GET"]}}],"collection":[{"href":"https:\/\/www.claret.cat\/es\/wp-json\/wp\/v2\/product"}],"about":[{"href":"https:\/\/www.claret.cat\/es\/wp-json\/wp\/v2\/types\/product"}],"wp:featuredmedia":[{"embeddable":true,"href":"https:\/\/www.claret.cat\/es\/wp-json\/wp\/v2\/media\/64068"}],"wp:attachment":[{"href":"https:\/\/www.claret.cat\/es\/wp-json\/wp\/v2\/media?parent=15182"}],"wp:term":[{"taxonomy":"product_brand","embeddable":true,"href":"https:\/\/www.claret.cat\/es\/wp-json\/wp\/v2\/product_brand?post=15182"},{"taxonomy":"product_cat","embeddable":true,"href":"https:\/\/www.claret.cat\/es\/wp-json\/wp\/v2\/product_cat?post=15182"},{"taxonomy":"product_tag","embeddable":true,"href":"https:\/\/www.claret.cat\/es\/wp-json\/wp\/v2\/product_tag?post=15182"}],"curies":[{"name":"wp","href":"https:\/\/api.w.org\/{rel}","templated":true}]}}