{"id":15203,"date":"2022-10-01T23:01:22","date_gmt":"2022-10-01T21:01:22","guid":{"rendered":"http:\/\/dev.claret.cat\/producte\/els-arbres-de-lorgull\/"},"modified":"2023-10-06T10:42:31","modified_gmt":"2023-10-06T08:42:31","slug":"els-arbres-de-lorgull-9788412450316","status":"publish","type":"product","link":"https:\/\/www.claret.cat\/es\/libro\/els-arbres-de-lorgull-9788412450316\/","title":{"rendered":"ELS ARBRES DE L&#8217;ORGULL"},"content":{"rendered":"<p>Uns arbres ex\u00f2tics portats de l&#8217;\u00c0frica creixen dins les terres de la fam\u00edlia Vane a Cornualla. El seu aspecte fantasmag\u00f2ric atemoreix els habitants de la regi\u00f3, alhora que uns misteriosos personatges es reuneixen. Tot est\u00e0 a punt perqu\u00e8 es desencadeni el que no se sap si \u00e9s un relat polic\u00edac, una hist\u00f2ria fant\u00e0stica, una disquisici\u00f3 filos\u00f2fica o totes tres coses alhora. Amb el seu estil inconfusible, Chesterton mescla una hist\u00f2ria de detectius amb una dicotomia moral de primer ordre, una guerra a tres bandes entre superstici\u00f3, ci\u00e8ncia i sentit com\u00fa, i ho fa de forma enginyosa i divertida.<\/p>\n","protected":false},"excerpt":{"rendered":"<p>CHESTERTON, GILBERT KEITH<\/p>\n","protected":false},"featured_media":269664,"template":"","meta":{"_acf_changed":false,"om_disable_all_campaigns":false,"rs_blank_template":"","rs_page_bg_color":"","slide_template_v7":"","inline_featured_image":false,"_monsterinsights_skip_tracking":false,"_monsterinsights_sitenote_active":false,"_monsterinsights_sitenote_note":"","_monsterinsights_sitenote_category":0},"product_brand":[],"product_cat":[232,237],"product_tag":[],"class_list":{"0":"post-15203","1":"product","2":"type-product","3":"status-publish","4":"has-post-thumbnail","6":"product_cat-autors-espiritualitat","7":"product_cat-cami-de-perfeccionament","9":"first","10":"instock","11":"taxable","12":"shipping-taxable","13":"purchasable","14":"product-type-simple"},"acf":{"autor":"CHESTERTON, GILBERT KEITH","codart":"841245031","libros-coleccion":"FORA DE COL.LECCI\u00d3","ediciones":"1","encuadernacion":"R\u00fastica","fecha_de_publicacion":"01\/02\/2022","novedad":"1","paginas":"128","subtitulo":"","orden":"0","portada":"0","idioma":"cat","editorial":[{"ID":147880,"post_author":"3","post_date":"2022-10-14 11:53:55","post_date_gmt":"2022-10-14 09:53:55","post_content":"","post_title":"Edicions del Cr\u00e0ter","post_excerpt":"","post_status":"publish","comment_status":"closed","ping_status":"closed","post_password":"","post_name":"edicions-del-crater","to_ping":"","pinged":"","post_modified":"2022-10-14 11:53:55","post_modified_gmt":"2022-10-14 09:53:55","post_content_filtered":"","post_parent":0,"guid":"http:\/\/dev.claret.cat\/editorial\/edicions-del-crater\/","menu_order":0,"post_type":"editorial","post_mime_type":"","comment_count":"0","filter":"raw"}],"autores-libros":[{"ID":156882,"post_author":"3","post_date":"2022-10-14 15:24:23","post_date_gmt":"2022-10-14 13:24:23","post_content":"","post_title":"GILBERT KEITH CHESTERTON","post_excerpt":"","post_status":"publish","comment_status":"closed","ping_status":"closed","post_password":"","post_name":"gilbert-keith-chesterton","to_ping":"","pinged":"","post_modified":"2022-10-14 15:24:23","post_modified_gmt":"2022-10-14 13:24:23","post_content_filtered":"","post_parent":0,"guid":"http:\/\/dev.claret.cat\/autor\/gilbert-keith-chesterton\/","menu_order":0,"post_type":"autor","post_mime_type":"","comment_count":"0","filter":"raw"}]},"aioseo_notices":[],"_links":{"self":[{"href":"https:\/\/www.claret.cat\/es\/wp-json\/wp\/v2\/product\/15203","targetHints":{"allow":["GET"]}}],"collection":[{"href":"https:\/\/www.claret.cat\/es\/wp-json\/wp\/v2\/product"}],"about":[{"href":"https:\/\/www.claret.cat\/es\/wp-json\/wp\/v2\/types\/product"}],"wp:featuredmedia":[{"embeddable":true,"href":"https:\/\/www.claret.cat\/es\/wp-json\/wp\/v2\/media\/269664"}],"wp:attachment":[{"href":"https:\/\/www.claret.cat\/es\/wp-json\/wp\/v2\/media?parent=15203"}],"wp:term":[{"taxonomy":"product_brand","embeddable":true,"href":"https:\/\/www.claret.cat\/es\/wp-json\/wp\/v2\/product_brand?post=15203"},{"taxonomy":"product_cat","embeddable":true,"href":"https:\/\/www.claret.cat\/es\/wp-json\/wp\/v2\/product_cat?post=15203"},{"taxonomy":"product_tag","embeddable":true,"href":"https:\/\/www.claret.cat\/es\/wp-json\/wp\/v2\/product_tag?post=15203"}],"curies":[{"name":"wp","href":"https:\/\/api.w.org\/{rel}","templated":true}]}}