{"id":15257,"date":"2022-10-01T23:02:23","date_gmt":"2022-10-01T21:02:23","guid":{"rendered":"http:\/\/dev.claret.cat\/producte\/mujeres-solas\/"},"modified":"2023-10-06T09:34:45","modified_gmt":"2023-10-06T07:34:45","slug":"mujeres-solas-9788412455441","status":"publish","type":"product","link":"https:\/\/www.claret.cat\/es\/libro\/mujeres-solas-9788412455441\/","title":{"rendered":"MUJERES SOLAS"},"content":{"rendered":"<p>Por primera vez en espa\u00f1ol la novela ganadora del prestigioso Joryu Bungaku sho (Premio de literatura escrita por una mujer) en 1977.<br \/>Cinco mujeres, cinco vidas habitadas por el desasosiego, intentando librarse de los estrechos cors\u00e9s de una moral opresiva en una sociedad asfixiante y normativizada. Las protagonistas de Mujeres solas no son mujeres corrientes, o tal vez s\u00ed lo han sido, pero ahora, fracasadas las expectativas sociales puestas en ellas, comienzan a ser libres en esa b\u00fasqueda de un nuevo sentido m\u00e1s all\u00e1 de su pasado. S\u00f3lo ahora es cuando son capaces de desvelar sus deseos m\u00e1s \u00edntimos, rec\u00f3nditos y transgresores, en un entorno que les exige una existencia muda y relegada a un plano secundario.<br \/>Una joven llega a identificarse con el autor o la autora de una serie de incendios en escuelas y disfruta con la imagen de un fuego devorador. Una esposa decide poner en riesgo su vida perfecta y mon\u00f3tona tras el recuerdo de un amante ego\u00edsta que le hizo conocer la pasi\u00f3n y el sufrimiento. Una dependienta que teme a las multitudes observa at\u00f3nita c\u00f3mo una ni\u00f1a perversa roba en los grandes almacenes. Una viuda joven se ve impelida a revisar su breve vida conyugal arrastrada por unos sue\u00f1os premonitorios que cobran m\u00e1s presencia que su propia vida. Una anciana a la que la muerte le ha arrebatado sus seres queridos es asaltada por encuentros fortuitos con suicidas.<br \/>Crueldad, hipersensibilidad, fragilidad, desequilibrio, sexualidad, perversi\u00f3n y b\u00fasqueda del placer pueblan estas vidas que se entrecruzan en un magistral lienzo tejido con las diferentes formas de la soledad.<\/p>\n","protected":false},"excerpt":{"rendered":"<p>TAKAHASHI, TAKAKO<\/p>\n","protected":false},"featured_media":55237,"template":"","meta":{"_acf_changed":false,"om_disable_all_campaigns":false,"rs_blank_template":"","rs_page_bg_color":"","slide_template_v7":"","inline_featured_image":false,"_monsterinsights_skip_tracking":false,"_monsterinsights_sitenote_active":false,"_monsterinsights_sitenote_note":"","_monsterinsights_sitenote_category":0},"product_brand":[],"product_cat":[357],"product_tag":[],"class_list":{"0":"post-15257","1":"product","2":"type-product","3":"status-publish","4":"has-post-thumbnail","6":"product_cat-novela-contemporanea","8":"first","9":"instock","10":"taxable","11":"shipping-taxable","12":"purchasable","13":"product-type-simple"},"acf":{"autor":"TAKAHASHI, TAKAKO","codart":"841245544","libros-coleccion":"FORA DE COL.LECCI\u00d3","ediciones":"1","encuadernacion":"R\u00fastica","fecha_de_publicacion":"01\/04\/2022","novedad":"1","paginas":"192","subtitulo":"","orden":"0","portada":"0","idioma":"spa","editorial":[{"ID":148256,"post_author":"3","post_date":"2022-10-14 11:56:50","post_date_gmt":"2022-10-14 09:56:50","post_content":"","post_title":"HERMIDA EDITORES","post_excerpt":"","post_status":"publish","comment_status":"closed","ping_status":"closed","post_password":"","post_name":"hermida-editores","to_ping":"","pinged":"","post_modified":"2022-10-14 11:56:50","post_modified_gmt":"2022-10-14 09:56:50","post_content_filtered":"","post_parent":0,"guid":"http:\/\/dev.claret.cat\/editorial\/hermida-editores\/","menu_order":0,"post_type":"editorial","post_mime_type":"","comment_count":"0","filter":"raw"}],"autores-libros":[{"ID":170087,"post_author":"3","post_date":"2022-10-14 22:32:27","post_date_gmt":"2022-10-14 20:32:27","post_content":"","post_title":"TAKAKO TAKAHASHI","post_excerpt":"","post_status":"publish","comment_status":"closed","ping_status":"closed","post_password":"","post_name":"takako-takahashi","to_ping":"","pinged":"","post_modified":"2022-10-14 22:32:27","post_modified_gmt":"2022-10-14 20:32:27","post_content_filtered":"","post_parent":0,"guid":"http:\/\/dev.claret.cat\/autor\/takako-takahashi\/","menu_order":0,"post_type":"autor","post_mime_type":"","comment_count":"0","filter":"raw"}]},"aioseo_notices":[],"_links":{"self":[{"href":"https:\/\/www.claret.cat\/es\/wp-json\/wp\/v2\/product\/15257","targetHints":{"allow":["GET"]}}],"collection":[{"href":"https:\/\/www.claret.cat\/es\/wp-json\/wp\/v2\/product"}],"about":[{"href":"https:\/\/www.claret.cat\/es\/wp-json\/wp\/v2\/types\/product"}],"wp:featuredmedia":[{"embeddable":true,"href":"https:\/\/www.claret.cat\/es\/wp-json\/wp\/v2\/media\/55237"}],"wp:attachment":[{"href":"https:\/\/www.claret.cat\/es\/wp-json\/wp\/v2\/media?parent=15257"}],"wp:term":[{"taxonomy":"product_brand","embeddable":true,"href":"https:\/\/www.claret.cat\/es\/wp-json\/wp\/v2\/product_brand?post=15257"},{"taxonomy":"product_cat","embeddable":true,"href":"https:\/\/www.claret.cat\/es\/wp-json\/wp\/v2\/product_cat?post=15257"},{"taxonomy":"product_tag","embeddable":true,"href":"https:\/\/www.claret.cat\/es\/wp-json\/wp\/v2\/product_tag?post=15257"}],"curies":[{"name":"wp","href":"https:\/\/api.w.org\/{rel}","templated":true}]}}