{"id":1529,"date":"2022-07-27T20:48:54","date_gmt":"2022-07-27T18:48:54","guid":{"rendered":"http:\/\/dev.claret.cat\/producto\/sobre-la-religion-9788417185329\/"},"modified":"2024-04-22T11:26:47","modified_gmt":"2024-04-22T09:26:47","slug":"sobre-la-religion-9788417185329","status":"publish","type":"product","link":"https:\/\/www.claret.cat\/es\/libro\/sobre-la-religion-9788417185329\/","title":{"rendered":"SOBRE LA RELIGI\u00d3N"},"content":{"rendered":"<p>Como fil\u00f3sofo y disc\u00edpulo lejano e indigno de S\u00f3crates, que dedicaba su tiempo a buscar la esencia (ousia) de las reali\u00addades, me niego a hacerle beber cicuta por segunda vez. De este modo, me empe\u00f1o con \u00e9l en buscar qu\u00e9 hace que una religi\u00f3n sea lo que es y qu\u00e9 hace que los cristianos sean cristianos, los jud\u00edos jud\u00edos, los musulmanes musulmanes, etc. Esta esencia de las religiones puede llamarse dogm\u00e1tica, poco importa si \u00e9sta ha encontrado su formulaci\u00f3n expl\u00edcita o incluso obligatoria, o si sencillamente se presupone por la pr\u00e1ctica.<\/p>\n<p>En este libro, considero la religi\u00f3n en lo que dice sobre Dios y los hom\u00adbres, tomados en lo que les constituye como tales, es decir, la raz\u00f3n, y a continuaci\u00f3n sus v\u00ednculos con otros aspectos de lo hu\u00admano como el derecho o la pol\u00edtica, pero siempre con la preocu\u00adpaci\u00f3n de mostrar el modo en el que preserva o amenaza lo que preocupa especialmente al hombre actual, es decir, su libertad moral y su integridad f\u00edsica.<\/p>\n","protected":false},"excerpt":{"rendered":"<p>BRAGUE, R\u00c9MI<\/p>\n","protected":false},"featured_media":67102,"template":"","meta":{"_acf_changed":false,"om_disable_all_campaigns":false,"rs_blank_template":"","rs_page_bg_color":"","slide_template_v7":"","inline_featured_image":false,"_monsterinsights_skip_tracking":false,"_monsterinsights_sitenote_active":false,"_monsterinsights_sitenote_note":"","_monsterinsights_sitenote_category":0},"product_brand":[],"product_cat":[275,413],"product_tag":[],"class_list":{"0":"post-1529","1":"product","2":"type-product","3":"status-publish","4":"has-post-thumbnail","6":"product_cat-fonamental","7":"product_cat-fundamental","9":"first","10":"instock","11":"taxable","12":"shipping-taxable","13":"purchasable","14":"product-type-simple"},"acf":{"autor":"BRAGUE, R\u00c9MI","codart":"841718532","ediciones":"1","encuadernacion":"R\u00fastica","fecha_de_publicacion":"01\/10\/2019","novedad":"1","paginas":"218","subtitulo":"","orden":"0","portada":"0","idioma":"spa","libros-coleccion":"Didaskalos","autores-libros":[{"ID":5974,"post_author":"3","post_date":"2022-07-28 17:35:29","post_date_gmt":"2022-07-28 15:35:29","post_content":"","post_title":"R\u00c9MI BRAGUE","post_excerpt":"","post_status":"publish","comment_status":"closed","ping_status":"closed","post_password":"","post_name":"remi-brague","to_ping":"","pinged":"","post_modified":"2022-07-28 17:35:29","post_modified_gmt":"2022-07-28 15:35:29","post_content_filtered":"","post_parent":0,"guid":"http:\/\/dev.claret.cat\/autor\/remi-brague\/","menu_order":0,"post_type":"autor","post_mime_type":"","comment_count":"0","filter":"raw"}],"editorial":[{"ID":6184,"post_author":"3","post_date":"2022-07-28 17:46:42","post_date_gmt":"2022-07-28 15:46:42","post_content":"","post_title":"Didaskalos","post_excerpt":"","post_status":"publish","comment_status":"closed","ping_status":"closed","post_password":"","post_name":"didaskalos","to_ping":"","pinged":"","post_modified":"2022-07-28 17:46:42","post_modified_gmt":"2022-07-28 15:46:42","post_content_filtered":"","post_parent":0,"guid":"http:\/\/dev.claret.cat\/editorial\/didaskalos\/","menu_order":0,"post_type":"editorial","post_mime_type":"","comment_count":"0","filter":"raw"}]},"aioseo_notices":[],"_links":{"self":[{"href":"https:\/\/www.claret.cat\/es\/wp-json\/wp\/v2\/product\/1529","targetHints":{"allow":["GET"]}}],"collection":[{"href":"https:\/\/www.claret.cat\/es\/wp-json\/wp\/v2\/product"}],"about":[{"href":"https:\/\/www.claret.cat\/es\/wp-json\/wp\/v2\/types\/product"}],"wp:featuredmedia":[{"embeddable":true,"href":"https:\/\/www.claret.cat\/es\/wp-json\/wp\/v2\/media\/67102"}],"wp:attachment":[{"href":"https:\/\/www.claret.cat\/es\/wp-json\/wp\/v2\/media?parent=1529"}],"wp:term":[{"taxonomy":"product_brand","embeddable":true,"href":"https:\/\/www.claret.cat\/es\/wp-json\/wp\/v2\/product_brand?post=1529"},{"taxonomy":"product_cat","embeddable":true,"href":"https:\/\/www.claret.cat\/es\/wp-json\/wp\/v2\/product_cat?post=1529"},{"taxonomy":"product_tag","embeddable":true,"href":"https:\/\/www.claret.cat\/es\/wp-json\/wp\/v2\/product_tag?post=1529"}],"curies":[{"name":"wp","href":"https:\/\/api.w.org\/{rel}","templated":true}]}}