{"id":15296,"date":"2022-10-01T23:02:54","date_gmt":"2022-10-01T21:02:54","guid":{"rendered":"http:\/\/dev.claret.cat\/producte\/tenemos-que-hablar-de-putin\/"},"modified":"2023-10-06T09:11:46","modified_gmt":"2023-10-06T07:11:46","slug":"tenemos-que-hablar-de-putin-9788412457896","status":"publish","type":"product","link":"https:\/\/www.claret.cat\/es\/libro\/tenemos-que-hablar-de-putin-9788412457896\/","title":{"rendered":"TENEMOS QUE HABLAR DE PUTIN"},"content":{"rendered":"<p>\u00bfQui\u00e9n es el verdadero Vladimir Putin? \u00bfQu\u00e9 es lo que quiere? \u00bfY qu\u00e9 har\u00e1 a continuaci\u00f3n? <\/p>\n<p>A pesar de los millones de palabras que se han escrito sobre la Rusia de Putin, Occidente sigue sin comprender realmente a uno de los pol\u00edticos m\u00e1s poderosos del mundo, cuya influencia se extiende por todo el planeta y cuyas redes de poder llegan al coraz\u00f3n mismo de nuestra vida cotidiana.<\/p>\n<p>En este manual esencial, el profesor Mark Galeotti descubre al hombre detr\u00e1s del mito, abordando las principales percepciones err\u00f3neas sobre Putin y explicando c\u00f3mo podemos descifrar sus motivaciones y sus pr\u00f3ximos movimientos. Desde los inicios de Putin en el KGB y su verdadera relaci\u00f3n con los Estados Unidos hasta su visi\u00f3n del futuro de Rusia -y del mundo-, Galeotti se basa en nuevas fuentes rusas y en explosivos relatos in\u00e9ditos para ofrecer una visi\u00f3n sin precedentes del hombre que est\u00e1 en el coraz\u00f3n de la pol\u00edtica mundial.<\/p>\n","protected":false},"excerpt":{"rendered":"<p>GALEOTTI, MARK<\/p>\n","protected":false},"featured_media":53881,"template":"","meta":{"_acf_changed":false,"om_disable_all_campaigns":false,"rs_blank_template":"","rs_page_bg_color":"","slide_template_v7":"","inline_featured_image":false,"_monsterinsights_skip_tracking":false,"_monsterinsights_sitenote_active":false,"_monsterinsights_sitenote_note":"","_monsterinsights_sitenote_category":0},"product_brand":[],"product_cat":[368],"product_tag":[],"class_list":{"0":"post-15296","1":"product","2":"type-product","3":"status-publish","4":"has-post-thumbnail","6":"product_cat-contemporanea","8":"first","9":"instock","10":"taxable","11":"shipping-taxable","12":"purchasable","13":"product-type-simple"},"acf":{"autor":"GALEOTTI, MARK","codart":"841245789","libros-coleccion":"Ensayo","ediciones":"1","encuadernacion":"R\u00fastica","fecha_de_publicacion":"01\/05\/2022","novedad":"1","paginas":"128","subtitulo":"POR QU\u00c9 OCCIDENTE SE EQUIVOCA CON EL PRESIDENTE RUSO","orden":"0","portada":"0","idioma":"spa","editorial":[{"ID":6152,"post_author":"3","post_date":"2022-07-28 17:46:00","post_date_gmt":"2022-07-28 15:46:00","post_content":"","post_title":"Capitan swing","post_excerpt":"","post_status":"publish","comment_status":"closed","ping_status":"closed","post_password":"","post_name":"capitan-swing","to_ping":"","pinged":"","post_modified":"2022-07-28 17:46:00","post_modified_gmt":"2022-07-28 15:46:00","post_content_filtered":"","post_parent":0,"guid":"http:\/\/dev.claret.cat\/editorial\/capitan-swing\/","menu_order":0,"post_type":"editorial","post_mime_type":"","comment_count":"0","filter":"raw"}],"autores-libros":[{"ID":164067,"post_author":"3","post_date":"2022-10-14 17:44:05","post_date_gmt":"2022-10-14 15:44:05","post_content":"","post_title":"MARK GALEOTTI","post_excerpt":"","post_status":"publish","comment_status":"closed","ping_status":"closed","post_password":"","post_name":"mark-galeotti","to_ping":"","pinged":"","post_modified":"2022-10-14 17:44:05","post_modified_gmt":"2022-10-14 15:44:05","post_content_filtered":"","post_parent":0,"guid":"http:\/\/dev.claret.cat\/autor\/mark-galeotti\/","menu_order":0,"post_type":"autor","post_mime_type":"","comment_count":"0","filter":"raw"}]},"aioseo_notices":[],"_links":{"self":[{"href":"https:\/\/www.claret.cat\/es\/wp-json\/wp\/v2\/product\/15296","targetHints":{"allow":["GET"]}}],"collection":[{"href":"https:\/\/www.claret.cat\/es\/wp-json\/wp\/v2\/product"}],"about":[{"href":"https:\/\/www.claret.cat\/es\/wp-json\/wp\/v2\/types\/product"}],"wp:featuredmedia":[{"embeddable":true,"href":"https:\/\/www.claret.cat\/es\/wp-json\/wp\/v2\/media\/53881"}],"wp:attachment":[{"href":"https:\/\/www.claret.cat\/es\/wp-json\/wp\/v2\/media?parent=15296"}],"wp:term":[{"taxonomy":"product_brand","embeddable":true,"href":"https:\/\/www.claret.cat\/es\/wp-json\/wp\/v2\/product_brand?post=15296"},{"taxonomy":"product_cat","embeddable":true,"href":"https:\/\/www.claret.cat\/es\/wp-json\/wp\/v2\/product_cat?post=15296"},{"taxonomy":"product_tag","embeddable":true,"href":"https:\/\/www.claret.cat\/es\/wp-json\/wp\/v2\/product_tag?post=15296"}],"curies":[{"name":"wp","href":"https:\/\/api.w.org\/{rel}","templated":true}]}}