{"id":15305,"date":"2022-10-01T23:03:01","date_gmt":"2022-10-01T21:03:01","guid":{"rendered":"http:\/\/dev.claret.cat\/producte\/una-historia-breve-de-rusia\/"},"modified":"2023-10-06T09:11:33","modified_gmt":"2023-10-06T07:11:33","slug":"una-historia-breve-de-rusia-9788412457926","status":"publish","type":"product","link":"https:\/\/www.claret.cat\/es\/libro\/una-historia-breve-de-rusia-9788412457926\/","title":{"rendered":"UNA HISTORIA BREVE DE RUSIA"},"content":{"rendered":"<p>\u00bfPuede alguien entender realmente a Rusia? Uno de los principales expertos del mundo lo demuestra en este libro utilizando la fascinante historia de una naci\u00f3n para iluminar su futuro.&nbsp;&nbsp;Rusia es un pa\u00eds sin fronteras naturales, sin una etnia \u00fanica, sin una verdadera identidad central. En la encrucijada de Europa y Asia, es el &#8216;otro&#8217; de todos. Y, sin embargo, es una de las naciones m\u00e1s poderosas de la tierra, una pieza clave en la escena mundial con una rica historia de guerra y paz, poetas y revolucionarios.&nbsp;&nbsp;&nbsp;E n este recorrido esencial por la naci\u00f3n m\u00e1s incomprendida del mundo, Mark Galeotti nos lleva detr\u00e1s de los mitos hasta el coraz\u00f3n de la historia rusa: desde la formaci\u00f3n de una naci\u00f3n hasta sus primeras leyendas -incluyendo a Iv\u00e1n el Terrible y Catalina la Grande- hasta el ascenso y la ca\u00edda de los Romanov, la Revoluci\u00f3n Rusa, la Guerra Fr\u00eda, Chern\u00f3bil y el fin de la Uni\u00f3n Sovi\u00e9tica, adem\u00e1s de la llegada de un oscuro pol\u00edtico llamado Vladimir Putin.&nbsp;<br \/> propias de cada \u00e9poca y no del progreso de la raz\u00f3n.de una s\u00edntesis te\u00f3rica radical. Radical, no en el sentido extremi<\/p>\n","protected":false},"excerpt":{"rendered":"<p>GALEOTTI, MARK<\/p>\n","protected":false},"featured_media":54055,"template":"","meta":{"_acf_changed":false,"om_disable_all_campaigns":false,"rs_blank_template":"","rs_page_bg_color":"","slide_template_v7":"","inline_featured_image":false,"_monsterinsights_skip_tracking":false,"_monsterinsights_sitenote_active":false,"_monsterinsights_sitenote_note":"","_monsterinsights_sitenote_category":0},"product_brand":[],"product_cat":[429,370],"product_tag":[],"class_list":{"0":"post-15305","1":"product","2":"type-product","3":"status-publish","4":"has-post-thumbnail","6":"product_cat-el-mundo-actual","7":"product_cat-investigacion-y-corrientes","9":"first","10":"instock","11":"taxable","12":"shipping-taxable","13":"purchasable","14":"product-type-simple"},"acf":{"autor":"GALEOTTI, MARK","codart":"841245792","libros-coleccion":"POLIFONIAS","ediciones":"1","encuadernacion":"R\u00fastica","fecha_de_publicacion":"01\/05\/2022","novedad":"1","paginas":"176","subtitulo":"C\u00d3MO ENTENDER LA NACI\u00d3N M\u00c1S COMPLEJA DEL MUNDO","orden":"0","portada":"0","idioma":"spa","editorial":[{"ID":6152,"post_author":"3","post_date":"2022-07-28 17:46:00","post_date_gmt":"2022-07-28 15:46:00","post_content":"","post_title":"Capitan swing","post_excerpt":"","post_status":"publish","comment_status":"closed","ping_status":"closed","post_password":"","post_name":"capitan-swing","to_ping":"","pinged":"","post_modified":"2022-07-28 17:46:00","post_modified_gmt":"2022-07-28 15:46:00","post_content_filtered":"","post_parent":0,"guid":"http:\/\/dev.claret.cat\/editorial\/capitan-swing\/","menu_order":0,"post_type":"editorial","post_mime_type":"","comment_count":"0","filter":"raw"}],"autores-libros":[{"ID":164067,"post_author":"3","post_date":"2022-10-14 17:44:05","post_date_gmt":"2022-10-14 15:44:05","post_content":"","post_title":"MARK GALEOTTI","post_excerpt":"","post_status":"publish","comment_status":"closed","ping_status":"closed","post_password":"","post_name":"mark-galeotti","to_ping":"","pinged":"","post_modified":"2022-10-14 17:44:05","post_modified_gmt":"2022-10-14 15:44:05","post_content_filtered":"","post_parent":0,"guid":"http:\/\/dev.claret.cat\/autor\/mark-galeotti\/","menu_order":0,"post_type":"autor","post_mime_type":"","comment_count":"0","filter":"raw"}]},"aioseo_notices":[],"_links":{"self":[{"href":"https:\/\/www.claret.cat\/es\/wp-json\/wp\/v2\/product\/15305","targetHints":{"allow":["GET"]}}],"collection":[{"href":"https:\/\/www.claret.cat\/es\/wp-json\/wp\/v2\/product"}],"about":[{"href":"https:\/\/www.claret.cat\/es\/wp-json\/wp\/v2\/types\/product"}],"wp:featuredmedia":[{"embeddable":true,"href":"https:\/\/www.claret.cat\/es\/wp-json\/wp\/v2\/media\/54055"}],"wp:attachment":[{"href":"https:\/\/www.claret.cat\/es\/wp-json\/wp\/v2\/media?parent=15305"}],"wp:term":[{"taxonomy":"product_brand","embeddable":true,"href":"https:\/\/www.claret.cat\/es\/wp-json\/wp\/v2\/product_brand?post=15305"},{"taxonomy":"product_cat","embeddable":true,"href":"https:\/\/www.claret.cat\/es\/wp-json\/wp\/v2\/product_cat?post=15305"},{"taxonomy":"product_tag","embeddable":true,"href":"https:\/\/www.claret.cat\/es\/wp-json\/wp\/v2\/product_tag?post=15305"}],"curies":[{"name":"wp","href":"https:\/\/api.w.org\/{rel}","templated":true}]}}