{"id":15323,"date":"2022-10-01T23:03:16","date_gmt":"2022-10-01T21:03:16","guid":{"rendered":"http:\/\/dev.claret.cat\/producte\/como-santa-teresa-me-acompano-al-sufismo\/"},"modified":"2026-03-05T10:45:42","modified_gmt":"2026-03-05T09:45:42","slug":"como-santa-teresa-me-acompano-al-sufismo-9788415518938","status":"publish","type":"product","link":"https:\/\/www.claret.cat\/es\/libro\/como-santa-teresa-me-acompano-al-sufismo-9788415518938\/","title":{"rendered":"C\u00d3MO SANTA TERESA ME ACOMPA\u00d1\u00d3 AL SUFISMO"},"content":{"rendered":"<p>&#8216;\u00bfDe d\u00f3nde sale esta mujer?, se pregunta uno cuando lee estas p\u00e1ginas. \u00bfExistir\u00e1 realmente? \u00bfEs posible que hoy exista una mujer as\u00ed, en este mundo, en mi ciudad? (&#8230;). Todo en su prosa es confesi\u00f3n. La suya es una prosa po\u00e9tica, pero no porque escriba cosas bonitas o utilice palabras sagradas -que las dice, las utiliza-, sino porque est\u00e1 desnuda. (&#8230;).&#8217; del pr\u00f3logo de Pablo D&#8217;Ors.<\/p>\n","protected":false},"excerpt":{"rendered":"<p>HERRERO GIL, MARD\u00cdA<\/p>\n","protected":false},"featured_media":1088065,"template":"","meta":{"_acf_changed":false,"om_disable_all_campaigns":false,"rs_blank_template":"","rs_page_bg_color":"","slide_template_v7":"","inline_featured_image":false,"_monsterinsights_skip_tracking":false,"_monsterinsights_sitenote_active":false,"_monsterinsights_sitenote_note":"","_monsterinsights_sitenote_category":0},"product_brand":[],"product_cat":[345,79,544,94],"product_tag":[],"class_list":{"0":"post-15323","1":"product","2":"type-product","3":"status-publish","4":"has-post-thumbnail","6":"product_cat-espiritualidad","7":"product_cat-espiritualitat","8":"product_cat-religiones","9":"product_cat-religions","11":"first","12":"instock","13":"taxable","14":"shipping-taxable","15":"purchasable","16":"product-type-simple"},"acf":{"autor":"HERRERO GIL, MARD\u00cdA","codart":"841551893","libros-coleccion":"Fragmentos","ediciones":"1","encuadernacion":"R\u00fastica","fecha_de_publicacion":"01\/10\/2018","novedad":"1","paginas":"122","subtitulo":"","orden":"0","portada":"0","idioma":"spa","editorial":[{"ID":6258,"post_author":"3","post_date":"2022-07-28 17:48:20","post_date_gmt":"2022-07-28 15:48:20","post_content":"","post_title":"FRAGMENTA EDITORIAL","post_excerpt":"","post_status":"publish","comment_status":"closed","ping_status":"closed","post_password":"","post_name":"fragmenta-editorial","to_ping":"","pinged":"","post_modified":"2022-07-28 17:48:20","post_modified_gmt":"2022-07-28 15:48:20","post_content_filtered":"","post_parent":0,"guid":"http:\/\/dev.claret.cat\/editorial\/fragmenta-editorial\/","menu_order":0,"post_type":"editorial","post_mime_type":"","comment_count":"0","filter":"raw"}],"autores-libros":[{"ID":163444,"post_author":"3","post_date":"2022-10-14 17:39:05","post_date_gmt":"2022-10-14 15:39:05","post_content":"","post_title":"MARD\u00cdA HERRERO","post_excerpt":"","post_status":"publish","comment_status":"closed","ping_status":"closed","post_password":"","post_name":"mardia-herrero","to_ping":"","pinged":"","post_modified":"2022-10-14 17:39:05","post_modified_gmt":"2022-10-14 15:39:05","post_content_filtered":"","post_parent":0,"guid":"http:\/\/dev.claret.cat\/autor\/mardia-herrero\/","menu_order":0,"post_type":"autor","post_mime_type":"","comment_count":"0","filter":"raw"}],"booktrailer":"","resenas":""},"aioseo_notices":[],"_links":{"self":[{"href":"https:\/\/www.claret.cat\/es\/wp-json\/wp\/v2\/product\/15323","targetHints":{"allow":["GET"]}}],"collection":[{"href":"https:\/\/www.claret.cat\/es\/wp-json\/wp\/v2\/product"}],"about":[{"href":"https:\/\/www.claret.cat\/es\/wp-json\/wp\/v2\/types\/product"}],"wp:featuredmedia":[{"embeddable":true,"href":"https:\/\/www.claret.cat\/es\/wp-json\/wp\/v2\/media\/1088065"}],"wp:attachment":[{"href":"https:\/\/www.claret.cat\/es\/wp-json\/wp\/v2\/media?parent=15323"}],"wp:term":[{"taxonomy":"product_brand","embeddable":true,"href":"https:\/\/www.claret.cat\/es\/wp-json\/wp\/v2\/product_brand?post=15323"},{"taxonomy":"product_cat","embeddable":true,"href":"https:\/\/www.claret.cat\/es\/wp-json\/wp\/v2\/product_cat?post=15323"},{"taxonomy":"product_tag","embeddable":true,"href":"https:\/\/www.claret.cat\/es\/wp-json\/wp\/v2\/product_tag?post=15323"}],"curies":[{"name":"wp","href":"https:\/\/api.w.org\/{rel}","templated":true}]}}