{"id":15341,"date":"2022-10-01T23:03:33","date_gmt":"2022-10-01T21:03:33","guid":{"rendered":"http:\/\/dev.claret.cat\/producte\/conversa-amb-lluis-duch\/"},"modified":"2025-09-25T11:21:05","modified_gmt":"2025-09-25T09:21:05","slug":"conversa-amb-lluis-duch-9788415518990","status":"publish","type":"product","link":"https:\/\/www.claret.cat\/es\/libro\/conversa-amb-lluis-duch-9788415518990\/","title":{"rendered":"CONVERSA AMB LLU\u00cdS DUCH"},"content":{"rendered":"<p>L&#8217;obra de Llu\u00eds Duch \u00e9s molt extensa i abasta \u00e0mbits tem\u00e0tics i disciplinaris molt diferents: la religi\u00f3, la pol\u00edtica, l&#8217;\u00e8tica, la pedagogia, la fam\u00edlia, la ciutat, la vida quotidiana, la comunicaci\u00f3, les transmissions, la salut, el mite, el s\u00edmbol, el ritu&#8230; <br \/> En la conversa que avui recuperem, Llu\u00eds Duch repassa els seus anys de formaci\u00f3 a Alemanya, la seva doble dedicaci\u00f3 a la vida mon\u00e0stica i a la vida intel\u00b7lectual, les seves idees sobre l&#8217;homo religiosus, la condici\u00f3 ambigua i adverbial de l&#8217;\u00e9sser hum\u00e0, les \u00abestructures d&#8217;acollida\u00bb que desenvolupa a Religi\u00f3 i comunicaci\u00f3 i les grans intu\u00efcions desplega\u00addes a Religi\u00f3n y pol\u00edtica.<br \/> Desaparegut Llu\u00eds Duch el 10 de novembre del 2018, aquesta publicaci\u00f3 pret\u00e9n contribuir al coneixement d&#8217;una de les personalitats intel\u00b7lectuals m\u00e9s l\u00facides i suggerents dels nostres dies.<\/p>\n","protected":false},"excerpt":{"rendered":"<p>MORETA TUSQUETS, IGNASI \/ DUCH \u00c1LVAREZ, LLU\u00cdS<\/p>\n","protected":false},"featured_media":948080,"template":"","meta":{"_acf_changed":false,"om_disable_all_campaigns":false,"rs_blank_template":"","rs_page_bg_color":"","slide_template_v7":"","inline_featured_image":false,"_monsterinsights_skip_tracking":false,"_monsterinsights_sitenote_active":false,"_monsterinsights_sitenote_note":"","_monsterinsights_sitenote_category":0},"product_brand":[],"product_cat":[345,79,78,344],"product_tag":[],"class_list":{"0":"post-15341","1":"product","2":"type-product","3":"status-publish","4":"has-post-thumbnail","6":"product_cat-espiritualidad","7":"product_cat-espiritualitat","8":"product_cat-pastoral","9":"product_cat-pastoral-1_espiritualidad","11":"first","12":"instock","13":"taxable","14":"shipping-taxable","15":"purchasable","16":"product-type-simple"},"acf":{"autor":"MORETA TUSQUETS, IGNASI \/ DUCH \u00c1LVAREZ, LLU\u00cdS","codart":"841551899","libros-coleccion":"Assaig","ediciones":"1","encuadernacion":"R\u00fastica","fecha_de_publicacion":"01\/03\/2019","novedad":"0","paginas":"0","subtitulo":"RELIGI\u00d3, COMUNICACI\u00d3 I POL\u00cdTICA","orden":"0","portada":"0","idioma":"cat","editorial":[{"ID":6258,"post_author":"3","post_date":"2022-07-28 17:48:20","post_date_gmt":"2022-07-28 15:48:20","post_content":"","post_title":"FRAGMENTA EDITORIAL","post_excerpt":"","post_status":"publish","comment_status":"closed","ping_status":"closed","post_password":"","post_name":"fragmenta-editorial","to_ping":"","pinged":"","post_modified":"2022-07-28 17:48:20","post_modified_gmt":"2022-07-28 15:48:20","post_content_filtered":"","post_parent":0,"guid":"http:\/\/dev.claret.cat\/editorial\/fragmenta-editorial\/","menu_order":0,"post_type":"editorial","post_mime_type":"","comment_count":"0","filter":"raw"}],"autores-libros":[{"ID":157805,"post_author":"3","post_date":"2022-10-14 15:31:47","post_date_gmt":"2022-10-14 13:31:47","post_content":"","post_title":"IGNASI MORETA","post_excerpt":"","post_status":"publish","comment_status":"closed","ping_status":"closed","post_password":"","post_name":"ignasi-moreta","to_ping":"","pinged":"","post_modified":"2022-10-14 15:31:47","post_modified_gmt":"2022-10-14 13:31:47","post_content_filtered":"","post_parent":0,"guid":"http:\/\/dev.claret.cat\/autor\/ignasi-moreta\/","menu_order":0,"post_type":"autor","post_mime_type":"","comment_count":"0","filter":"raw"}],"booktrailer":"","resenas":""},"aioseo_notices":[],"_links":{"self":[{"href":"https:\/\/www.claret.cat\/es\/wp-json\/wp\/v2\/product\/15341","targetHints":{"allow":["GET"]}}],"collection":[{"href":"https:\/\/www.claret.cat\/es\/wp-json\/wp\/v2\/product"}],"about":[{"href":"https:\/\/www.claret.cat\/es\/wp-json\/wp\/v2\/types\/product"}],"wp:featuredmedia":[{"embeddable":true,"href":"https:\/\/www.claret.cat\/es\/wp-json\/wp\/v2\/media\/948080"}],"wp:attachment":[{"href":"https:\/\/www.claret.cat\/es\/wp-json\/wp\/v2\/media?parent=15341"}],"wp:term":[{"taxonomy":"product_brand","embeddable":true,"href":"https:\/\/www.claret.cat\/es\/wp-json\/wp\/v2\/product_brand?post=15341"},{"taxonomy":"product_cat","embeddable":true,"href":"https:\/\/www.claret.cat\/es\/wp-json\/wp\/v2\/product_cat?post=15341"},{"taxonomy":"product_tag","embeddable":true,"href":"https:\/\/www.claret.cat\/es\/wp-json\/wp\/v2\/product_tag?post=15341"}],"curies":[{"name":"wp","href":"https:\/\/api.w.org\/{rel}","templated":true}]}}